{"id":16883,"date":"2026-01-12T16:21:44","date_gmt":"2026-01-12T16:21:44","guid":{"rendered":"https:\/\/www.europesstore.com\/?post_type=product&#038;p=16883"},"modified":"2026-01-12T16:24:54","modified_gmt":"2026-01-12T16:24:54","slug":"keten-linen-breeze-elbise-l10066-limon-cicegi","status":"publish","type":"product","link":"https:\/\/www.europesstore.com\/en\/product\/keten-linen-breeze-elbise-l10066-limon-cicegi\/","title":{"rendered":"Keten Linen Breeze  Elbise L10066 &#8211; Limon \u00c7i\u00e7e\u011fi"},"content":{"rendered":"<p data-start=\"71\" data-end=\"563\"><strong data-start=\"74\" data-end=\"116\">Limon \u00c7i\u00e7e\u011fi \u00a0Keten Dokulu Desenli Yazl\u0131k Elbise<\/strong><br \/>\nDo\u011fal ketenin ferahlat\u0131c\u0131 dokusunu g\u00fcne\u015fin alt\u0131n \u0131\u015f\u0131lt\u0131s\u0131yla bulu\u015fturduk! Hafif, nefes alabilen ve kendine \u00f6zg\u00fc zarif k\u0131r\u0131\u015f\u0131kl\u0131klar\u0131yla \u00f6ne \u00e7\u0131kan %100 keten kuma\u015f, s\u0131cak g\u00fcnlerde bile serinlik ve konfor sa\u011flar. \u00dc\u00e7 katl\u0131 volan ete\u011fi ve rahat balon kollar\u0131yla \u00f6zg\u00fcr bir siluet sunan oversize kesim, hem \u015fehir gezilerinde hem tatil ka\u00e7amaklar\u0131nda stilinizi tamamlar.<\/p>\n<p data-start=\"565\" data-end=\"642\">&#x2728; G\u00fcnl\u00fck kombinler, \u015fehir gezileri ve tatil stiliniz i\u00e7in m\u00fckemmel bir se\u00e7im.<\/p>\n<p class=\"selectable-text copyable-text x15bjb6t x1n2onr6\" dir=\"ltr\"><span class=\"selectable-text copyable-text xkrh14z\">\u00d6l\u00e7\u00fcler ,1-2<\/span><\/p>\n<p class=\"selectable-text copyable-text x15bjb6t x1n2onr6\" dir=\"ltr\"><span class=\"selectable-text copyable-text xkrh14z\">\u00dcst geni\u015flik 106 cm<\/span><\/p>\n<p class=\"selectable-text copyable-text x15bjb6t x1n2onr6\" dir=\"ltr\"><span class=\"selectable-text copyable-text xkrh14z\">Elbise boy 137 cm<\/span><\/p>\n<p class=\"selectable-text copyable-text x15bjb6t x1n2onr6\" dir=\"ltr\"><span class=\"selectable-text copyable-text xkrh14z\">Manken boy 1.70<\/span><\/p>","protected":false},"excerpt":{"rendered":"<p>Limon \u00c7i\u00e7e\u011fi \u00a0Keten Dokulu Desenli Yazl\u0131k Elbise Do\u011fal ketenin ferahlat\u0131c\u0131 dokusunu g\u00fcne\u015fin alt\u0131n \u0131\u015f\u0131lt\u0131s\u0131yla bulu\u015fturduk! Hafif, nefes alabilen ve kendine \u00f6zg\u00fc zarif k\u0131r\u0131\u015f\u0131kl\u0131klar\u0131yla \u00f6ne \u00e7\u0131kan %100 keten kuma\u015f, s\u0131cak g\u00fcnlerde bile serinlik ve konfor sa\u011flar. \u00dc\u00e7 katl\u0131 volan ete\u011fi ve rahat balon kollar\u0131yla \u00f6zg\u00fcr bir siluet sunan oversize kesim, hem \u015fehir gezilerinde hem tatil ka\u00e7amaklar\u0131nda [&hellip;]<\/p>","protected":false},"featured_media":16919,"comment_status":"open","ping_status":"closed","template":"","meta":[],"product_brand":[],"product_cat":[967,969],"product_tag":[],"class_list":{"0":"post-16883","1":"product","2":"type-product","3":"status-publish","4":"has-post-thumbnail","6":"product_cat-accessories","7":"product_cat-elbise","9":"first","10":"instock","11":"sale","12":"shipping-taxable","13":"purchasable","14":"product-type-variable"},"jetpack_sharing_enabled":true,"_links":{"self":[{"href":"https:\/\/www.europesstore.com\/en\/wp-json\/wp\/v2\/product\/16883","targetHints":{"allow":["GET"]}}],"collection":[{"href":"https:\/\/www.europesstore.com\/en\/wp-json\/wp\/v2\/product"}],"about":[{"href":"https:\/\/www.europesstore.com\/en\/wp-json\/wp\/v2\/types\/product"}],"replies":[{"embeddable":true,"href":"https:\/\/www.europesstore.com\/en\/wp-json\/wp\/v2\/comments?post=16883"}],"wp:featuredmedia":[{"embeddable":true,"href":"https:\/\/www.europesstore.com\/en\/wp-json\/wp\/v2\/media\/16919"}],"wp:attachment":[{"href":"https:\/\/www.europesstore.com\/en\/wp-json\/wp\/v2\/media?parent=16883"}],"wp:term":[{"taxonomy":"product_brand","embeddable":true,"href":"https:\/\/www.europesstore.com\/en\/wp-json\/wp\/v2\/product_brand?post=16883"},{"taxonomy":"product_cat","embeddable":true,"href":"https:\/\/www.europesstore.com\/en\/wp-json\/wp\/v2\/product_cat?post=16883"},{"taxonomy":"product_tag","embeddable":true,"href":"https:\/\/www.europesstore.com\/en\/wp-json\/wp\/v2\/product_tag?post=16883"}],"curies":[{"name":"wp","href":"https:\/\/api.w.org\/{rel}","templated":true}]}}