{"id":16884,"date":"2026-01-12T16:21:44","date_gmt":"2026-01-12T16:21:44","guid":{"rendered":"https:\/\/www.europesstore.com\/?post_type=product&#038;p=16884"},"modified":"2026-01-12T16:24:54","modified_gmt":"2026-01-12T16:24:54","slug":"solen-desen-cicek-elbise-l10067-bahar-cicegi","status":"publish","type":"product","link":"https:\/\/www.europesstore.com\/en\/product\/solen-desen-cicek-elbise-l10067-bahar-cicegi\/","title":{"rendered":"\u015e\u00f6len Desen \u00c7i\u00e7ek Elbise L10067 &#8211; Bahar \u00c7i\u00e7e\u011fi"},"content":{"rendered":"<p data-start=\"71\" data-end=\"563\"><strong data-start=\"74\" data-end=\"116\">\u015e\u00f6len Desen \u00c7i\u00e7ek Yazl\u0131k Elbise<\/strong><\/p>\n<p>Yumu\u015fak pembe, limon sar\u0131s\u0131, g\u00f6k mavisi ve lavanta tonlar\u0131n\u0131n zarif bir uyumla birle\u015fti\u011fi \u015f\u00f6len desen \u00e7i\u00e7ek deseni, enerjik ve ferah bir g\u00f6r\u00fcn\u00fcm sunuyor. Canl\u0131l\u0131\u011f\u0131 modern f\u0131r\u00e7a darbeleriyle yans\u0131t\u0131lan bu renk paleti, yaz\u0131n tazeli\u011fini ve bahar\u0131n ne\u015fesini tek par\u00e7ada hissettirir. G\u00fcnl\u00fck kombinlerden \u00f6zel davetlere kadar rahatl\u0131kla tercih edilebilecek zarif ve feminen bir dokunu\u015f katar..<\/p>\n<p data-start=\"565\" data-end=\"642\">&#x2728; G\u00fcnl\u00fck kombinler, \u015fehir gezileri ve tatil stiliniz i\u00e7in m\u00fckemmel bir se\u00e7im.<\/p>\n<p class=\"selectable-text copyable-text x15bjb6t x1n2onr6\" dir=\"ltr\"><span class=\"selectable-text copyable-text xkrh14z\">\u00d6l\u00e7\u00fcler ,1-2<\/span><br \/>\n<span class=\"selectable-text copyable-text xkrh14z\">Kuma\u015f : Modal\u00a0<\/span><\/p>\n<p class=\"selectable-text copyable-text x15bjb6t x1n2onr6\" dir=\"ltr\"><span class=\"selectable-text copyable-text xkrh14z\">\u00dcst geni\u015flik 106 cm<\/span><\/p>\n<p class=\"selectable-text copyable-text x15bjb6t x1n2onr6\" dir=\"ltr\"><span class=\"selectable-text copyable-text xkrh14z\">Elbise boy 137 cm<\/span><\/p>\n<p class=\"selectable-text copyable-text x15bjb6t x1n2onr6\" dir=\"ltr\"><span class=\"selectable-text copyable-text xkrh14z\">Manken boy 1.70<\/span><\/p>","protected":false},"excerpt":{"rendered":"<p>\u015e\u00f6len Desen \u00c7i\u00e7ek Yazl\u0131k Elbise Yumu\u015fak pembe, limon sar\u0131s\u0131, g\u00f6k mavisi ve lavanta tonlar\u0131n\u0131n zarif bir uyumla birle\u015fti\u011fi \u015f\u00f6len desen \u00e7i\u00e7ek deseni, enerjik ve ferah bir g\u00f6r\u00fcn\u00fcm sunuyor. Canl\u0131l\u0131\u011f\u0131 modern f\u0131r\u00e7a darbeleriyle yans\u0131t\u0131lan bu renk paleti, yaz\u0131n tazeli\u011fini ve bahar\u0131n ne\u015fesini tek par\u00e7ada hissettirir. G\u00fcnl\u00fck kombinlerden \u00f6zel davetlere kadar rahatl\u0131kla tercih edilebilecek zarif ve feminen [&hellip;]<\/p>","protected":false},"featured_media":16920,"comment_status":"open","ping_status":"closed","template":"","meta":[],"product_brand":[],"product_cat":[967,969],"product_tag":[],"class_list":{"0":"post-16884","1":"product","2":"type-product","3":"status-publish","4":"has-post-thumbnail","6":"product_cat-accessories","7":"product_cat-elbise","9":"first","10":"instock","11":"sale","12":"shipping-taxable","13":"purchasable","14":"product-type-variable"},"jetpack_sharing_enabled":true,"_links":{"self":[{"href":"https:\/\/www.europesstore.com\/en\/wp-json\/wp\/v2\/product\/16884","targetHints":{"allow":["GET"]}}],"collection":[{"href":"https:\/\/www.europesstore.com\/en\/wp-json\/wp\/v2\/product"}],"about":[{"href":"https:\/\/www.europesstore.com\/en\/wp-json\/wp\/v2\/types\/product"}],"replies":[{"embeddable":true,"href":"https:\/\/www.europesstore.com\/en\/wp-json\/wp\/v2\/comments?post=16884"}],"wp:featuredmedia":[{"embeddable":true,"href":"https:\/\/www.europesstore.com\/en\/wp-json\/wp\/v2\/media\/16920"}],"wp:attachment":[{"href":"https:\/\/www.europesstore.com\/en\/wp-json\/wp\/v2\/media?parent=16884"}],"wp:term":[{"taxonomy":"product_brand","embeddable":true,"href":"https:\/\/www.europesstore.com\/en\/wp-json\/wp\/v2\/product_brand?post=16884"},{"taxonomy":"product_cat","embeddable":true,"href":"https:\/\/www.europesstore.com\/en\/wp-json\/wp\/v2\/product_cat?post=16884"},{"taxonomy":"product_tag","embeddable":true,"href":"https:\/\/www.europesstore.com\/en\/wp-json\/wp\/v2\/product_tag?post=16884"}],"curies":[{"name":"wp","href":"https:\/\/api.w.org\/{rel}","templated":true}]}}