{"id":16885,"date":"2026-01-12T16:21:44","date_gmt":"2026-01-12T16:21:44","guid":{"rendered":"https:\/\/www.europesstore.com\/?post_type=product&#038;p=16885"},"modified":"2026-01-12T16:24:54","modified_gmt":"2026-01-12T16:24:54","slug":"rozi-miss-elbise-l10068-visne","status":"publish","type":"product","link":"https:\/\/www.europesstore.com\/en\/product\/rozi-miss-elbise-l10068-visne\/","title":{"rendered":"Rozi Miss Elbise L10068 &#8211; Vi\u015fne"},"content":{"rendered":"<p data-start=\"71\" data-end=\"563\">Derin lacivert zemin \u00fczerinde minik mercan ve \u015feftali tonlar\u0131nda \u00e7i\u00e7ek desenleriyle hareketlenen \u201cGece Vi\u015fnesi\u201d rengi, zarif ve romantik bir duru\u015f sergiler. Hem g\u00fcnd\u00fcz hem ak\u015fam kullan\u0131ma uygun bu renk, vintage esintili sofistike kombinler i\u00e7in m\u00fckemmel bir se\u00e7enek sunar. Ak\u0131c\u0131 kuma\u015f yap\u0131s\u0131yla rahatl\u0131\u011f\u0131 ve \u015f\u0131kl\u0131\u011f\u0131 bir arada hissettirir.<\/p>\n<p data-start=\"565\" data-end=\"642\">&#x2728; G\u00fcnl\u00fck kombinler, \u015fehir gezileri ve tatil stiliniz i\u00e7in m\u00fckemmel bir se\u00e7im.<\/p>\n<p class=\"selectable-text copyable-text x15bjb6t x1n2onr6\" dir=\"ltr\"><span class=\"selectable-text copyable-text xkrh14z\">\u00d6l\u00e7\u00fcler ,1-2<\/span><br \/>\n<span class=\"selectable-text copyable-text xkrh14z\">Kuma\u015f : Modal\u00a0<\/span><\/p>\n<p class=\"selectable-text copyable-text x15bjb6t x1n2onr6\" dir=\"ltr\"><span class=\"selectable-text copyable-text xkrh14z\">\u00dcst geni\u015flik 106 cm<\/span><\/p>\n<p class=\"selectable-text copyable-text x15bjb6t x1n2onr6\" dir=\"ltr\"><span class=\"selectable-text copyable-text xkrh14z\">Elbise boy 137 cm<\/span><\/p>\n<p class=\"selectable-text copyable-text x15bjb6t x1n2onr6\" dir=\"ltr\"><span class=\"selectable-text copyable-text xkrh14z\">Manken boy 1.70<\/span><\/p>","protected":false},"excerpt":{"rendered":"<p>Derin lacivert zemin \u00fczerinde minik mercan ve \u015feftali tonlar\u0131nda \u00e7i\u00e7ek desenleriyle hareketlenen \u201cGece Vi\u015fnesi\u201d rengi, zarif ve romantik bir duru\u015f sergiler. Hem g\u00fcnd\u00fcz hem ak\u015fam kullan\u0131ma uygun bu renk, vintage esintili sofistike kombinler i\u00e7in m\u00fckemmel bir se\u00e7enek sunar. Ak\u0131c\u0131 kuma\u015f yap\u0131s\u0131yla rahatl\u0131\u011f\u0131 ve \u015f\u0131kl\u0131\u011f\u0131 bir arada hissettirir. &#x2728; G\u00fcnl\u00fck kombinler, \u015fehir gezileri ve tatil stiliniz [&hellip;]<\/p>","protected":false},"featured_media":16921,"comment_status":"open","ping_status":"closed","template":"","meta":[],"product_brand":[],"product_cat":[967,969],"product_tag":[],"class_list":{"0":"post-16885","1":"product","2":"type-product","3":"status-publish","4":"has-post-thumbnail","6":"product_cat-accessories","7":"product_cat-elbise","9":"first","10":"outofstock","11":"sale","12":"shipping-taxable","13":"purchasable","14":"product-type-variable"},"jetpack_sharing_enabled":true,"_links":{"self":[{"href":"https:\/\/www.europesstore.com\/en\/wp-json\/wp\/v2\/product\/16885","targetHints":{"allow":["GET"]}}],"collection":[{"href":"https:\/\/www.europesstore.com\/en\/wp-json\/wp\/v2\/product"}],"about":[{"href":"https:\/\/www.europesstore.com\/en\/wp-json\/wp\/v2\/types\/product"}],"replies":[{"embeddable":true,"href":"https:\/\/www.europesstore.com\/en\/wp-json\/wp\/v2\/comments?post=16885"}],"wp:featuredmedia":[{"embeddable":true,"href":"https:\/\/www.europesstore.com\/en\/wp-json\/wp\/v2\/media\/16921"}],"wp:attachment":[{"href":"https:\/\/www.europesstore.com\/en\/wp-json\/wp\/v2\/media?parent=16885"}],"wp:term":[{"taxonomy":"product_brand","embeddable":true,"href":"https:\/\/www.europesstore.com\/en\/wp-json\/wp\/v2\/product_brand?post=16885"},{"taxonomy":"product_cat","embeddable":true,"href":"https:\/\/www.europesstore.com\/en\/wp-json\/wp\/v2\/product_cat?post=16885"},{"taxonomy":"product_tag","embeddable":true,"href":"https:\/\/www.europesstore.com\/en\/wp-json\/wp\/v2\/product_tag?post=16885"}],"curies":[{"name":"wp","href":"https:\/\/api.w.org\/{rel}","templated":true}]}}