{"id":16886,"date":"2026-01-12T16:21:44","date_gmt":"2026-01-12T16:21:44","guid":{"rendered":"https:\/\/www.europesstore.com\/?post_type=product&#038;p=16886"},"modified":"2026-01-12T16:24:54","modified_gmt":"2026-01-12T16:24:54","slug":"nora-elbise-l10069-papatya","status":"publish","type":"product","link":"https:\/\/www.europesstore.com\/en\/product\/nora-elbise-l10069-papatya\/","title":{"rendered":"Nora Elbise L10069 &#8211; Papatya"},"content":{"rendered":"<p data-start=\"71\" data-end=\"563\">Pastel tonlar\u0131n zarif birle\u015fimiyle tasarlanan Mint Papatya Elbise, beyaz zemin \u00fczerine serpi\u015ftirilmi\u015f mint ye\u015fili ve pudra \u00e7i\u00e7ekleriyle bahar\u0131n tazeli\u011fini yans\u0131t\u0131r. Hafif dokusu ve rahat kesimiyle g\u00fcnl\u00fck \u015f\u0131kl\u0131kta ve \u00f6zel g\u00fcnlerde kullan\u0131ma uygundur. Romantik \u00e7i\u00e7ek desenleriyle sade \u015f\u0131kl\u0131\u011f\u0131 sevenlere zarif bir alternatif sunar.<\/p>\n<p data-start=\"565\" data-end=\"642\">&#x2728; G\u00fcnl\u00fck kombinler, \u015fehir gezileri ve tatil stiliniz i\u00e7in m\u00fckemmel bir se\u00e7im.<\/p>\n<p class=\"selectable-text copyable-text x15bjb6t x1n2onr6\" dir=\"ltr\"><span class=\"selectable-text copyable-text xkrh14z\">\u00d6l\u00e7\u00fcler ,1-2<\/span><br \/>\n<span class=\"selectable-text copyable-text xkrh14z\">Kuma\u015f : Modal\u00a0<\/span><\/p>\n<p class=\"selectable-text copyable-text x15bjb6t x1n2onr6\" dir=\"ltr\"><span class=\"selectable-text copyable-text xkrh14z\">\u00dcst geni\u015flik 106 cm<\/span><\/p>\n<p class=\"selectable-text copyable-text x15bjb6t x1n2onr6\" dir=\"ltr\"><span class=\"selectable-text copyable-text xkrh14z\">Elbise boy 137 cm<\/span><\/p>\n<p class=\"selectable-text copyable-text x15bjb6t x1n2onr6\" dir=\"ltr\"><span class=\"selectable-text copyable-text xkrh14z\">Manken boy 1.70<\/span><\/p>","protected":false},"excerpt":{"rendered":"<p>Pastel tonlar\u0131n zarif birle\u015fimiyle tasarlanan Mint Papatya Elbise, beyaz zemin \u00fczerine serpi\u015ftirilmi\u015f mint ye\u015fili ve pudra \u00e7i\u00e7ekleriyle bahar\u0131n tazeli\u011fini yans\u0131t\u0131r. Hafif dokusu ve rahat kesimiyle g\u00fcnl\u00fck \u015f\u0131kl\u0131kta ve \u00f6zel g\u00fcnlerde kullan\u0131ma uygundur. Romantik \u00e7i\u00e7ek desenleriyle sade \u015f\u0131kl\u0131\u011f\u0131 sevenlere zarif bir alternatif sunar. &#x2728; G\u00fcnl\u00fck kombinler, \u015fehir gezileri ve tatil stiliniz i\u00e7in m\u00fckemmel bir se\u00e7im. \u00d6l\u00e7\u00fcler [&hellip;]<\/p>","protected":false},"featured_media":16922,"comment_status":"open","ping_status":"closed","template":"","meta":[],"product_brand":[],"product_cat":[967,969],"product_tag":[],"class_list":{"0":"post-16886","1":"product","2":"type-product","3":"status-publish","4":"has-post-thumbnail","6":"product_cat-accessories","7":"product_cat-elbise","9":"first","10":"outofstock","11":"sale","12":"shipping-taxable","13":"purchasable","14":"product-type-variable"},"jetpack_sharing_enabled":true,"_links":{"self":[{"href":"https:\/\/www.europesstore.com\/en\/wp-json\/wp\/v2\/product\/16886","targetHints":{"allow":["GET"]}}],"collection":[{"href":"https:\/\/www.europesstore.com\/en\/wp-json\/wp\/v2\/product"}],"about":[{"href":"https:\/\/www.europesstore.com\/en\/wp-json\/wp\/v2\/types\/product"}],"replies":[{"embeddable":true,"href":"https:\/\/www.europesstore.com\/en\/wp-json\/wp\/v2\/comments?post=16886"}],"wp:featuredmedia":[{"embeddable":true,"href":"https:\/\/www.europesstore.com\/en\/wp-json\/wp\/v2\/media\/16922"}],"wp:attachment":[{"href":"https:\/\/www.europesstore.com\/en\/wp-json\/wp\/v2\/media?parent=16886"}],"wp:term":[{"taxonomy":"product_brand","embeddable":true,"href":"https:\/\/www.europesstore.com\/en\/wp-json\/wp\/v2\/product_brand?post=16886"},{"taxonomy":"product_cat","embeddable":true,"href":"https:\/\/www.europesstore.com\/en\/wp-json\/wp\/v2\/product_cat?post=16886"},{"taxonomy":"product_tag","embeddable":true,"href":"https:\/\/www.europesstore.com\/en\/wp-json\/wp\/v2\/product_tag?post=16886"}],"curies":[{"name":"wp","href":"https:\/\/api.w.org\/{rel}","templated":true}]}}