{"id":16887,"date":"2026-01-12T16:21:45","date_gmt":"2026-01-12T16:21:45","guid":{"rendered":"https:\/\/www.europesstore.com\/?post_type=product&#038;p=16887"},"modified":"2026-01-12T16:24:54","modified_gmt":"2026-01-12T16:24:54","slug":"mozzi-elbise-l10070-kiraz","status":"publish","type":"product","link":"https:\/\/www.europesstore.com\/en\/product\/mozzi-elbise-l10070-kiraz\/","title":{"rendered":"Mozzi Elbise L10070 &#8211; Kiraz"},"content":{"rendered":"<p data-start=\"71\" data-end=\"563\">Krem zemin \u00fczerinde k\u0131rm\u0131z\u0131 ve ye\u015fil tonlar\u0131n\u0131n zarif bir uyumla birle\u015fti\u011fi \u201cK\u0131rm\u0131z\u0131 Leylak\u201d deseni, nostaljik bir bahar havas\u0131 ta\u015f\u0131r. Do\u011fal ve canl\u0131 renkleriyle hem g\u00fcnl\u00fck kullan\u0131m hem de \u00f6zel davetler i\u00e7in feminen bir \u015f\u0131kl\u0131k sunar. Ak\u0131c\u0131 kuma\u015f\u0131yla g\u00fcn boyu konforlu bir kullan\u0131m sa\u011flar.<\/p>\n<p data-start=\"565\" data-end=\"642\">&#x2728; G\u00fcnl\u00fck kombinler, \u015fehir gezileri ve tatil stiliniz i\u00e7in m\u00fckemmel bir se\u00e7im.<\/p>\n<p class=\"selectable-text copyable-text x15bjb6t x1n2onr6\" dir=\"ltr\"><span class=\"selectable-text copyable-text xkrh14z\">\u00d6l\u00e7\u00fcler ,1-2<\/span><br \/>\n<span class=\"selectable-text copyable-text xkrh14z\">Kuma\u015f : Modal\u00a0<\/span><\/p>\n<p class=\"selectable-text copyable-text x15bjb6t x1n2onr6\" dir=\"ltr\"><span class=\"selectable-text copyable-text xkrh14z\">\u00dcst geni\u015flik 106 cm<\/span><\/p>\n<p class=\"selectable-text copyable-text x15bjb6t x1n2onr6\" dir=\"ltr\"><span class=\"selectable-text copyable-text xkrh14z\">Elbise boy 137 cm<\/span><\/p>\n<p class=\"selectable-text copyable-text x15bjb6t x1n2onr6\" dir=\"ltr\"><span class=\"selectable-text copyable-text xkrh14z\">Manken boy 1.70<\/span><\/p>","protected":false},"excerpt":{"rendered":"<p>Krem zemin \u00fczerinde k\u0131rm\u0131z\u0131 ve ye\u015fil tonlar\u0131n\u0131n zarif bir uyumla birle\u015fti\u011fi \u201cK\u0131rm\u0131z\u0131 Leylak\u201d deseni, nostaljik bir bahar havas\u0131 ta\u015f\u0131r. Do\u011fal ve canl\u0131 renkleriyle hem g\u00fcnl\u00fck kullan\u0131m hem de \u00f6zel davetler i\u00e7in feminen bir \u015f\u0131kl\u0131k sunar. Ak\u0131c\u0131 kuma\u015f\u0131yla g\u00fcn boyu konforlu bir kullan\u0131m sa\u011flar. &#x2728; G\u00fcnl\u00fck kombinler, \u015fehir gezileri ve tatil stiliniz i\u00e7in m\u00fckemmel bir se\u00e7im. [&hellip;]<\/p>","protected":false},"featured_media":16923,"comment_status":"open","ping_status":"closed","template":"","meta":[],"product_brand":[],"product_cat":[967,969],"product_tag":[],"class_list":{"0":"post-16887","1":"product","2":"type-product","3":"status-publish","4":"has-post-thumbnail","6":"product_cat-accessories","7":"product_cat-elbise","9":"first","10":"instock","11":"sale","12":"shipping-taxable","13":"purchasable","14":"product-type-variable"},"jetpack_sharing_enabled":true,"_links":{"self":[{"href":"https:\/\/www.europesstore.com\/en\/wp-json\/wp\/v2\/product\/16887","targetHints":{"allow":["GET"]}}],"collection":[{"href":"https:\/\/www.europesstore.com\/en\/wp-json\/wp\/v2\/product"}],"about":[{"href":"https:\/\/www.europesstore.com\/en\/wp-json\/wp\/v2\/types\/product"}],"replies":[{"embeddable":true,"href":"https:\/\/www.europesstore.com\/en\/wp-json\/wp\/v2\/comments?post=16887"}],"wp:featuredmedia":[{"embeddable":true,"href":"https:\/\/www.europesstore.com\/en\/wp-json\/wp\/v2\/media\/16923"}],"wp:attachment":[{"href":"https:\/\/www.europesstore.com\/en\/wp-json\/wp\/v2\/media?parent=16887"}],"wp:term":[{"taxonomy":"product_brand","embeddable":true,"href":"https:\/\/www.europesstore.com\/en\/wp-json\/wp\/v2\/product_brand?post=16887"},{"taxonomy":"product_cat","embeddable":true,"href":"https:\/\/www.europesstore.com\/en\/wp-json\/wp\/v2\/product_cat?post=16887"},{"taxonomy":"product_tag","embeddable":true,"href":"https:\/\/www.europesstore.com\/en\/wp-json\/wp\/v2\/product_tag?post=16887"}],"curies":[{"name":"wp","href":"https:\/\/api.w.org\/{rel}","templated":true}]}}