{"id":16888,"date":"2026-01-12T16:21:45","date_gmt":"2026-01-12T16:21:45","guid":{"rendered":"https:\/\/www.europesstore.com\/?post_type=product&#038;p=16888"},"modified":"2026-01-12T16:24:54","modified_gmt":"2026-01-12T16:24:54","slug":"miressa-elbise-l10071-deniz-kopugu","status":"publish","type":"product","link":"https:\/\/www.europesstore.com\/en\/product\/miressa-elbise-l10071-deniz-kopugu\/","title":{"rendered":"Miressa Elbise L10071 &#8211; Deniz K\u00f6p\u00fc\u011f\u00fc"},"content":{"rendered":"<p data-start=\"71\" data-end=\"563\">Derin mavisi zemin \u00fczerine beyaz \u00e7i\u00e7ek desenleriyle i\u015flenmi\u015f bu renk, zarif ve asil bir g\u00f6r\u00fcn\u00fcm sunar. Deniz esintisini ve \u00e7i\u00e7eklerin romantizmini bir araya getiren tasar\u0131m, hem g\u00fcnl\u00fck kombinlerde hem de \u00f6zel davetlerde \u015f\u0131k bir alternatif olu\u015fturur. Ak\u0131\u015fkan kuma\u015f\u0131yla rahatl\u0131\u011f\u0131, yo\u011fun mavi tonuyla ise sofistike bir duru\u015fu bir arada hissettirir.<\/p>\n<p data-start=\"565\" data-end=\"642\">&#x2728; G\u00fcnl\u00fck kombinler, \u015fehir gezileri ve tatil stiliniz i\u00e7in m\u00fckemmel bir se\u00e7im.<\/p>\n<p class=\"selectable-text copyable-text x15bjb6t x1n2onr6\" dir=\"ltr\"><span class=\"selectable-text copyable-text xkrh14z\">\u00d6l\u00e7\u00fcler ,1-2<\/span><br \/>\n<span class=\"selectable-text copyable-text xkrh14z\">Kuma\u015f : Modal\u00a0<\/span><\/p>\n<p class=\"selectable-text copyable-text x15bjb6t x1n2onr6\" dir=\"ltr\"><span class=\"selectable-text copyable-text xkrh14z\">\u00dcst geni\u015flik 106 cm<\/span><\/p>\n<p class=\"selectable-text copyable-text x15bjb6t x1n2onr6\" dir=\"ltr\"><span class=\"selectable-text copyable-text xkrh14z\">Elbise boy 137 cm<\/span><\/p>\n<p class=\"selectable-text copyable-text x15bjb6t x1n2onr6\" dir=\"ltr\"><span class=\"selectable-text copyable-text xkrh14z\">Manken boy 1.70<\/span><\/p>","protected":false},"excerpt":{"rendered":"<p>Derin mavisi zemin \u00fczerine beyaz \u00e7i\u00e7ek desenleriyle i\u015flenmi\u015f bu renk, zarif ve asil bir g\u00f6r\u00fcn\u00fcm sunar. Deniz esintisini ve \u00e7i\u00e7eklerin romantizmini bir araya getiren tasar\u0131m, hem g\u00fcnl\u00fck kombinlerde hem de \u00f6zel davetlerde \u015f\u0131k bir alternatif olu\u015fturur. Ak\u0131\u015fkan kuma\u015f\u0131yla rahatl\u0131\u011f\u0131, yo\u011fun mavi tonuyla ise sofistike bir duru\u015fu bir arada hissettirir. &#x2728; G\u00fcnl\u00fck kombinler, \u015fehir gezileri ve [&hellip;]<\/p>","protected":false},"featured_media":16924,"comment_status":"open","ping_status":"closed","template":"","meta":[],"product_brand":[],"product_cat":[967,969],"product_tag":[],"class_list":{"0":"post-16888","1":"product","2":"type-product","3":"status-publish","4":"has-post-thumbnail","6":"product_cat-accessories","7":"product_cat-elbise","9":"first","10":"outofstock","11":"sale","12":"shipping-taxable","13":"purchasable","14":"product-type-variable"},"jetpack_sharing_enabled":true,"_links":{"self":[{"href":"https:\/\/www.europesstore.com\/en\/wp-json\/wp\/v2\/product\/16888","targetHints":{"allow":["GET"]}}],"collection":[{"href":"https:\/\/www.europesstore.com\/en\/wp-json\/wp\/v2\/product"}],"about":[{"href":"https:\/\/www.europesstore.com\/en\/wp-json\/wp\/v2\/types\/product"}],"replies":[{"embeddable":true,"href":"https:\/\/www.europesstore.com\/en\/wp-json\/wp\/v2\/comments?post=16888"}],"wp:featuredmedia":[{"embeddable":true,"href":"https:\/\/www.europesstore.com\/en\/wp-json\/wp\/v2\/media\/16924"}],"wp:attachment":[{"href":"https:\/\/www.europesstore.com\/en\/wp-json\/wp\/v2\/media?parent=16888"}],"wp:term":[{"taxonomy":"product_brand","embeddable":true,"href":"https:\/\/www.europesstore.com\/en\/wp-json\/wp\/v2\/product_brand?post=16888"},{"taxonomy":"product_cat","embeddable":true,"href":"https:\/\/www.europesstore.com\/en\/wp-json\/wp\/v2\/product_cat?post=16888"},{"taxonomy":"product_tag","embeddable":true,"href":"https:\/\/www.europesstore.com\/en\/wp-json\/wp\/v2\/product_tag?post=16888"}],"curies":[{"name":"wp","href":"https:\/\/api.w.org\/{rel}","templated":true}]}}