{"id":16889,"date":"2026-01-12T16:21:45","date_gmt":"2026-01-12T16:21:45","guid":{"rendered":"https:\/\/www.europesstore.com\/?post_type=product&#038;p=16889"},"modified":"2026-01-12T16:24:54","modified_gmt":"2026-01-12T16:24:54","slug":"banella-batik-desen-elbise-l10072-renk-firtinasi","status":"publish","type":"product","link":"https:\/\/www.europesstore.com\/en\/product\/banella-batik-desen-elbise-l10072-renk-firtinasi\/","title":{"rendered":"Banella Batik Desen Elbise L10072 &#8211; Renk F\u0131rt\u0131nas\u0131"},"content":{"rendered":"<p data-start=\"71\" data-end=\"563\">Canl\u0131 mor, k\u0131rm\u0131z\u0131, ye\u015fil ve sar\u0131 tonlar\u0131n\u0131n f\u0131r\u00e7a darbeleriyle birle\u015fti\u011fi \u201cRenk F\u0131rt\u0131nas\u0131\u201d, enerjik ve \u00f6zg\u00fcn bir tarz sunar. Soyut desenleriyle dikkat \u00e7eken bu tasar\u0131m, hem bohem hem de modern bir hava katar. Hareketli renk ge\u00e7i\u015fleri sayesinde tek par\u00e7ada iddial\u0131 ve sanatsal bir g\u00f6r\u00fcn\u00fcm sa\u011flar.<\/p>\n<p data-start=\"565\" data-end=\"642\">&#x2728; G\u00fcnl\u00fck kombinler, \u015fehir gezileri ve tatil stiliniz i\u00e7in m\u00fckemmel bir se\u00e7im.<\/p>\n<p class=\"selectable-text copyable-text x15bjb6t x1n2onr6\" dir=\"ltr\"><span class=\"selectable-text copyable-text xkrh14z\">\u00d6l\u00e7\u00fcler ,1-2<\/span><br \/>\n<span class=\"selectable-text copyable-text xkrh14z\">Kuma\u015f : Modal\u00a0<\/span><\/p>\n<p class=\"selectable-text copyable-text x15bjb6t x1n2onr6\" dir=\"ltr\"><span class=\"selectable-text copyable-text xkrh14z\">\u00dcst geni\u015flik 106 cm<\/span><\/p>\n<p class=\"selectable-text copyable-text x15bjb6t x1n2onr6\" dir=\"ltr\"><span class=\"selectable-text copyable-text xkrh14z\">Elbise boy 137 cm<\/span><\/p>\n<p class=\"selectable-text copyable-text x15bjb6t x1n2onr6\" dir=\"ltr\"><span class=\"selectable-text copyable-text xkrh14z\">Manken boy 1.70<\/span><\/p>","protected":false},"excerpt":{"rendered":"<p>Canl\u0131 mor, k\u0131rm\u0131z\u0131, ye\u015fil ve sar\u0131 tonlar\u0131n\u0131n f\u0131r\u00e7a darbeleriyle birle\u015fti\u011fi \u201cRenk F\u0131rt\u0131nas\u0131\u201d, enerjik ve \u00f6zg\u00fcn bir tarz sunar. Soyut desenleriyle dikkat \u00e7eken bu tasar\u0131m, hem bohem hem de modern bir hava katar. Hareketli renk ge\u00e7i\u015fleri sayesinde tek par\u00e7ada iddial\u0131 ve sanatsal bir g\u00f6r\u00fcn\u00fcm sa\u011flar. &#x2728; G\u00fcnl\u00fck kombinler, \u015fehir gezileri ve tatil stiliniz i\u00e7in m\u00fckemmel bir [&hellip;]<\/p>","protected":false},"featured_media":16932,"comment_status":"open","ping_status":"closed","template":"","meta":[],"product_brand":[],"product_cat":[967,969],"product_tag":[],"class_list":{"0":"post-16889","1":"product","2":"type-product","3":"status-publish","4":"has-post-thumbnail","6":"product_cat-accessories","7":"product_cat-elbise","9":"first","10":"outofstock","11":"sale","12":"shipping-taxable","13":"purchasable","14":"product-type-variable"},"jetpack_sharing_enabled":true,"_links":{"self":[{"href":"https:\/\/www.europesstore.com\/en\/wp-json\/wp\/v2\/product\/16889","targetHints":{"allow":["GET"]}}],"collection":[{"href":"https:\/\/www.europesstore.com\/en\/wp-json\/wp\/v2\/product"}],"about":[{"href":"https:\/\/www.europesstore.com\/en\/wp-json\/wp\/v2\/types\/product"}],"replies":[{"embeddable":true,"href":"https:\/\/www.europesstore.com\/en\/wp-json\/wp\/v2\/comments?post=16889"}],"wp:featuredmedia":[{"embeddable":true,"href":"https:\/\/www.europesstore.com\/en\/wp-json\/wp\/v2\/media\/16932"}],"wp:attachment":[{"href":"https:\/\/www.europesstore.com\/en\/wp-json\/wp\/v2\/media?parent=16889"}],"wp:term":[{"taxonomy":"product_brand","embeddable":true,"href":"https:\/\/www.europesstore.com\/en\/wp-json\/wp\/v2\/product_brand?post=16889"},{"taxonomy":"product_cat","embeddable":true,"href":"https:\/\/www.europesstore.com\/en\/wp-json\/wp\/v2\/product_cat?post=16889"},{"taxonomy":"product_tag","embeddable":true,"href":"https:\/\/www.europesstore.com\/en\/wp-json\/wp\/v2\/product_tag?post=16889"}],"curies":[{"name":"wp","href":"https:\/\/api.w.org\/{rel}","templated":true}]}}