{"id":16890,"date":"2026-01-12T16:21:45","date_gmt":"2026-01-12T16:21:45","guid":{"rendered":"https:\/\/www.europesstore.com\/?post_type=product&#038;p=16890"},"modified":"2026-01-12T16:25:06","modified_gmt":"2026-01-12T16:25:06","slug":"yaze-elbise-l10073-limonella","status":"publish","type":"product","link":"https:\/\/www.europesstore.com\/en\/product\/yaze-elbise-l10073-limonella\/","title":{"rendered":"Yaze Elbise L10073 &#8211; L\u0130monella"},"content":{"rendered":"<p data-start=\"71\" data-end=\"563\"><span style=\", inter, sans-serif;font-size: 13px;\"><span style=\"display: inline !important; float: none; font-style: normal; letter-spacing: normal; text-align: start; text-indent: 0px; text-transform: none;\">Zarafet ve konforu bir araya getiren bu \u00f6zel tasar\u0131m ile tan\u0131\u015f\u0131n. Her detay\u0131 \u00f6zenle d\u00fc\u015f\u00fcn\u00fclm\u00fc\u015f bu \u00fcr\u00fcn, \u015f\u0131kl\u0131\u011f\u0131n\u0131z\u0131 ve rahatl\u0131\u011f\u0131n\u0131z\u0131 \u00f6n planda tutar.\u00a0<\/span><\/span><br \/>\n<span style=\";--tw-border-opacity: 1; ;--tw-ring-offset-shadow: 0 0 #0000; --tw-ring-shadow: 0 0 #0000; --tw-rotate: 0; ;--tw-scale-x: 1; --tw-scale-y: 1; ;--tw-shadow: 0 0 #0000; --tw-skew-x: 0; --tw-skew-y: 0; --tw-translate-x: 0; --tw-translate-y: 0; font-weight: bolder; margin: 0px; padding: 0px;\">\u00dcst\u00fcn Kuma\u015f Kalitesi:<\/span>\u00a0Cildinize nazik bir dokunu\u015f sunan, nefes alabilen ve ipeksi yumu\u015fakl\u0131ktaki\u00a0<span style=\";--tw-border-opacity: 1; ;--tw-ring-offset-shadow: 0 0 #0000; --tw-ring-shadow: 0 0 #0000; --tw-rotate: 0; ;--tw-scale-x: 1; --tw-scale-y: 1; ;--tw-shadow: 0 0 #0000; --tw-skew-x: 0; --tw-skew-y: 0; --tw-translate-x: 0; --tw-translate-y: 0; font-weight: bolder; margin: 0px; padding: 0px;\">Mango Modal Kuma\u015f<\/span>\u00a0kullan\u0131larak \u00fcretilmi\u015ftir. Bu \u00f6zel kuma\u015f, g\u00fcn boyu s\u00fcren rahatl\u0131k ve hafiflik hissi sa\u011flar.<\/p>\n<ul style=\";--tw-border-opacity: 1; ;--tw-ring-offset-shadow: 0 0 #0000; --tw-ring-shadow: 0 0 #0000; --tw-rotate: 0; ;--tw-scale-x: 1; --tw-scale-y: 1; ;--tw-shadow: 0 0 #0000; --tw-skew-x: 0; --tw-skew-y: 0; --tw-translate-x: 0; --tw-translate-y: 0; , inter, sans-serif;font-size: 14px; font-style: normal; font-weight: 400; letter-spacing: normal; margin-bottom: 0px; margin-right: 0px; margin-top: 0px; padding: 0px; text-align: start; text-indent: 0px; text-transform: none;\">\n<li style=\";--tw-border-opacity: 1; ;--tw-ring-offset-shadow: 0 0 #0000; --tw-ring-shadow: 0 0 #0000; --tw-rotate: 0; ;--tw-scale-x: 1; --tw-scale-y: 1; ;--tw-shadow: 0 0 #0000; --tw-skew-x: 0; --tw-skew-y: 0; --tw-translate-x: 0; --tw-translate-y: 0; margin-bottom: 0px; margin-right: 0px; margin-top: 0px; padding: 0px;\">\n<p style=\"margin-left: 40px;\"><span style=\";--tw-border-opacity: 1; ;--tw-ring-offset-shadow: 0 0 #0000; --tw-ring-shadow: 0 0 #0000; --tw-rotate: 0; ;--tw-scale-x: 1; --tw-scale-y: 1; ;--tw-shadow: 0 0 #0000; --tw-skew-x: 0; --tw-skew-y: 0; --tw-translate-x: 0; --tw-translate-y: 0; font-weight: bolder; margin: 0px; padding: 0px;\">Modern ve Pratik Tasar\u0131m:<\/span>\u00a0\u015e\u0131kl\u0131\u011f\u0131 ve kullan\u0131m kolayl\u0131\u011f\u0131n\u0131 birle\u015ftiren\u00a0<span style=\";--tw-border-opacity: 1; ;--tw-ring-offset-shadow: 0 0 #0000; --tw-ring-shadow: 0 0 #0000; --tw-rotate: 0; ;--tw-scale-x: 1; --tw-scale-y: 1; ;--tw-shadow: 0 0 #0000; --tw-skew-x: 0; --tw-skew-y: 0; --tw-translate-x: 0; --tw-translate-y: 0; font-weight: bolder; margin: 0px; padding: 0px;\">\u00f6n\u00fc yar\u0131m d\u00fc\u011fmeli<\/span>\u00a0detay\u0131, \u00fcr\u00fcne modern bir hava katarken, giyip \u00e7\u0131karmay\u0131 da son derece pratik hale getirir.<\/p>\n<\/li>\n<li style=\";--tw-border-opacity: 1; ;--tw-ring-offset-shadow: 0 0 #0000; --tw-ring-shadow: 0 0 #0000; --tw-rotate: 0; ;--tw-scale-x: 1; --tw-scale-y: 1; ;--tw-shadow: 0 0 #0000; --tw-skew-x: 0; --tw-skew-y: 0; --tw-translate-x: 0; --tw-translate-y: 0; margin-bottom: 0px; margin-right: 0px; margin-top: 0px; padding: 0px;\">\n<p style=\"margin-left: 40px;\"><span style=\";--tw-border-opacity: 1; ;--tw-ring-offset-shadow: 0 0 #0000; --tw-ring-shadow: 0 0 #0000; --tw-rotate: 0; ;--tw-scale-x: 1; --tw-scale-y: 1; ;--tw-shadow: 0 0 #0000; --tw-skew-x: 0; --tw-skew-y: 0; --tw-translate-x: 0; --tw-translate-y: 0; font-weight: bolder; margin: 0px; padding: 0px;\">Konforlu ve \u015e\u0131k Bilekler:<\/span>\u00a0Hareket \u00f6zg\u00fcrl\u00fc\u011f\u00fcn\u00fcz\u00fc k\u0131s\u0131tlamayan ve zarif bir duru\u015f sa\u011flayan\u00a0<span style=\";--tw-border-opacity: 1; ;--tw-ring-offset-shadow: 0 0 #0000; --tw-ring-shadow: 0 0 #0000; --tw-rotate: 0; ;--tw-scale-x: 1; --tw-scale-y: 1; ;--tw-shadow: 0 0 #0000; --tw-skew-x: 0; --tw-skew-y: 0; --tw-translate-x: 0; --tw-translate-y: 0; font-weight: bolder; margin: 0px; padding: 0px;\">kol bilekleri lastikli<\/span>\u00a0yap\u0131s\u0131, hem konforlu bir oturu\u015f sunar hem de stilinize dinamizm katarak farkl\u0131 kullan\u0131m imkanlar\u0131 sunar.<\/p>\n<\/li>\n<\/ul>\n<p data-start=\"565\" data-end=\"642\">&#x2728; G\u00fcnl\u00fck kombinler, \u015fehir gezileri ve tatil stiliniz i\u00e7in m\u00fckemmel bir se\u00e7im.<\/p>\n<p class=\"selectable-text copyable-text x15bjb6t x1n2onr6\" dir=\"ltr\"><span class=\"selectable-text copyable-text xkrh14z\">\u00d6l\u00e7\u00fcler ,1-2<\/span><br \/>\n<span class=\"selectable-text copyable-text xkrh14z\">Kuma\u015f : Mango Modal\u00a0<\/span><\/p>\n<p class=\"selectable-text copyable-text x15bjb6t x1n2onr6\" dir=\"ltr\"><span class=\"selectable-text copyable-text xkrh14z\">\u00dcst geni\u015flik 106 cm<\/span><\/p>\n<p class=\"selectable-text copyable-text x15bjb6t x1n2onr6\" dir=\"ltr\"><span class=\"selectable-text copyable-text xkrh14z\">Elbise boy 137 cm<\/span><\/p>\n<p class=\"selectable-text copyable-text x15bjb6t x1n2onr6\" dir=\"ltr\"><span class=\"selectable-text copyable-text xkrh14z\">Manken boy 1.70<\/span><\/p>","protected":false},"excerpt":{"rendered":"<p>Zarafet ve konforu bir araya getiren bu \u00f6zel tasar\u0131m ile tan\u0131\u015f\u0131n. Her detay\u0131 \u00f6zenle d\u00fc\u015f\u00fcn\u00fclm\u00fc\u015f bu \u00fcr\u00fcn, \u015f\u0131kl\u0131\u011f\u0131n\u0131z\u0131 ve rahatl\u0131\u011f\u0131n\u0131z\u0131 \u00f6n planda tutar.\u00a0 \u00dcst\u00fcn Kuma\u015f Kalitesi:\u00a0Cildinize nazik bir dokunu\u015f sunan, nefes alabilen ve ipeksi yumu\u015fakl\u0131ktaki\u00a0Mango Modal Kuma\u015f\u00a0kullan\u0131larak \u00fcretilmi\u015ftir. Bu \u00f6zel kuma\u015f, g\u00fcn boyu s\u00fcren rahatl\u0131k ve hafiflik hissi sa\u011flar. Modern ve Pratik Tasar\u0131m:\u00a0\u015e\u0131kl\u0131\u011f\u0131 ve kullan\u0131m [&hellip;]<\/p>","protected":false},"featured_media":16933,"comment_status":"open","ping_status":"closed","template":"","meta":[],"product_brand":[],"product_cat":[967,969],"product_tag":[],"class_list":{"0":"post-16890","1":"product","2":"type-product","3":"status-publish","4":"has-post-thumbnail","6":"product_cat-accessories","7":"product_cat-elbise","9":"first","10":"outofstock","11":"sale","12":"shipping-taxable","13":"purchasable","14":"product-type-variable"},"jetpack_sharing_enabled":true,"_links":{"self":[{"href":"https:\/\/www.europesstore.com\/en\/wp-json\/wp\/v2\/product\/16890","targetHints":{"allow":["GET"]}}],"collection":[{"href":"https:\/\/www.europesstore.com\/en\/wp-json\/wp\/v2\/product"}],"about":[{"href":"https:\/\/www.europesstore.com\/en\/wp-json\/wp\/v2\/types\/product"}],"replies":[{"embeddable":true,"href":"https:\/\/www.europesstore.com\/en\/wp-json\/wp\/v2\/comments?post=16890"}],"wp:featuredmedia":[{"embeddable":true,"href":"https:\/\/www.europesstore.com\/en\/wp-json\/wp\/v2\/media\/16933"}],"wp:attachment":[{"href":"https:\/\/www.europesstore.com\/en\/wp-json\/wp\/v2\/media?parent=16890"}],"wp:term":[{"taxonomy":"product_brand","embeddable":true,"href":"https:\/\/www.europesstore.com\/en\/wp-json\/wp\/v2\/product_brand?post=16890"},{"taxonomy":"product_cat","embeddable":true,"href":"https:\/\/www.europesstore.com\/en\/wp-json\/wp\/v2\/product_cat?post=16890"},{"taxonomy":"product_tag","embeddable":true,"href":"https:\/\/www.europesstore.com\/en\/wp-json\/wp\/v2\/product_tag?post=16890"}],"curies":[{"name":"wp","href":"https:\/\/api.w.org\/{rel}","templated":true}]}}