{"id":16891,"date":"2026-01-12T16:21:45","date_gmt":"2026-01-12T16:21:45","guid":{"rendered":"https:\/\/www.europesstore.com\/?post_type=product&#038;p=16891"},"modified":"2026-01-12T16:25:06","modified_gmt":"2026-01-12T16:25:06","slug":"flora-serenade-ikili-takim-tk10074-narencik","status":"publish","type":"product","link":"https:\/\/www.europesstore.com\/en\/product\/flora-serenade-ikili-takim-tk10074-narencik\/","title":{"rendered":"Flora Serenade \u0130kili Tak\u0131m TK10074 &#8211; Narencik"},"content":{"rendered":"<p>Do\u011fal modal kuma\u015f dokusunun hafifli\u011fiyle bulu\u015fan <strong data-start=\"108\" data-end=\"138\" data-is-only-node=\"\">Flora Serenade \u0130kili Tak\u0131m<\/strong>, yaz\u0131n ferah ruhunu gard\u0131robunuza ta\u015f\u0131yor. Gri zemin \u00fczerine i\u015flenmi\u015f canl\u0131 pembe ve ye\u015fil \u00e7i\u00e7ek desenleri, romantik ve bohem bir g\u00f6r\u00fcn\u00fcm sunarken, rahat kesimiyle g\u00fcn boyu konfor sa\u011fl\u0131yor. Hem \u015fehirde hem tatil kombinlerinde kolayca uyum sa\u011flayan bu tak\u0131m, \u015f\u0131kl\u0131k ve rahatl\u0131\u011f\u0131 bir arada isteyenler i\u00e7in ideal.<\/p>\n<p data-start=\"578\" data-end=\"672\" data-is-last-node=\"\" data-is-only-node=\"\">G\u00fcn boyu konfor, uzun s\u00fcreli formunu koruyan kalite ve modern \u00e7izgiler\u2026 Hepsi tek bir tak\u0131mda!<\/p>\n<p>&#8211; Standart Beden<br \/>\n&#8211; Kuma\u015f : Modal<br \/>\n<span style=\", sans-serif;font-size: 13px;\"><span style=\"display: inline !important; float: none; font-style: normal; font-weight: 400; letter-spacing: normal; text-align: left; text-indent: 0px; text-transform: none;\">\u00dcst 68 &#8211; Pantolon 105 cm<\/span><\/span><\/p>\n<p>Bak\u0131m ve Y\u0131kama Talimat\u0131<\/p>\n<ul>\n<li data-start=\"1047\" data-end=\"1087\">\n<p data-start=\"1049\" data-end=\"1087\">30\u202f\u00b0C\u2019de hassas programda y\u0131kay\u0131n\u0131z.<\/p>\n<\/li>\n<li data-start=\"1088\" data-end=\"1152\">\n<p data-start=\"1090\" data-end=\"1152\">Benzer renklerle birlikte y\u0131kay\u0131n\u0131z, a\u011fart\u0131c\u0131 kullanmay\u0131n\u0131z.<\/p>\n<\/li>\n<li data-start=\"1153\" data-end=\"1216\">\n<p data-start=\"1155\" data-end=\"1216\">D\u00fc\u015f\u00fck \u0131s\u0131da tersten \u00fct\u00fcleyiniz; kurutma makinesi \u00f6nerilmez.<\/p>\n<\/li>\n<li data-start=\"1217\" data-end=\"1260\">\n<p data-start=\"1219\" data-end=\"1260\">Uzun \u00f6m\u00fcrl\u00fc kullan\u0131m i\u00e7in asarak kurutun.<\/p>\n<\/li>\n<\/ul>","protected":false},"excerpt":{"rendered":"<p>Do\u011fal modal kuma\u015f dokusunun hafifli\u011fiyle bulu\u015fan Flora Serenade \u0130kili Tak\u0131m, yaz\u0131n ferah ruhunu gard\u0131robunuza ta\u015f\u0131yor. Gri zemin \u00fczerine i\u015flenmi\u015f canl\u0131 pembe ve ye\u015fil \u00e7i\u00e7ek desenleri, romantik ve bohem bir g\u00f6r\u00fcn\u00fcm sunarken, rahat kesimiyle g\u00fcn boyu konfor sa\u011fl\u0131yor. Hem \u015fehirde hem tatil kombinlerinde kolayca uyum sa\u011flayan bu tak\u0131m, \u015f\u0131kl\u0131k ve rahatl\u0131\u011f\u0131 bir arada isteyenler i\u00e7in ideal. [&hellip;]<\/p>","protected":false},"featured_media":16934,"comment_status":"open","ping_status":"closed","template":"","meta":[],"product_brand":[],"product_cat":[967,970],"product_tag":[],"class_list":{"0":"post-16891","1":"product","2":"type-product","3":"status-publish","4":"has-post-thumbnail","6":"product_cat-accessories","7":"product_cat-takim","9":"first","10":"outofstock","11":"sale","12":"shipping-taxable","13":"purchasable","14":"product-type-variable"},"jetpack_sharing_enabled":true,"_links":{"self":[{"href":"https:\/\/www.europesstore.com\/en\/wp-json\/wp\/v2\/product\/16891","targetHints":{"allow":["GET"]}}],"collection":[{"href":"https:\/\/www.europesstore.com\/en\/wp-json\/wp\/v2\/product"}],"about":[{"href":"https:\/\/www.europesstore.com\/en\/wp-json\/wp\/v2\/types\/product"}],"replies":[{"embeddable":true,"href":"https:\/\/www.europesstore.com\/en\/wp-json\/wp\/v2\/comments?post=16891"}],"wp:featuredmedia":[{"embeddable":true,"href":"https:\/\/www.europesstore.com\/en\/wp-json\/wp\/v2\/media\/16934"}],"wp:attachment":[{"href":"https:\/\/www.europesstore.com\/en\/wp-json\/wp\/v2\/media?parent=16891"}],"wp:term":[{"taxonomy":"product_brand","embeddable":true,"href":"https:\/\/www.europesstore.com\/en\/wp-json\/wp\/v2\/product_brand?post=16891"},{"taxonomy":"product_cat","embeddable":true,"href":"https:\/\/www.europesstore.com\/en\/wp-json\/wp\/v2\/product_cat?post=16891"},{"taxonomy":"product_tag","embeddable":true,"href":"https:\/\/www.europesstore.com\/en\/wp-json\/wp\/v2\/product_tag?post=16891"}],"curies":[{"name":"wp","href":"https:\/\/api.w.org\/{rel}","templated":true}]}}