{"id":16907,"date":"2026-01-12T16:22:11","date_gmt":"2026-01-12T16:22:11","guid":{"rendered":"https:\/\/www.europesstore.com\/?post_type=product&#038;p=16907"},"modified":"2026-01-12T16:25:06","modified_gmt":"2026-01-12T16:25:06","slug":"norello-desen-elbise-l10082-mavi-eskiz","status":"publish","type":"product","link":"https:\/\/www.europesstore.com\/en\/product\/norello-desen-elbise-l10082-mavi-eskiz\/","title":{"rendered":"Norello Desen Elbise L10082 &#8211; Mavi Eskiz"},"content":{"rendered":"<p data-start=\"1799\" data-end=\"1944\">Saf beyaz zemin \u00fczerine yerle\u015ftirilen mavi eskiz \u00e7i\u00e7ek desenleriyle <strong data-start=\"116\" data-end=\"130\" data-is-only-node=\"\">Mavi Eskiz<\/strong>, klasik ama modern bir g\u00f6r\u00fcn\u00fcm sunar. Minimalist renk uyumu, ferahl\u0131k ve zarafeti bir araya getirirken, keten-pamuk dokusunun hafifli\u011fi yaz aylar\u0131nda konfor sa\u011flar. Hem g\u00fcnl\u00fck kombinlerde hem de \u00f6zel davetlerde rahatl\u0131kla kullan\u0131labilecek zamans\u0131z bir par\u00e7a.<\/p>\n<p>Kuma\u015f : \u00a0Modal<\/p>\n<p class=\"selectable-text copyable-text x15bjb6t x1n2onr6\" dir=\"ltr\"><span class=\"selectable-text copyable-text xkrh14z\">\u00d6l\u00e7\u00fcler, 1-2<\/span><\/p>\n<p class=\"selectable-text copyable-text x15bjb6t x1n2onr6\" dir=\"ltr\"><span class=\"selectable-text copyable-text xkrh14z\">\u00dcst geni\u015flik 106 cm<\/span><\/p>\n<p class=\"selectable-text copyable-text x15bjb6t x1n2onr6\" dir=\"ltr\"><span class=\"selectable-text copyable-text xkrh14z\">Elbise boy 137 cm<\/span><\/p>\n<p class=\"selectable-text copyable-text x15bjb6t x1n2onr6\" dir=\"ltr\"><span class=\"selectable-text copyable-text xkrh14z\">Manken boy 1.70<\/span><\/p>\n<p>Bak\u0131m Talimat\u0131<\/p>\n<p data-start=\"955\" data-end=\"1101\">30\u202f\u00b0C\u2019de hassas programda ters \u00e7evirerek y\u0131kay\u0131n\u0131z. D\u00fc\u015f\u00fck \u0131s\u0131da buharl\u0131 \u00fct\u00fcleyiniz. A\u011fart\u0131c\u0131 ve tamburlu kurutma kullanmay\u0131n\u0131z; g\u00f6lgede kurutunuz.<\/p>","protected":false},"excerpt":{"rendered":"<p>Saf beyaz zemin \u00fczerine yerle\u015ftirilen mavi eskiz \u00e7i\u00e7ek desenleriyle Mavi Eskiz, klasik ama modern bir g\u00f6r\u00fcn\u00fcm sunar. Minimalist renk uyumu, ferahl\u0131k ve zarafeti bir araya getirirken, keten-pamuk dokusunun hafifli\u011fi yaz aylar\u0131nda konfor sa\u011flar. Hem g\u00fcnl\u00fck kombinlerde hem de \u00f6zel davetlerde rahatl\u0131kla kullan\u0131labilecek zamans\u0131z bir par\u00e7a. Kuma\u015f : \u00a0Modal \u00d6l\u00e7\u00fcler, 1-2 \u00dcst geni\u015flik 106 cm Elbise [&hellip;]<\/p>","protected":false},"featured_media":16950,"comment_status":"open","ping_status":"closed","template":"","meta":[],"product_brand":[],"product_cat":[967,969],"product_tag":[],"class_list":{"0":"post-16907","1":"product","2":"type-product","3":"status-publish","4":"has-post-thumbnail","6":"product_cat-accessories","7":"product_cat-elbise","9":"first","10":"instock","11":"sale","12":"shipping-taxable","13":"purchasable","14":"product-type-variable"},"jetpack_sharing_enabled":true,"_links":{"self":[{"href":"https:\/\/www.europesstore.com\/en\/wp-json\/wp\/v2\/product\/16907","targetHints":{"allow":["GET"]}}],"collection":[{"href":"https:\/\/www.europesstore.com\/en\/wp-json\/wp\/v2\/product"}],"about":[{"href":"https:\/\/www.europesstore.com\/en\/wp-json\/wp\/v2\/types\/product"}],"replies":[{"embeddable":true,"href":"https:\/\/www.europesstore.com\/en\/wp-json\/wp\/v2\/comments?post=16907"}],"wp:featuredmedia":[{"embeddable":true,"href":"https:\/\/www.europesstore.com\/en\/wp-json\/wp\/v2\/media\/16950"}],"wp:attachment":[{"href":"https:\/\/www.europesstore.com\/en\/wp-json\/wp\/v2\/media?parent=16907"}],"wp:term":[{"taxonomy":"product_brand","embeddable":true,"href":"https:\/\/www.europesstore.com\/en\/wp-json\/wp\/v2\/product_brand?post=16907"},{"taxonomy":"product_cat","embeddable":true,"href":"https:\/\/www.europesstore.com\/en\/wp-json\/wp\/v2\/product_cat?post=16907"},{"taxonomy":"product_tag","embeddable":true,"href":"https:\/\/www.europesstore.com\/en\/wp-json\/wp\/v2\/product_tag?post=16907"}],"curies":[{"name":"wp","href":"https:\/\/api.w.org\/{rel}","templated":true}]}}