{"id":16912,"date":"2026-01-12T16:22:12","date_gmt":"2026-01-12T16:22:12","guid":{"rendered":"https:\/\/www.europesstore.com\/?post_type=product&#038;p=16912"},"modified":"2026-01-12T16:25:17","modified_gmt":"2026-01-12T16:25:17","slug":"lola-motif-desen-elbise-l10087-mavi-ruya","status":"publish","type":"product","link":"https:\/\/www.europesstore.com\/en\/product\/lola-motif-desen-elbise-l10087-mavi-ruya\/","title":{"rendered":"Lola Motif Desen Elbise L10087 &#8211; Mavi R\u00fcya"},"content":{"rendered":"<p data-start=\"154\" data-end=\"425\">Mavi tonundaki zemin \u00fczerine i\u015flenmi\u015f kabartmal\u0131 dokularla hareket kazanan <strong data-start=\"143\" data-end=\"164\" data-is-only-node=\"\">Saf Mavi R\u00fcya \u00a0Dokunu\u015f<\/strong>, zarif ve minimal bir g\u00f6r\u00fcn\u00fcm sunuyor. Yaz aylar\u0131n\u0131n ferah hissini yans\u0131tan bu ton, hem g\u00fcnl\u00fck kombinlerde hem de \u00f6zel g\u00fcnlerde \u015f\u0131k ve sade bir alternatif olarak \u00f6ne \u00e7\u0131k\u0131yor.<\/p>\n<p>30\u202f\u00b0C\u2019de hassas programda y\u0131kay\u0131n\u0131z. D\u00fc\u015f\u00fck \u0131s\u0131da \u00fct\u00fcleyiniz veya \u00fct\u00fcs\u00fcz do\u011fal dalgal\u0131 dokusuyla kullan\u0131n\u0131z. \u0130lk y\u0131kamada do\u011fal liflerin \u00e7ekme pay\u0131n\u0131 (\u2248\u202f%3\u20115) g\u00f6z \u00f6n\u00fcnde bulundurunuz. A\u011fart\u0131c\u0131 kullanmay\u0131n\u0131z; g\u00f6lgede kurutunuz.<\/p>\n<p>Kuma\u015f : Keten<\/p>\n<p class=\"selectable-text copyable-text x15bjb6t x1n2onr6\" dir=\"ltr\"><span class=\"selectable-text copyable-text xkrh14z\">\u00d6l\u00e7\u00fcler, 1-2\u00a0<\/span><\/p>\n<p class=\"selectable-text copyable-text x15bjb6t x1n2onr6\" dir=\"ltr\"><span class=\"selectable-text copyable-text xkrh14z\">\u00dcst geni\u015flik 106 cm<\/span><\/p>\n<p class=\"selectable-text copyable-text x15bjb6t x1n2onr6\" dir=\"ltr\"><span class=\"selectable-text copyable-text xkrh14z\">Elbise boy 137 cm<\/span><\/p>\n<p class=\"selectable-text copyable-text x15bjb6t x1n2onr6\" dir=\"ltr\"><span class=\"selectable-text copyable-text xkrh14z\">Manken boy 1.70<\/span><\/p>","protected":false},"excerpt":{"rendered":"<p>Mavi tonundaki zemin \u00fczerine i\u015flenmi\u015f kabartmal\u0131 dokularla hareket kazanan Saf Mavi R\u00fcya \u00a0Dokunu\u015f, zarif ve minimal bir g\u00f6r\u00fcn\u00fcm sunuyor. Yaz aylar\u0131n\u0131n ferah hissini yans\u0131tan bu ton, hem g\u00fcnl\u00fck kombinlerde hem de \u00f6zel g\u00fcnlerde \u015f\u0131k ve sade bir alternatif olarak \u00f6ne \u00e7\u0131k\u0131yor. 30\u202f\u00b0C\u2019de hassas programda y\u0131kay\u0131n\u0131z. D\u00fc\u015f\u00fck \u0131s\u0131da \u00fct\u00fcleyiniz veya \u00fct\u00fcs\u00fcz do\u011fal dalgal\u0131 dokusuyla kullan\u0131n\u0131z. \u0130lk [&hellip;]<\/p>","protected":false},"featured_media":16962,"comment_status":"open","ping_status":"closed","template":"","meta":[],"product_brand":[],"product_cat":[967,969],"product_tag":[],"class_list":{"0":"post-16912","1":"product","2":"type-product","3":"status-publish","4":"has-post-thumbnail","6":"product_cat-accessories","7":"product_cat-elbise","9":"first","10":"outofstock","11":"sale","12":"shipping-taxable","13":"purchasable","14":"product-type-variable"},"jetpack_sharing_enabled":true,"_links":{"self":[{"href":"https:\/\/www.europesstore.com\/en\/wp-json\/wp\/v2\/product\/16912","targetHints":{"allow":["GET"]}}],"collection":[{"href":"https:\/\/www.europesstore.com\/en\/wp-json\/wp\/v2\/product"}],"about":[{"href":"https:\/\/www.europesstore.com\/en\/wp-json\/wp\/v2\/types\/product"}],"replies":[{"embeddable":true,"href":"https:\/\/www.europesstore.com\/en\/wp-json\/wp\/v2\/comments?post=16912"}],"wp:featuredmedia":[{"embeddable":true,"href":"https:\/\/www.europesstore.com\/en\/wp-json\/wp\/v2\/media\/16962"}],"wp:attachment":[{"href":"https:\/\/www.europesstore.com\/en\/wp-json\/wp\/v2\/media?parent=16912"}],"wp:term":[{"taxonomy":"product_brand","embeddable":true,"href":"https:\/\/www.europesstore.com\/en\/wp-json\/wp\/v2\/product_brand?post=16912"},{"taxonomy":"product_cat","embeddable":true,"href":"https:\/\/www.europesstore.com\/en\/wp-json\/wp\/v2\/product_cat?post=16912"},{"taxonomy":"product_tag","embeddable":true,"href":"https:\/\/www.europesstore.com\/en\/wp-json\/wp\/v2\/product_tag?post=16912"}],"curies":[{"name":"wp","href":"https:\/\/api.w.org\/{rel}","templated":true}]}}