{"id":16913,"date":"2026-01-12T16:22:12","date_gmt":"2026-01-12T16:22:12","guid":{"rendered":"https:\/\/www.europesstore.com\/?post_type=product&#038;p=16913"},"modified":"2026-01-12T16:25:17","modified_gmt":"2026-01-12T16:25:17","slug":"forest-bloom-katli-elbise-l10088-okyanus-mavi","status":"publish","type":"product","link":"https:\/\/www.europesstore.com\/en\/product\/forest-bloom-katli-elbise-l10088-okyanus-mavi\/","title":{"rendered":"Forest Bloom Katl\u0131 Elbise L10088 &#8211; Okyanus Mavi"},"content":{"rendered":"<p data-start=\"71\" data-end=\"563\"><strong>Forest Bloom Katl\u0131 Elbise\u00a0<\/strong><\/p>\n<p>Do\u011fan\u0131n kalbinden ilham alan <em data-start=\"249\" data-end=\"263\"><i>Forest Bloom<\/i><\/em>, zeytin ye\u015fili ve toprak tonlar\u0131n\u0131n m\u00fckemmel uyumunu cesur \u00e7i\u00e7ek desenleriyle bulu\u015fturuyor. Hafif k\u0131r\u0131\u015f\u0131k dokusu ve sala\u015f kesimiyle g\u00fcn boyu rahatl\u0131k sunarken, g\u00fc\u00e7l\u00fc renk ge\u00e7i\u015fleriyle do\u011fal ama iddial\u0131 bir tarz yarat\u0131yor. Modern \u015fehirli kad\u0131n\u0131n, do\u011fayla kurdu\u011fu estetik ba\u011f\u0131n tam kar\u015f\u0131l\u0131\u011f\u0131. Sade de\u011fil, sofistike; s\u0131radan de\u011fil, karakter dolu.<\/p>\n<p class=\"selectable-text copyable-text x15bjb6t x1n2onr6\" dir=\"ltr\"><span class=\"selectable-text copyable-text xkrh14z\">\u00d6l\u00e7\u00fcler, 1\/2<\/span><\/p>\n<p class=\"selectable-text copyable-text x15bjb6t x1n2onr6\" dir=\"ltr\"><span class=\"selectable-text copyable-text xkrh14z\">\u00dcst geni\u015flik 106 cm<\/span><\/p>\n<p class=\"selectable-text copyable-text x15bjb6t x1n2onr6\" dir=\"ltr\"><span class=\"selectable-text copyable-text xkrh14z\">Elbise boy 137 cm<\/span><\/p>\n<p class=\"selectable-text copyable-text x15bjb6t x1n2onr6\" dir=\"ltr\"><span class=\"selectable-text copyable-text xkrh14z\">Manken boy 1.70<\/span><\/p>","protected":false},"excerpt":{"rendered":"<p>Forest Bloom Katl\u0131 Elbise\u00a0 Do\u011fan\u0131n kalbinden ilham alan Forest Bloom, zeytin ye\u015fili ve toprak tonlar\u0131n\u0131n m\u00fckemmel uyumunu cesur \u00e7i\u00e7ek desenleriyle bulu\u015fturuyor. Hafif k\u0131r\u0131\u015f\u0131k dokusu ve sala\u015f kesimiyle g\u00fcn boyu rahatl\u0131k sunarken, g\u00fc\u00e7l\u00fc renk ge\u00e7i\u015fleriyle do\u011fal ama iddial\u0131 bir tarz yarat\u0131yor. Modern \u015fehirli kad\u0131n\u0131n, do\u011fayla kurdu\u011fu estetik ba\u011f\u0131n tam kar\u015f\u0131l\u0131\u011f\u0131. Sade de\u011fil, sofistike; s\u0131radan de\u011fil, karakter [&hellip;]<\/p>","protected":false},"featured_media":16963,"comment_status":"open","ping_status":"closed","template":"","meta":[],"product_brand":[],"product_cat":[967,969],"product_tag":[],"class_list":{"0":"post-16913","1":"product","2":"type-product","3":"status-publish","4":"has-post-thumbnail","6":"product_cat-accessories","7":"product_cat-elbise","9":"first","10":"instock","11":"sale","12":"shipping-taxable","13":"purchasable","14":"product-type-variable"},"jetpack_sharing_enabled":true,"_links":{"self":[{"href":"https:\/\/www.europesstore.com\/en\/wp-json\/wp\/v2\/product\/16913","targetHints":{"allow":["GET"]}}],"collection":[{"href":"https:\/\/www.europesstore.com\/en\/wp-json\/wp\/v2\/product"}],"about":[{"href":"https:\/\/www.europesstore.com\/en\/wp-json\/wp\/v2\/types\/product"}],"replies":[{"embeddable":true,"href":"https:\/\/www.europesstore.com\/en\/wp-json\/wp\/v2\/comments?post=16913"}],"wp:featuredmedia":[{"embeddable":true,"href":"https:\/\/www.europesstore.com\/en\/wp-json\/wp\/v2\/media\/16963"}],"wp:attachment":[{"href":"https:\/\/www.europesstore.com\/en\/wp-json\/wp\/v2\/media?parent=16913"}],"wp:term":[{"taxonomy":"product_brand","embeddable":true,"href":"https:\/\/www.europesstore.com\/en\/wp-json\/wp\/v2\/product_brand?post=16913"},{"taxonomy":"product_cat","embeddable":true,"href":"https:\/\/www.europesstore.com\/en\/wp-json\/wp\/v2\/product_cat?post=16913"},{"taxonomy":"product_tag","embeddable":true,"href":"https:\/\/www.europesstore.com\/en\/wp-json\/wp\/v2\/product_tag?post=16913"}],"curies":[{"name":"wp","href":"https:\/\/api.w.org\/{rel}","templated":true}]}}