{"id":16915,"date":"2026-01-12T16:22:12","date_gmt":"2026-01-12T16:22:12","guid":{"rendered":"https:\/\/www.europesstore.com\/?post_type=product&#038;p=16915"},"modified":"2026-01-12T16:25:17","modified_gmt":"2026-01-12T16:25:17","slug":"bahar-masali-elbise-l10090-lavanta","status":"publish","type":"product","link":"https:\/\/www.europesstore.com\/en\/product\/bahar-masali-elbise-l10090-lavanta\/","title":{"rendered":"Bahar Masal\u0131 Elbise L10090 &#8211; Lavanta"},"content":{"rendered":"<p data-start=\"1799\" data-end=\"1944\">Pastel tonlar\u0131n romantik uyumuyla tasarlanm\u0131\u015f bu \u00e7i\u00e7ek desenli elbise, yaz aylar\u0131n\u0131n enerjisini ve zarafetini bir arada sunuyor. Lila, pembe ve mavi tonlar\u0131n yumu\u015fak ge\u00e7i\u015fleri, feminen bir g\u00f6r\u00fcn\u00fcm kazand\u0131r\u0131rken rahat kesimiyle g\u00fcn boyu konfor sa\u011fl\u0131yor. Hafif kuma\u015f\u0131 sayesinde s\u0131cak havalarda serin tutar ve g\u00fcnl\u00fck kombinlerden \u00f6zel davetlere kadar \u00e7ok y\u00f6nl\u00fc bir kullan\u0131m imk\u00e2n\u0131 sunar. Lila tonlar\u0131ndaki \u015fal detay\u0131yla da kusursuz bir uyum yakal\u0131yor.<\/p>\n<p>Kuma\u015f : \u00a0Modal<\/p>\n<p class=\"selectable-text copyable-text x15bjb6t x1n2onr6\" dir=\"ltr\"><span class=\"selectable-text copyable-text xkrh14z\">\u00d6l\u00e7\u00fcler, S-M- L-XL\u00a0<\/span><\/p>\n<p class=\"selectable-text copyable-text x15bjb6t x1n2onr6\" dir=\"ltr\"><span class=\"selectable-text copyable-text xkrh14z\">\u00dcst geni\u015flik 106 cm<\/span><\/p>\n<p class=\"selectable-text copyable-text x15bjb6t x1n2onr6\" dir=\"ltr\"><span class=\"selectable-text copyable-text xkrh14z\">Elbise boy 137 cm<\/span><\/p>\n<p class=\"selectable-text copyable-text x15bjb6t x1n2onr6\" dir=\"ltr\"><span class=\"selectable-text copyable-text xkrh14z\">Manken boy 1.70<\/span><\/p>\n<p>Bak\u0131m Talimat\u0131<\/p>\n<p data-start=\"955\" data-end=\"1101\">30\u202f\u00b0C\u2019de hassas programda ters \u00e7evirerek y\u0131kay\u0131n\u0131z. D\u00fc\u015f\u00fck \u0131s\u0131da buharl\u0131 \u00fct\u00fcleyiniz. A\u011fart\u0131c\u0131 ve tamburlu kurutma kullanmay\u0131n\u0131z; g\u00f6lgede kurutunuz.<\/p>","protected":false},"excerpt":{"rendered":"<p>Pastel tonlar\u0131n romantik uyumuyla tasarlanm\u0131\u015f bu \u00e7i\u00e7ek desenli elbise, yaz aylar\u0131n\u0131n enerjisini ve zarafetini bir arada sunuyor. Lila, pembe ve mavi tonlar\u0131n yumu\u015fak ge\u00e7i\u015fleri, feminen bir g\u00f6r\u00fcn\u00fcm kazand\u0131r\u0131rken rahat kesimiyle g\u00fcn boyu konfor sa\u011fl\u0131yor. Hafif kuma\u015f\u0131 sayesinde s\u0131cak havalarda serin tutar ve g\u00fcnl\u00fck kombinlerden \u00f6zel davetlere kadar \u00e7ok y\u00f6nl\u00fc bir kullan\u0131m imk\u00e2n\u0131 sunar. Lila tonlar\u0131ndaki [&hellip;]<\/p>","protected":false},"featured_media":16972,"comment_status":"open","ping_status":"closed","template":"","meta":[],"product_brand":[],"product_cat":[967,969],"product_tag":[],"class_list":{"0":"post-16915","1":"product","2":"type-product","3":"status-publish","4":"has-post-thumbnail","6":"product_cat-accessories","7":"product_cat-elbise","9":"first","10":"outofstock","11":"sale","12":"shipping-taxable","13":"purchasable","14":"product-type-variable"},"jetpack_sharing_enabled":true,"_links":{"self":[{"href":"https:\/\/www.europesstore.com\/en\/wp-json\/wp\/v2\/product\/16915","targetHints":{"allow":["GET"]}}],"collection":[{"href":"https:\/\/www.europesstore.com\/en\/wp-json\/wp\/v2\/product"}],"about":[{"href":"https:\/\/www.europesstore.com\/en\/wp-json\/wp\/v2\/types\/product"}],"replies":[{"embeddable":true,"href":"https:\/\/www.europesstore.com\/en\/wp-json\/wp\/v2\/comments?post=16915"}],"wp:featuredmedia":[{"embeddable":true,"href":"https:\/\/www.europesstore.com\/en\/wp-json\/wp\/v2\/media\/16972"}],"wp:attachment":[{"href":"https:\/\/www.europesstore.com\/en\/wp-json\/wp\/v2\/media?parent=16915"}],"wp:term":[{"taxonomy":"product_brand","embeddable":true,"href":"https:\/\/www.europesstore.com\/en\/wp-json\/wp\/v2\/product_brand?post=16915"},{"taxonomy":"product_cat","embeddable":true,"href":"https:\/\/www.europesstore.com\/en\/wp-json\/wp\/v2\/product_cat?post=16915"},{"taxonomy":"product_tag","embeddable":true,"href":"https:\/\/www.europesstore.com\/en\/wp-json\/wp\/v2\/product_tag?post=16915"}],"curies":[{"name":"wp","href":"https:\/\/api.w.org\/{rel}","templated":true}]}}