{"id":16925,"date":"2026-01-12T16:22:37","date_gmt":"2026-01-12T16:22:37","guid":{"rendered":"https:\/\/www.europesstore.com\/?post_type=product&#038;p=16925"},"modified":"2026-01-12T16:25:17","modified_gmt":"2026-01-12T16:25:17","slug":"rosalia-elbise-l10093-narencik","status":"publish","type":"product","link":"https:\/\/www.europesstore.com\/en\/product\/rosalia-elbise-l10093-narencik\/","title":{"rendered":"Rosalia Elbise L10093 &#8211; Narencik"},"content":{"rendered":"<p data-start=\"1799\" data-end=\"1944\">Do\u011fal krem tonlu zemin \u00fczerinde yer alan k\u0131rm\u0131z\u0131 ve petrol ye\u015fili \u00e7i\u00e7ek desenleriyle tasarlanm\u0131\u015f bu elbise, canl\u0131 ve enerjik bir g\u00f6r\u00fcn\u00fcm sunuyor. Rahat kesimi ve d\u00f6k\u00fcml\u00fc yap\u0131s\u0131 sayesinde g\u00fcn boyu konfor sa\u011flarken, modern \u00e7i\u00e7ek desenleriyle bahar ve yaz kombinlerine hareket kat\u0131yor. Hafif dokusu s\u0131cak havalarda ferahl\u0131k verir, sade \u015fallar ve n\u00f6tr aksesuarlarla kusursuz bir uyum olu\u015fturur.<\/p>\n<p>Kuma\u015f : \u00a0Modal<\/p>\n<p class=\"selectable-text copyable-text x15bjb6t x1n2onr6\" dir=\"ltr\"><span class=\"selectable-text copyable-text xkrh14z\">\u00d6l\u00e7\u00fcler, S-M- L-XL\u00a0<\/span><\/p>\n<p class=\"selectable-text copyable-text x15bjb6t x1n2onr6\" dir=\"ltr\"><span class=\"selectable-text copyable-text xkrh14z\">\u00dcst geni\u015flik 106 cm<\/span><\/p>\n<p class=\"selectable-text copyable-text x15bjb6t x1n2onr6\" dir=\"ltr\"><span class=\"selectable-text copyable-text xkrh14z\">Elbise boy 137 cm<\/span><\/p>\n<p class=\"selectable-text copyable-text x15bjb6t x1n2onr6\" dir=\"ltr\"><span class=\"selectable-text copyable-text xkrh14z\">Manken boy 1.70<\/span><\/p>\n<p>Bak\u0131m Talimat\u0131<\/p>\n<p data-start=\"955\" data-end=\"1101\">30\u202f\u00b0C\u2019de hassas programda ters \u00e7evirerek y\u0131kay\u0131n\u0131z. D\u00fc\u015f\u00fck \u0131s\u0131da buharl\u0131 \u00fct\u00fcleyiniz. A\u011fart\u0131c\u0131 ve tamburlu kurutma kullanmay\u0131n\u0131z; g\u00f6lgede kurutunuz.<\/p>","protected":false},"excerpt":{"rendered":"<p>Do\u011fal krem tonlu zemin \u00fczerinde yer alan k\u0131rm\u0131z\u0131 ve petrol ye\u015fili \u00e7i\u00e7ek desenleriyle tasarlanm\u0131\u015f bu elbise, canl\u0131 ve enerjik bir g\u00f6r\u00fcn\u00fcm sunuyor. Rahat kesimi ve d\u00f6k\u00fcml\u00fc yap\u0131s\u0131 sayesinde g\u00fcn boyu konfor sa\u011flarken, modern \u00e7i\u00e7ek desenleriyle bahar ve yaz kombinlerine hareket kat\u0131yor. Hafif dokusu s\u0131cak havalarda ferahl\u0131k verir, sade \u015fallar ve n\u00f6tr aksesuarlarla kusursuz bir uyum [&hellip;]<\/p>","protected":false},"featured_media":16975,"comment_status":"open","ping_status":"closed","template":"","meta":[],"product_brand":[],"product_cat":[967,969],"product_tag":[],"class_list":{"0":"post-16925","1":"product","2":"type-product","3":"status-publish","4":"has-post-thumbnail","6":"product_cat-accessories","7":"product_cat-elbise","9":"first","10":"instock","11":"sale","12":"shipping-taxable","13":"purchasable","14":"product-type-variable"},"jetpack_sharing_enabled":true,"_links":{"self":[{"href":"https:\/\/www.europesstore.com\/en\/wp-json\/wp\/v2\/product\/16925","targetHints":{"allow":["GET"]}}],"collection":[{"href":"https:\/\/www.europesstore.com\/en\/wp-json\/wp\/v2\/product"}],"about":[{"href":"https:\/\/www.europesstore.com\/en\/wp-json\/wp\/v2\/types\/product"}],"replies":[{"embeddable":true,"href":"https:\/\/www.europesstore.com\/en\/wp-json\/wp\/v2\/comments?post=16925"}],"wp:featuredmedia":[{"embeddable":true,"href":"https:\/\/www.europesstore.com\/en\/wp-json\/wp\/v2\/media\/16975"}],"wp:attachment":[{"href":"https:\/\/www.europesstore.com\/en\/wp-json\/wp\/v2\/media?parent=16925"}],"wp:term":[{"taxonomy":"product_brand","embeddable":true,"href":"https:\/\/www.europesstore.com\/en\/wp-json\/wp\/v2\/product_brand?post=16925"},{"taxonomy":"product_cat","embeddable":true,"href":"https:\/\/www.europesstore.com\/en\/wp-json\/wp\/v2\/product_cat?post=16925"},{"taxonomy":"product_tag","embeddable":true,"href":"https:\/\/www.europesstore.com\/en\/wp-json\/wp\/v2\/product_tag?post=16925"}],"curies":[{"name":"wp","href":"https:\/\/api.w.org\/{rel}","templated":true}]}}