{"id":16927,"date":"2026-01-12T16:22:37","date_gmt":"2026-01-12T16:22:37","guid":{"rendered":"https:\/\/www.europesstore.com\/?post_type=product&#038;p=16927"},"modified":"2026-01-12T16:25:29","modified_gmt":"2026-01-12T16:25:29","slug":"cicekyaz-elbise-l10095-altincicek","status":"publish","type":"product","link":"https:\/\/www.europesstore.com\/en\/product\/cicekyaz-elbise-l10095-altincicek\/","title":{"rendered":"\u00c7i\u00e7ekyaz Elbise L10095 &#8211; Alt\u0131n\u00e7i\u00e7ek"},"content":{"rendered":"<p data-start=\"24\" data-end=\"413\">G\u00fcne\u015fin s\u0131cak tonlar\u0131n\u0131 yans\u0131tan sar\u0131 zemin \u00fczerine pembe \u00e7i\u00e7ek desenleriyle tasarlanm\u0131\u015f bu elbise, yaz mevsiminin enerjisini stilinize ta\u015f\u0131yor. Hafif ve d\u00f6k\u00fcml\u00fc kuma\u015f\u0131yla deniz kenar\u0131 y\u00fcr\u00fcy\u00fc\u015flerinden g\u00fcnl\u00fck \u015fehir kombinlerine kadar rahatl\u0131k sunarken, pastel \u00e7i\u00e7ek tonlar\u0131yla feminen ve zarif bir g\u00f6r\u00fcn\u00fcm sa\u011fl\u0131yor. Plaj \u015fapkas\u0131 ya da pastel \u015fal gibi aksesuarlarla kolayca tamamlanabilir.<\/p>\n<p>Kuma\u015f : \u00a0Modal<\/p>\n<p class=\"selectable-text copyable-text x15bjb6t x1n2onr6\" dir=\"ltr\"><span class=\"selectable-text copyable-text xkrh14z\">\u00d6l\u00e7\u00fcler, S-M- L-XL\u00a0<\/span><\/p>\n<p class=\"selectable-text copyable-text x15bjb6t x1n2onr6\" dir=\"ltr\"><span class=\"selectable-text copyable-text xkrh14z\">\u00dcst geni\u015flik 106 cm<\/span><\/p>\n<p class=\"selectable-text copyable-text x15bjb6t x1n2onr6\" dir=\"ltr\"><span class=\"selectable-text copyable-text xkrh14z\">Elbise boy 137 cm<\/span><\/p>\n<p class=\"selectable-text copyable-text x15bjb6t x1n2onr6\" dir=\"ltr\"><span class=\"selectable-text copyable-text xkrh14z\">Manken boy 1.70<\/span><\/p>\n<p>Bak\u0131m Talimat\u0131<\/p>\n<p data-start=\"955\" data-end=\"1101\">30\u202f\u00b0C\u2019de hassas programda ters \u00e7evirerek y\u0131kay\u0131n\u0131z. D\u00fc\u015f\u00fck \u0131s\u0131da buharl\u0131 \u00fct\u00fcleyiniz. A\u011fart\u0131c\u0131 ve tamburlu kurutma kullanmay\u0131n\u0131z; g\u00f6lgede kurutunuz.<\/p>","protected":false},"excerpt":{"rendered":"<p>G\u00fcne\u015fin s\u0131cak tonlar\u0131n\u0131 yans\u0131tan sar\u0131 zemin \u00fczerine pembe \u00e7i\u00e7ek desenleriyle tasarlanm\u0131\u015f bu elbise, yaz mevsiminin enerjisini stilinize ta\u015f\u0131yor. Hafif ve d\u00f6k\u00fcml\u00fc kuma\u015f\u0131yla deniz kenar\u0131 y\u00fcr\u00fcy\u00fc\u015flerinden g\u00fcnl\u00fck \u015fehir kombinlerine kadar rahatl\u0131k sunarken, pastel \u00e7i\u00e7ek tonlar\u0131yla feminen ve zarif bir g\u00f6r\u00fcn\u00fcm sa\u011fl\u0131yor. Plaj \u015fapkas\u0131 ya da pastel \u015fal gibi aksesuarlarla kolayca tamamlanabilir. Kuma\u015f : \u00a0Modal \u00d6l\u00e7\u00fcler, S-M- [&hellip;]<\/p>","protected":false},"featured_media":16977,"comment_status":"open","ping_status":"closed","template":"","meta":[],"product_brand":[],"product_cat":[967,969],"product_tag":[],"class_list":{"0":"post-16927","1":"product","2":"type-product","3":"status-publish","4":"has-post-thumbnail","6":"product_cat-accessories","7":"product_cat-elbise","9":"first","10":"instock","11":"sale","12":"shipping-taxable","13":"purchasable","14":"product-type-variable"},"jetpack_sharing_enabled":true,"_links":{"self":[{"href":"https:\/\/www.europesstore.com\/en\/wp-json\/wp\/v2\/product\/16927","targetHints":{"allow":["GET"]}}],"collection":[{"href":"https:\/\/www.europesstore.com\/en\/wp-json\/wp\/v2\/product"}],"about":[{"href":"https:\/\/www.europesstore.com\/en\/wp-json\/wp\/v2\/types\/product"}],"replies":[{"embeddable":true,"href":"https:\/\/www.europesstore.com\/en\/wp-json\/wp\/v2\/comments?post=16927"}],"wp:featuredmedia":[{"embeddable":true,"href":"https:\/\/www.europesstore.com\/en\/wp-json\/wp\/v2\/media\/16977"}],"wp:attachment":[{"href":"https:\/\/www.europesstore.com\/en\/wp-json\/wp\/v2\/media?parent=16927"}],"wp:term":[{"taxonomy":"product_brand","embeddable":true,"href":"https:\/\/www.europesstore.com\/en\/wp-json\/wp\/v2\/product_brand?post=16927"},{"taxonomy":"product_cat","embeddable":true,"href":"https:\/\/www.europesstore.com\/en\/wp-json\/wp\/v2\/product_cat?post=16927"},{"taxonomy":"product_tag","embeddable":true,"href":"https:\/\/www.europesstore.com\/en\/wp-json\/wp\/v2\/product_tag?post=16927"}],"curies":[{"name":"wp","href":"https:\/\/api.w.org\/{rel}","templated":true}]}}