{"id":16938,"date":"2026-01-12T16:22:59","date_gmt":"2026-01-12T16:22:59","guid":{"rendered":"https:\/\/www.europesstore.com\/?post_type=product&#038;p=16938"},"modified":"2026-01-12T16:25:29","modified_gmt":"2026-01-12T16:25:29","slug":"lilaress-elbise-l100100-menekse","status":"publish","type":"product","link":"https:\/\/www.europesstore.com\/en\/product\/lilaress-elbise-l100100-menekse\/","title":{"rendered":"Lilaress Elbise L100100 &#8211; Menek\u015fe"},"content":{"rendered":"<p data-start=\"1799\" data-end=\"1944\">Pastel lila zemin \u00fczerine serpi\u015ftirilmi\u015f k\u0131rm\u0131z\u0131, turuncu ve mor \u00e7i\u00e7ek desenleriyle tasarlanan bu elbise, bahar\u0131n zarif enerjisini yans\u0131t\u0131yor. Hafif kuma\u015f\u0131 ve d\u00f6k\u00fcml\u00fc kesimiyle yaz ak\u015famlar\u0131nda rahatl\u0131k sunarken, romantik \u00e7i\u00e7ek detaylar\u0131yla hem g\u00fcnl\u00fck hem de \u00f6zel kombinlerde zarif bir g\u00f6r\u00fcn\u00fcm sa\u011flar. A\u00e7\u0131k renk \u015fallar ve sade aksesuarlarla kolayca tamamlanabilir.<\/p>\n<p>Kuma\u015f : \u00a0Modal<\/p>\n<p class=\"selectable-text copyable-text x15bjb6t x1n2onr6\" dir=\"ltr\"><span class=\"selectable-text copyable-text xkrh14z\">\u00d6l\u00e7\u00fcler, S-M- L-XL \/ 42-44-46-48-50<\/span><\/p>\n<p class=\"selectable-text copyable-text x15bjb6t x1n2onr6\" dir=\"ltr\"><span class=\"selectable-text copyable-text xkrh14z\">\u00dcst geni\u015flik 106 cm<\/span><\/p>\n<p class=\"selectable-text copyable-text x15bjb6t x1n2onr6\" dir=\"ltr\"><span class=\"selectable-text copyable-text xkrh14z\">Elbise boy 137 cm<\/span><\/p>\n<p class=\"selectable-text copyable-text x15bjb6t x1n2onr6\" dir=\"ltr\"><span class=\"selectable-text copyable-text xkrh14z\">Manken boy 1.70<\/span><\/p>\n<p>Bak\u0131m Talimat\u0131<\/p>\n<p data-start=\"955\" data-end=\"1101\">30\u202f\u00b0C\u2019de hassas programda ters \u00e7evirerek y\u0131kay\u0131n\u0131z. D\u00fc\u015f\u00fck \u0131s\u0131da buharl\u0131 \u00fct\u00fcleyiniz. A\u011fart\u0131c\u0131 ve tamburlu kurutma kullanmay\u0131n\u0131z; g\u00f6lgede kurutunuz.<\/p>","protected":false},"excerpt":{"rendered":"<p>Pastel lila zemin \u00fczerine serpi\u015ftirilmi\u015f k\u0131rm\u0131z\u0131, turuncu ve mor \u00e7i\u00e7ek desenleriyle tasarlanan bu elbise, bahar\u0131n zarif enerjisini yans\u0131t\u0131yor. Hafif kuma\u015f\u0131 ve d\u00f6k\u00fcml\u00fc kesimiyle yaz ak\u015famlar\u0131nda rahatl\u0131k sunarken, romantik \u00e7i\u00e7ek detaylar\u0131yla hem g\u00fcnl\u00fck hem de \u00f6zel kombinlerde zarif bir g\u00f6r\u00fcn\u00fcm sa\u011flar. A\u00e7\u0131k renk \u015fallar ve sade aksesuarlarla kolayca tamamlanabilir. Kuma\u015f : \u00a0Modal \u00d6l\u00e7\u00fcler, S-M- L-XL \/ [&hellip;]<\/p>","protected":false},"featured_media":16989,"comment_status":"open","ping_status":"closed","template":"","meta":[],"product_brand":[],"product_cat":[967,969],"product_tag":[],"class_list":{"0":"post-16938","1":"product","2":"type-product","3":"status-publish","4":"has-post-thumbnail","6":"product_cat-accessories","7":"product_cat-elbise","9":"first","10":"instock","11":"sale","12":"shipping-taxable","13":"purchasable","14":"product-type-variable"},"jetpack_sharing_enabled":true,"_links":{"self":[{"href":"https:\/\/www.europesstore.com\/en\/wp-json\/wp\/v2\/product\/16938","targetHints":{"allow":["GET"]}}],"collection":[{"href":"https:\/\/www.europesstore.com\/en\/wp-json\/wp\/v2\/product"}],"about":[{"href":"https:\/\/www.europesstore.com\/en\/wp-json\/wp\/v2\/types\/product"}],"replies":[{"embeddable":true,"href":"https:\/\/www.europesstore.com\/en\/wp-json\/wp\/v2\/comments?post=16938"}],"wp:featuredmedia":[{"embeddable":true,"href":"https:\/\/www.europesstore.com\/en\/wp-json\/wp\/v2\/media\/16989"}],"wp:attachment":[{"href":"https:\/\/www.europesstore.com\/en\/wp-json\/wp\/v2\/media?parent=16938"}],"wp:term":[{"taxonomy":"product_brand","embeddable":true,"href":"https:\/\/www.europesstore.com\/en\/wp-json\/wp\/v2\/product_brand?post=16938"},{"taxonomy":"product_cat","embeddable":true,"href":"https:\/\/www.europesstore.com\/en\/wp-json\/wp\/v2\/product_cat?post=16938"},{"taxonomy":"product_tag","embeddable":true,"href":"https:\/\/www.europesstore.com\/en\/wp-json\/wp\/v2\/product_tag?post=16938"}],"curies":[{"name":"wp","href":"https:\/\/api.w.org\/{rel}","templated":true}]}}