{"id":16940,"date":"2026-01-12T16:23:00","date_gmt":"2026-01-12T16:23:00","guid":{"rendered":"https:\/\/www.europesstore.com\/?post_type=product&#038;p=16940"},"modified":"2026-01-12T16:25:56","modified_gmt":"2026-01-12T16:25:56","slug":"rabella-elbise-l100102-vanilya-leylak","status":"publish","type":"product","link":"https:\/\/www.europesstore.com\/en\/product\/rabella-elbise-l100102-vanilya-leylak\/","title":{"rendered":"Rabella Elbise L100102 &#8211; Vanilya Leylak"},"content":{"rendered":"<p data-start=\"1799\" data-end=\"1944\">A\u00e7\u0131k krem zemin \u00fczerinde pembe, k\u0131rm\u0131z\u0131 ve mor tonlarda \u00e7i\u00e7ek desenleriyle tasarlanan bu elbise, romantik ve zarif bir g\u00f6r\u00fcn\u00fcm sunuyor. Hafif ve d\u00f6k\u00fcml\u00fc yap\u0131s\u0131 sayesinde g\u00fcn boyu rahatl\u0131k sa\u011flarken, pastel tonlar\u0131yla yaz mevsiminin ferahl\u0131\u011f\u0131n\u0131 yans\u0131t\u0131yor. G\u00fcnl\u00fck kombinlerden \u00f6zel bulu\u015fmalara kadar her ortamda \u015f\u0131k bir se\u00e7enek olarak \u00f6ne \u00e7\u0131k\u0131yor. A\u00e7\u0131k tonlu \u015fallar ve minimal aksesuarlarla kusursuz bir uyum yakalar.<\/p>\n<p>Kuma\u015f : \u00a0Modal<\/p>\n<p class=\"selectable-text copyable-text x15bjb6t x1n2onr6\" dir=\"ltr\"><span class=\"selectable-text copyable-text xkrh14z\">\u00d6l\u00e7\u00fcler, S-M- L-XL\u00a0<\/span><\/p>\n<p class=\"selectable-text copyable-text x15bjb6t x1n2onr6\" dir=\"ltr\"><span class=\"selectable-text copyable-text xkrh14z\">\u00dcst geni\u015flik 106 cm<\/span><\/p>\n<p class=\"selectable-text copyable-text x15bjb6t x1n2onr6\" dir=\"ltr\"><span class=\"selectable-text copyable-text xkrh14z\">Elbise boy 137 cm<\/span><\/p>\n<p class=\"selectable-text copyable-text x15bjb6t x1n2onr6\" dir=\"ltr\"><span class=\"selectable-text copyable-text xkrh14z\">Manken boy 1.70<\/span><\/p>\n<p>Bak\u0131m Talimat\u0131<\/p>\n<p data-start=\"955\" data-end=\"1101\">30\u202f\u00b0C\u2019de hassas programda ters \u00e7evirerek y\u0131kay\u0131n\u0131z. D\u00fc\u015f\u00fck \u0131s\u0131da buharl\u0131 \u00fct\u00fcleyiniz. A\u011fart\u0131c\u0131 ve tamburlu kurutma kullanmay\u0131n\u0131z; g\u00f6lgede kurutunuz.<\/p>","protected":false},"excerpt":{"rendered":"<p>A\u00e7\u0131k krem zemin \u00fczerinde pembe, k\u0131rm\u0131z\u0131 ve mor tonlarda \u00e7i\u00e7ek desenleriyle tasarlanan bu elbise, romantik ve zarif bir g\u00f6r\u00fcn\u00fcm sunuyor. Hafif ve d\u00f6k\u00fcml\u00fc yap\u0131s\u0131 sayesinde g\u00fcn boyu rahatl\u0131k sa\u011flarken, pastel tonlar\u0131yla yaz mevsiminin ferahl\u0131\u011f\u0131n\u0131 yans\u0131t\u0131yor. G\u00fcnl\u00fck kombinlerden \u00f6zel bulu\u015fmalara kadar her ortamda \u015f\u0131k bir se\u00e7enek olarak \u00f6ne \u00e7\u0131k\u0131yor. A\u00e7\u0131k tonlu \u015fallar ve minimal aksesuarlarla kusursuz [&hellip;]<\/p>","protected":false},"featured_media":16991,"comment_status":"open","ping_status":"closed","template":"","meta":[],"product_brand":[],"product_cat":[967,969],"product_tag":[],"class_list":{"0":"post-16940","1":"product","2":"type-product","3":"status-publish","4":"has-post-thumbnail","6":"product_cat-accessories","7":"product_cat-elbise","9":"first","10":"outofstock","11":"sale","12":"shipping-taxable","13":"purchasable","14":"product-type-variable"},"jetpack_sharing_enabled":true,"_links":{"self":[{"href":"https:\/\/www.europesstore.com\/en\/wp-json\/wp\/v2\/product\/16940","targetHints":{"allow":["GET"]}}],"collection":[{"href":"https:\/\/www.europesstore.com\/en\/wp-json\/wp\/v2\/product"}],"about":[{"href":"https:\/\/www.europesstore.com\/en\/wp-json\/wp\/v2\/types\/product"}],"replies":[{"embeddable":true,"href":"https:\/\/www.europesstore.com\/en\/wp-json\/wp\/v2\/comments?post=16940"}],"wp:featuredmedia":[{"embeddable":true,"href":"https:\/\/www.europesstore.com\/en\/wp-json\/wp\/v2\/media\/16991"}],"wp:attachment":[{"href":"https:\/\/www.europesstore.com\/en\/wp-json\/wp\/v2\/media?parent=16940"}],"wp:term":[{"taxonomy":"product_brand","embeddable":true,"href":"https:\/\/www.europesstore.com\/en\/wp-json\/wp\/v2\/product_brand?post=16940"},{"taxonomy":"product_cat","embeddable":true,"href":"https:\/\/www.europesstore.com\/en\/wp-json\/wp\/v2\/product_cat?post=16940"},{"taxonomy":"product_tag","embeddable":true,"href":"https:\/\/www.europesstore.com\/en\/wp-json\/wp\/v2\/product_tag?post=16940"}],"curies":[{"name":"wp","href":"https:\/\/api.w.org\/{rel}","templated":true}]}}