{"id":16941,"date":"2026-01-12T16:23:00","date_gmt":"2026-01-12T16:23:00","guid":{"rendered":"https:\/\/www.europesstore.com\/?post_type=product&#038;p=16941"},"modified":"2026-01-12T16:25:56","modified_gmt":"2026-01-12T16:25:56","slug":"lidya-elbise-l100103-menekse","status":"publish","type":"product","link":"https:\/\/www.europesstore.com\/en\/product\/lidya-elbise-l100103-menekse\/","title":{"rendered":"Lidya Elbise L100103 &#8211; Menek\u015fe"},"content":{"rendered":"<p data-start=\"1799\" data-end=\"1944\">Krem zemin \u00fczerine yerle\u015ftirilen mor ve ye\u015fil \u00e7i\u00e7ek desenleriyle tasarlanan bu elbise, do\u011fadan ilham alan zarif bir \u015f\u0131kl\u0131k sunuyor. Hafif kuma\u015f\u0131 ve rahat kesimi sayesinde yaz g\u00fcnlerinde konforlu bir kullan\u0131m sa\u011flarken, pastel mor tonlar\u0131yla feminen ve romantik bir hava kat\u0131yor. G\u00fcnl\u00fck kombinlerden \u00f6zel davetlere kadar \u00e7ok y\u00f6nl\u00fc bir se\u00e7enek olup, n\u00f6tr tonlu \u015fal ve aksesuarlarla kolayca tamamlanabilir.<\/p>\n<p>Kuma\u015f : \u00a0Modal<\/p>\n<p class=\"selectable-text copyable-text x15bjb6t x1n2onr6\" dir=\"ltr\"><span class=\"selectable-text copyable-text xkrh14z\">\u00d6l\u00e7\u00fcler, S-M- L-XL\u00a0<\/span><\/p>\n<p class=\"selectable-text copyable-text x15bjb6t x1n2onr6\" dir=\"ltr\"><span class=\"selectable-text copyable-text xkrh14z\">\u00dcst geni\u015flik 106 cm<\/span><\/p>\n<p class=\"selectable-text copyable-text x15bjb6t x1n2onr6\" dir=\"ltr\"><span class=\"selectable-text copyable-text xkrh14z\">Elbise boy 137 cm<\/span><\/p>\n<p class=\"selectable-text copyable-text x15bjb6t x1n2onr6\" dir=\"ltr\"><span class=\"selectable-text copyable-text xkrh14z\">Manken boy 1.70<\/span><\/p>\n<p>Bak\u0131m Talimat\u0131<\/p>\n<p data-start=\"955\" data-end=\"1101\">30\u202f\u00b0C\u2019de hassas programda ters \u00e7evirerek y\u0131kay\u0131n\u0131z. D\u00fc\u015f\u00fck \u0131s\u0131da buharl\u0131 \u00fct\u00fcleyiniz. A\u011fart\u0131c\u0131 ve tamburlu kurutma kullanmay\u0131n\u0131z; g\u00f6lgede kurutunuz.<\/p>","protected":false},"excerpt":{"rendered":"<p>Krem zemin \u00fczerine yerle\u015ftirilen mor ve ye\u015fil \u00e7i\u00e7ek desenleriyle tasarlanan bu elbise, do\u011fadan ilham alan zarif bir \u015f\u0131kl\u0131k sunuyor. Hafif kuma\u015f\u0131 ve rahat kesimi sayesinde yaz g\u00fcnlerinde konforlu bir kullan\u0131m sa\u011flarken, pastel mor tonlar\u0131yla feminen ve romantik bir hava kat\u0131yor. G\u00fcnl\u00fck kombinlerden \u00f6zel davetlere kadar \u00e7ok y\u00f6nl\u00fc bir se\u00e7enek olup, n\u00f6tr tonlu \u015fal ve aksesuarlarla [&hellip;]<\/p>","protected":false},"featured_media":16992,"comment_status":"open","ping_status":"closed","template":"","meta":[],"product_brand":[],"product_cat":[967,969],"product_tag":[],"class_list":{"0":"post-16941","1":"product","2":"type-product","3":"status-publish","4":"has-post-thumbnail","6":"product_cat-accessories","7":"product_cat-elbise","9":"first","10":"instock","11":"sale","12":"shipping-taxable","13":"purchasable","14":"product-type-variable"},"jetpack_sharing_enabled":true,"_links":{"self":[{"href":"https:\/\/www.europesstore.com\/en\/wp-json\/wp\/v2\/product\/16941","targetHints":{"allow":["GET"]}}],"collection":[{"href":"https:\/\/www.europesstore.com\/en\/wp-json\/wp\/v2\/product"}],"about":[{"href":"https:\/\/www.europesstore.com\/en\/wp-json\/wp\/v2\/types\/product"}],"replies":[{"embeddable":true,"href":"https:\/\/www.europesstore.com\/en\/wp-json\/wp\/v2\/comments?post=16941"}],"wp:featuredmedia":[{"embeddable":true,"href":"https:\/\/www.europesstore.com\/en\/wp-json\/wp\/v2\/media\/16992"}],"wp:attachment":[{"href":"https:\/\/www.europesstore.com\/en\/wp-json\/wp\/v2\/media?parent=16941"}],"wp:term":[{"taxonomy":"product_brand","embeddable":true,"href":"https:\/\/www.europesstore.com\/en\/wp-json\/wp\/v2\/product_brand?post=16941"},{"taxonomy":"product_cat","embeddable":true,"href":"https:\/\/www.europesstore.com\/en\/wp-json\/wp\/v2\/product_cat?post=16941"},{"taxonomy":"product_tag","embeddable":true,"href":"https:\/\/www.europesstore.com\/en\/wp-json\/wp\/v2\/product_tag?post=16941"}],"curies":[{"name":"wp","href":"https:\/\/api.w.org\/{rel}","templated":true}]}}