{"id":16942,"date":"2026-01-12T16:23:00","date_gmt":"2026-01-12T16:23:00","guid":{"rendered":"https:\/\/www.europesstore.com\/?post_type=product&#038;p=16942"},"modified":"2026-01-12T16:25:56","modified_gmt":"2026-01-12T16:25:56","slug":"samyella-elbise-l100104-toz-yesil","status":"publish","type":"product","link":"https:\/\/www.europesstore.com\/en\/product\/samyella-elbise-l100104-toz-yesil\/","title":{"rendered":"Samyella  Elbise L100104 &#8211; Toz Ye\u015fil"},"content":{"rendered":"<p data-start=\"1799\" data-end=\"1944\">Do\u011fan\u0131n tazeli\u011fini yans\u0131tan ye\u015fil tonlar, krem zemin ve narin k\u0131rm\u0131z\u0131 vurgularla bulu\u015farak bu elbisede su renkleri etkisi yarat\u0131yor. Hafif ve d\u00f6k\u00fcml\u00fc yap\u0131s\u0131 sayesinde s\u0131cak yaz g\u00fcnlerinde konforlu kullan\u0131m sunarken, canl\u0131 renk uyumuyla dikkat \u00e7eken bir \u015f\u0131kl\u0131k sa\u011fl\u0131yor. Hem g\u00fcnl\u00fck kullan\u0131m hem de \u00f6zel davetlerde tercih edilebilecek \u00e7ok y\u00f6nl\u00fc bir par\u00e7a. N\u00f6tr \u00e7antalar ve sade aksesuarlarla kolayca kombinlenebilir.<\/p>\n<p>Kuma\u015f : \u00a0Modal<\/p>\n<p class=\"selectable-text copyable-text x15bjb6t x1n2onr6\" dir=\"ltr\"><span class=\"selectable-text copyable-text xkrh14z\">\u00d6l\u00e7\u00fcler, S-M- L-XL\u00a0<\/span><\/p>\n<p class=\"selectable-text copyable-text x15bjb6t x1n2onr6\" dir=\"ltr\"><span class=\"selectable-text copyable-text xkrh14z\">\u00dcst geni\u015flik 106 cm<\/span><\/p>\n<p class=\"selectable-text copyable-text x15bjb6t x1n2onr6\" dir=\"ltr\"><span class=\"selectable-text copyable-text xkrh14z\">Elbise boy 137 cm<\/span><\/p>\n<p class=\"selectable-text copyable-text x15bjb6t x1n2onr6\" dir=\"ltr\"><span class=\"selectable-text copyable-text xkrh14z\">Manken boy 1.70<\/span><\/p>\n<p>Bak\u0131m Talimat\u0131<\/p>\n<p data-start=\"955\" data-end=\"1101\">30\u202f\u00b0C\u2019de hassas programda ters \u00e7evirerek y\u0131kay\u0131n\u0131z. D\u00fc\u015f\u00fck \u0131s\u0131da buharl\u0131 \u00fct\u00fcleyiniz. A\u011fart\u0131c\u0131 ve tamburlu kurutma kullanmay\u0131n\u0131z; g\u00f6lgede kurutunuz.<\/p>","protected":false},"excerpt":{"rendered":"<p>Do\u011fan\u0131n tazeli\u011fini yans\u0131tan ye\u015fil tonlar, krem zemin ve narin k\u0131rm\u0131z\u0131 vurgularla bulu\u015farak bu elbisede su renkleri etkisi yarat\u0131yor. Hafif ve d\u00f6k\u00fcml\u00fc yap\u0131s\u0131 sayesinde s\u0131cak yaz g\u00fcnlerinde konforlu kullan\u0131m sunarken, canl\u0131 renk uyumuyla dikkat \u00e7eken bir \u015f\u0131kl\u0131k sa\u011fl\u0131yor. Hem g\u00fcnl\u00fck kullan\u0131m hem de \u00f6zel davetlerde tercih edilebilecek \u00e7ok y\u00f6nl\u00fc bir par\u00e7a. N\u00f6tr \u00e7antalar ve sade aksesuarlarla [&hellip;]<\/p>","protected":false},"featured_media":17000,"comment_status":"open","ping_status":"closed","template":"","meta":[],"product_brand":[],"product_cat":[967,969],"product_tag":[],"class_list":{"0":"post-16942","1":"product","2":"type-product","3":"status-publish","4":"has-post-thumbnail","6":"product_cat-accessories","7":"product_cat-elbise","9":"first","10":"instock","11":"sale","12":"shipping-taxable","13":"purchasable","14":"product-type-variable"},"jetpack_sharing_enabled":true,"_links":{"self":[{"href":"https:\/\/www.europesstore.com\/en\/wp-json\/wp\/v2\/product\/16942","targetHints":{"allow":["GET"]}}],"collection":[{"href":"https:\/\/www.europesstore.com\/en\/wp-json\/wp\/v2\/product"}],"about":[{"href":"https:\/\/www.europesstore.com\/en\/wp-json\/wp\/v2\/types\/product"}],"replies":[{"embeddable":true,"href":"https:\/\/www.europesstore.com\/en\/wp-json\/wp\/v2\/comments?post=16942"}],"wp:featuredmedia":[{"embeddable":true,"href":"https:\/\/www.europesstore.com\/en\/wp-json\/wp\/v2\/media\/17000"}],"wp:attachment":[{"href":"https:\/\/www.europesstore.com\/en\/wp-json\/wp\/v2\/media?parent=16942"}],"wp:term":[{"taxonomy":"product_brand","embeddable":true,"href":"https:\/\/www.europesstore.com\/en\/wp-json\/wp\/v2\/product_brand?post=16942"},{"taxonomy":"product_cat","embeddable":true,"href":"https:\/\/www.europesstore.com\/en\/wp-json\/wp\/v2\/product_cat?post=16942"},{"taxonomy":"product_tag","embeddable":true,"href":"https:\/\/www.europesstore.com\/en\/wp-json\/wp\/v2\/product_tag?post=16942"}],"curies":[{"name":"wp","href":"https:\/\/api.w.org\/{rel}","templated":true}]}}