{"id":16943,"date":"2026-01-12T16:23:01","date_gmt":"2026-01-12T16:23:01","guid":{"rendered":"https:\/\/www.europesstore.com\/?post_type=product&#038;p=16943"},"modified":"2026-01-12T16:25:56","modified_gmt":"2026-01-12T16:25:56","slug":"zenella-elbise-l100108-seker-pembe","status":"publish","type":"product","link":"https:\/\/www.europesstore.com\/en\/product\/zenella-elbise-l100108-seker-pembe\/","title":{"rendered":"Zenella Elbise L100108 &#8211; \u015eeker Pembe"},"content":{"rendered":"<p data-start=\"1799\" data-end=\"1944\">\u00a0Beyaz zemin \u00fczerine pembe, fu\u015fya ve mor \u00e7i\u00e7ek desenleriyle tasarlanan bu elbise, bahar\u0131n taze enerjisini yans\u0131tan romantik bir g\u00f6r\u00fcn\u00fcme sahip. Hafif kuma\u015f\u0131 ve d\u00f6k\u00fcml\u00fc kesimiyle yaz aylar\u0131nda serinlik sunarken, zarif desenleriyle g\u00fcnl\u00fck kullan\u0131mdan \u00f6zel davetlere kadar \u00e7ok y\u00f6nl\u00fc bir kullan\u0131m sa\u011flar. N\u00f6tr \u015fallar ve sade aksesuarlarla kombinlendi\u011finde zarif bir stil olu\u015fturur.<\/p>\n<p>Kuma\u015f : \u00a0Modal<\/p>\n<p class=\"selectable-text copyable-text x15bjb6t x1n2onr6\" dir=\"ltr\"><span class=\"selectable-text copyable-text xkrh14z\">\u00d6l\u00e7\u00fcler, S-M- L-XL\u00a0<\/span><\/p>\n<p class=\"selectable-text copyable-text x15bjb6t x1n2onr6\" dir=\"ltr\"><span class=\"selectable-text copyable-text xkrh14z\">\u00dcst geni\u015flik 106 cm<\/span><\/p>\n<p class=\"selectable-text copyable-text x15bjb6t x1n2onr6\" dir=\"ltr\"><span class=\"selectable-text copyable-text xkrh14z\">Elbise boy 137 cm<\/span><\/p>\n<p class=\"selectable-text copyable-text x15bjb6t x1n2onr6\" dir=\"ltr\"><span class=\"selectable-text copyable-text xkrh14z\">Manken boy 1.70<\/span><\/p>\n<p>Bak\u0131m Talimat\u0131<\/p>\n<p data-start=\"955\" data-end=\"1101\">30\u202f\u00b0C\u2019de hassas programda ters \u00e7evirerek y\u0131kay\u0131n\u0131z. D\u00fc\u015f\u00fck \u0131s\u0131da buharl\u0131 \u00fct\u00fcleyiniz. A\u011fart\u0131c\u0131 ve tamburlu kurutma kullanmay\u0131n\u0131z; g\u00f6lgede kurutunuz.<\/p>","protected":false},"excerpt":{"rendered":"<p>\u00a0Beyaz zemin \u00fczerine pembe, fu\u015fya ve mor \u00e7i\u00e7ek desenleriyle tasarlanan bu elbise, bahar\u0131n taze enerjisini yans\u0131tan romantik bir g\u00f6r\u00fcn\u00fcme sahip. Hafif kuma\u015f\u0131 ve d\u00f6k\u00fcml\u00fc kesimiyle yaz aylar\u0131nda serinlik sunarken, zarif desenleriyle g\u00fcnl\u00fck kullan\u0131mdan \u00f6zel davetlere kadar \u00e7ok y\u00f6nl\u00fc bir kullan\u0131m sa\u011flar. N\u00f6tr \u015fallar ve sade aksesuarlarla kombinlendi\u011finde zarif bir stil olu\u015fturur. Kuma\u015f : \u00a0Modal \u00d6l\u00e7\u00fcler, [&hellip;]<\/p>","protected":false},"featured_media":17001,"comment_status":"open","ping_status":"closed","template":"","meta":[],"product_brand":[],"product_cat":[967,969],"product_tag":[],"class_list":{"0":"post-16943","1":"product","2":"type-product","3":"status-publish","4":"has-post-thumbnail","6":"product_cat-accessories","7":"product_cat-elbise","9":"first","10":"instock","11":"sale","12":"shipping-taxable","13":"purchasable","14":"product-type-variable"},"jetpack_sharing_enabled":true,"_links":{"self":[{"href":"https:\/\/www.europesstore.com\/en\/wp-json\/wp\/v2\/product\/16943","targetHints":{"allow":["GET"]}}],"collection":[{"href":"https:\/\/www.europesstore.com\/en\/wp-json\/wp\/v2\/product"}],"about":[{"href":"https:\/\/www.europesstore.com\/en\/wp-json\/wp\/v2\/types\/product"}],"replies":[{"embeddable":true,"href":"https:\/\/www.europesstore.com\/en\/wp-json\/wp\/v2\/comments?post=16943"}],"wp:featuredmedia":[{"embeddable":true,"href":"https:\/\/www.europesstore.com\/en\/wp-json\/wp\/v2\/media\/17001"}],"wp:attachment":[{"href":"https:\/\/www.europesstore.com\/en\/wp-json\/wp\/v2\/media?parent=16943"}],"wp:term":[{"taxonomy":"product_brand","embeddable":true,"href":"https:\/\/www.europesstore.com\/en\/wp-json\/wp\/v2\/product_brand?post=16943"},{"taxonomy":"product_cat","embeddable":true,"href":"https:\/\/www.europesstore.com\/en\/wp-json\/wp\/v2\/product_cat?post=16943"},{"taxonomy":"product_tag","embeddable":true,"href":"https:\/\/www.europesstore.com\/en\/wp-json\/wp\/v2\/product_tag?post=16943"}],"curies":[{"name":"wp","href":"https:\/\/api.w.org\/{rel}","templated":true}]}}