{"id":16951,"date":"2026-01-12T16:23:25","date_gmt":"2026-01-12T16:23:25","guid":{"rendered":"https:\/\/www.europesstore.com\/?post_type=product&#038;p=16951"},"modified":"2026-01-12T16:25:57","modified_gmt":"2026-01-12T16:25:57","slug":"samyella-elbise-l100109-gok-mavi","status":"publish","type":"product","link":"https:\/\/www.europesstore.com\/en\/product\/samyella-elbise-l100109-gok-mavi\/","title":{"rendered":"Samyella Elbise L100109 &#8211; G\u00f6k Mavi"},"content":{"rendered":"<p data-start=\"1799\" data-end=\"1944\">Mavi, turuncu ve ye\u015fil tonlar\u0131n sulu boya etkisiyle birle\u015fti\u011fi bu elbise, yaz\u0131n canl\u0131 ve enerjik ruhunu yans\u0131tan modern bir tasar\u0131ma sahip. Hafif ve ak\u0131\u015fkan kuma\u015f\u0131yla g\u00fcn boyu rahatl\u0131k sunarken, g\u00f6z al\u0131c\u0131 renkleriyle hem \u015fehir hem tatil kombinlerinde \u00f6ne \u00e7\u0131k\u0131yor. N\u00f6tr \u015fallar ve sade aksesuarlarla tamamland\u0131\u011f\u0131nda zarif bir kontrast olu\u015fturur.<\/p>\n<p>Kuma\u015f : \u00a0Modal<\/p>\n<p class=\"selectable-text copyable-text x15bjb6t x1n2onr6\" dir=\"ltr\"><span class=\"selectable-text copyable-text xkrh14z\">\u00d6l\u00e7\u00fcler, S-M- L-XL\u00a0<\/span><\/p>\n<p class=\"selectable-text copyable-text x15bjb6t x1n2onr6\" dir=\"ltr\"><span class=\"selectable-text copyable-text xkrh14z\">\u00dcst geni\u015flik 106 cm<\/span><\/p>\n<p class=\"selectable-text copyable-text x15bjb6t x1n2onr6\" dir=\"ltr\"><span class=\"selectable-text copyable-text xkrh14z\">Elbise boy 137 cm<\/span><\/p>\n<p class=\"selectable-text copyable-text x15bjb6t x1n2onr6\" dir=\"ltr\"><span class=\"selectable-text copyable-text xkrh14z\">Manken boy 1.70<\/span><\/p>\n<p>Bak\u0131m Talimat\u0131<\/p>\n<p data-start=\"955\" data-end=\"1101\">30\u202f\u00b0C\u2019de hassas programda ters \u00e7evirerek y\u0131kay\u0131n\u0131z. D\u00fc\u015f\u00fck \u0131s\u0131da buharl\u0131 \u00fct\u00fcleyiniz. A\u011fart\u0131c\u0131 ve tamburlu kurutma kullanmay\u0131n\u0131z; g\u00f6lgede kurutunuz.<\/p>","protected":false},"excerpt":{"rendered":"<p>Mavi, turuncu ve ye\u015fil tonlar\u0131n sulu boya etkisiyle birle\u015fti\u011fi bu elbise, yaz\u0131n canl\u0131 ve enerjik ruhunu yans\u0131tan modern bir tasar\u0131ma sahip. Hafif ve ak\u0131\u015fkan kuma\u015f\u0131yla g\u00fcn boyu rahatl\u0131k sunarken, g\u00f6z al\u0131c\u0131 renkleriyle hem \u015fehir hem tatil kombinlerinde \u00f6ne \u00e7\u0131k\u0131yor. N\u00f6tr \u015fallar ve sade aksesuarlarla tamamland\u0131\u011f\u0131nda zarif bir kontrast olu\u015fturur. Kuma\u015f : \u00a0Modal \u00d6l\u00e7\u00fcler, S-M- L-XL\u00a0 [&hellip;]<\/p>","protected":false},"featured_media":17002,"comment_status":"open","ping_status":"closed","template":"","meta":[],"product_brand":[],"product_cat":[967,969],"product_tag":[],"class_list":{"0":"post-16951","1":"product","2":"type-product","3":"status-publish","4":"has-post-thumbnail","6":"product_cat-accessories","7":"product_cat-elbise","9":"first","10":"instock","11":"sale","12":"shipping-taxable","13":"purchasable","14":"product-type-variable"},"jetpack_sharing_enabled":true,"_links":{"self":[{"href":"https:\/\/www.europesstore.com\/en\/wp-json\/wp\/v2\/product\/16951","targetHints":{"allow":["GET"]}}],"collection":[{"href":"https:\/\/www.europesstore.com\/en\/wp-json\/wp\/v2\/product"}],"about":[{"href":"https:\/\/www.europesstore.com\/en\/wp-json\/wp\/v2\/types\/product"}],"replies":[{"embeddable":true,"href":"https:\/\/www.europesstore.com\/en\/wp-json\/wp\/v2\/comments?post=16951"}],"wp:featuredmedia":[{"embeddable":true,"href":"https:\/\/www.europesstore.com\/en\/wp-json\/wp\/v2\/media\/17002"}],"wp:attachment":[{"href":"https:\/\/www.europesstore.com\/en\/wp-json\/wp\/v2\/media?parent=16951"}],"wp:term":[{"taxonomy":"product_brand","embeddable":true,"href":"https:\/\/www.europesstore.com\/en\/wp-json\/wp\/v2\/product_brand?post=16951"},{"taxonomy":"product_cat","embeddable":true,"href":"https:\/\/www.europesstore.com\/en\/wp-json\/wp\/v2\/product_cat?post=16951"},{"taxonomy":"product_tag","embeddable":true,"href":"https:\/\/www.europesstore.com\/en\/wp-json\/wp\/v2\/product_tag?post=16951"}],"curies":[{"name":"wp","href":"https:\/\/api.w.org\/{rel}","templated":true}]}}