{"id":17116,"date":"2026-01-12T16:25:34","date_gmt":"2026-01-12T16:25:34","guid":{"rendered":"https:\/\/www.europesstore.com\/?post_type=product&#038;p=17116"},"modified":"2026-01-12T16:25:50","modified_gmt":"2026-01-12T16:25:50","slug":"sofia-ikili-takim-tk100120-fildisi","status":"publish","type":"product","link":"https:\/\/www.europesstore.com\/en\/product\/sofia-ikili-takim-tk100120-fildisi\/","title":{"rendered":"Sofia \u0130kili Tak\u0131m TK100120 &#8211; Fildi\u015fi"},"content":{"rendered":"<p data-start=\"0\" data-end=\"317\">Nat\u00fcrel tonlar\u0131 ve zarif yaprak desenleriyle bu tak\u0131m, minimal \u015f\u0131kl\u0131\u011f\u0131n en g\u00fczel hali. Hafif kuma\u015f\u0131 sayesinde yaz aylar\u0131nda ferahl\u0131k sunarken, desenlerin verdi\u011fi do\u011fall\u0131k g\u00fcnl\u00fck ve \u00f6zel kombinlere zarafet kat\u0131yor. Toprak ve ye\u015filin uyumlu tonlar\u0131yla kolayca aksesuarlarla tamamlanabilir.<\/p>\n<ul data-start=\"319\" data-end=\"476\">\n<li data-start=\"319\" data-end=\"370\">\n<p data-start=\"321\" data-end=\"370\"><strong data-start=\"321\" data-end=\"331\">Kuma\u015f:<\/strong> Rahat ve nefes alabilen hafif dokulu<\/p>\n<\/li>\n<li data-start=\"371\" data-end=\"414\">\n<p data-start=\"373\" data-end=\"414\"><strong data-start=\"373\" data-end=\"383\">Detay:<\/strong> Yaprak desenli alt-\u00fcst tak\u0131m<\/p>\n<\/li>\n<li data-start=\"415\" data-end=\"476\">\n<p data-start=\"417\" data-end=\"476\"><strong data-start=\"417\" data-end=\"436\">Kullan\u0131m Alan\u0131:<\/strong> G\u00fcnl\u00fck \u015f\u0131kl\u0131k, tatil ve \u00f6zel davetler<\/p>\n<\/li>\n<\/ul>\n<p data-start=\"578\" data-end=\"672\" data-is-last-node=\"\" data-is-only-node=\"\">G\u00fcn boyu konfor, uzun s\u00fcreli formunu koruyan kalite ve modern \u00e7izgiler\u2026 Hepsi tek bir tak\u0131mda!<\/p>\n<p>&#8211; Standart Beden<br \/>\n-Kuma\u015f : Modal Viskon<\/p>\n<p>Bak\u0131m ve Y\u0131kama Talimat\u0131<\/p>\n<ul>\n<li data-start=\"1047\" data-end=\"1087\">\n<p data-start=\"1049\" data-end=\"1087\">30\u202f\u00b0C\u2019de hassas programda y\u0131kay\u0131n\u0131z.<\/p>\n<\/li>\n<li data-start=\"1088\" data-end=\"1152\">\n<p data-start=\"1090\" data-end=\"1152\">Benzer renklerle birlikte y\u0131kay\u0131n\u0131z, a\u011fart\u0131c\u0131 kullanmay\u0131n\u0131z.<\/p>\n<\/li>\n<li data-start=\"1153\" data-end=\"1216\">\n<p data-start=\"1155\" data-end=\"1216\">D\u00fc\u015f\u00fck \u0131s\u0131da tersten \u00fct\u00fcleyiniz; kurutma makinesi \u00f6nerilmez.<\/p>\n<\/li>\n<li data-start=\"1217\" data-end=\"1260\">\n<p data-start=\"1219\" data-end=\"1260\">Uzun \u00f6m\u00fcrl\u00fc kullan\u0131m i\u00e7in asarak kurutun.<\/p>\n<\/li>\n<\/ul>","protected":false},"excerpt":{"rendered":"<p>Nat\u00fcrel tonlar\u0131 ve zarif yaprak desenleriyle bu tak\u0131m, minimal \u015f\u0131kl\u0131\u011f\u0131n en g\u00fczel hali. Hafif kuma\u015f\u0131 sayesinde yaz aylar\u0131nda ferahl\u0131k sunarken, desenlerin verdi\u011fi do\u011fall\u0131k g\u00fcnl\u00fck ve \u00f6zel kombinlere zarafet kat\u0131yor. Toprak ve ye\u015filin uyumlu tonlar\u0131yla kolayca aksesuarlarla tamamlanabilir. Kuma\u015f: Rahat ve nefes alabilen hafif dokulu Detay: Yaprak desenli alt-\u00fcst tak\u0131m Kullan\u0131m Alan\u0131: G\u00fcnl\u00fck \u015f\u0131kl\u0131k, tatil ve [&hellip;]<\/p>","protected":false},"featured_media":17126,"comment_status":"open","ping_status":"closed","template":"","meta":[],"product_brand":[],"product_cat":[967,970],"product_tag":[],"class_list":{"0":"post-17116","1":"product","2":"type-product","3":"status-publish","4":"has-post-thumbnail","6":"product_cat-accessories","7":"product_cat-takim","9":"first","10":"outofstock","11":"sale","12":"shipping-taxable","13":"purchasable","14":"product-type-simple"},"jetpack_sharing_enabled":true,"_links":{"self":[{"href":"https:\/\/www.europesstore.com\/en\/wp-json\/wp\/v2\/product\/17116","targetHints":{"allow":["GET"]}}],"collection":[{"href":"https:\/\/www.europesstore.com\/en\/wp-json\/wp\/v2\/product"}],"about":[{"href":"https:\/\/www.europesstore.com\/en\/wp-json\/wp\/v2\/types\/product"}],"replies":[{"embeddable":true,"href":"https:\/\/www.europesstore.com\/en\/wp-json\/wp\/v2\/comments?post=17116"}],"wp:featuredmedia":[{"embeddable":true,"href":"https:\/\/www.europesstore.com\/en\/wp-json\/wp\/v2\/media\/17126"}],"wp:attachment":[{"href":"https:\/\/www.europesstore.com\/en\/wp-json\/wp\/v2\/media?parent=17116"}],"wp:term":[{"taxonomy":"product_brand","embeddable":true,"href":"https:\/\/www.europesstore.com\/en\/wp-json\/wp\/v2\/product_brand?post=17116"},{"taxonomy":"product_cat","embeddable":true,"href":"https:\/\/www.europesstore.com\/en\/wp-json\/wp\/v2\/product_cat?post=17116"},{"taxonomy":"product_tag","embeddable":true,"href":"https:\/\/www.europesstore.com\/en\/wp-json\/wp\/v2\/product_tag?post=17116"}],"curies":[{"name":"wp","href":"https:\/\/api.w.org\/{rel}","templated":true}]}}