{"id":17120,"date":"2026-01-12T16:25:35","date_gmt":"2026-01-12T16:25:35","guid":{"rendered":"https:\/\/www.europesstore.com\/?post_type=product&#038;p=17120"},"modified":"2026-01-12T16:29:00","modified_gmt":"2026-01-12T16:29:00","slug":"risonna-desen-elbise-l100125-bahar-sarisi","status":"publish","type":"product","link":"https:\/\/www.europesstore.com\/en\/product\/risonna-desen-elbise-l100125-bahar-sarisi\/","title":{"rendered":"Risonna  Desen Elbise L100125 &#8211; Bahar Sar\u0131s\u0131"},"content":{"rendered":"<p data-start=\"0\" data-end=\"284\">Canl\u0131 \u00e7i\u00e7ek desenleriyle bahar\u0131n enerjisini yans\u0131tan bu elbise, hareketli tasar\u0131m\u0131 ve rahat kesimiyle g\u00fcnl\u00fck kombinlerden \u00f6zel davetlere kadar her an\u0131n\u0131za uyum sa\u011flar. Lila \u015fal ve soft tonlu aksesuarlarla modern bir g\u00f6r\u00fcn\u00fcm elde edebilirsiniz.<\/p>\n<ul data-start=\"286\" data-end=\"436\">\n<li data-start=\"286\" data-end=\"324\">\n<p data-start=\"288\" data-end=\"324\"><strong data-start=\"288\" data-end=\"298\">Kuma\u015f:<\/strong> Hafif ve ak\u0131\u015fkan dokulu<\/p>\n<\/li>\n<li data-start=\"325\" data-end=\"365\">\n<p data-start=\"327\" data-end=\"365\"><strong data-start=\"327\" data-end=\"337\">Detay:<\/strong> \u00c7i\u00e7ek desenli maxi elbise<\/p>\n<\/li>\n<li data-start=\"366\" data-end=\"436\">\n<p data-start=\"368\" data-end=\"436\"><strong data-start=\"368\" data-end=\"387\">Kullan\u0131m Alan\u0131:<\/strong> G\u00fcnl\u00fck \u015f\u0131kl\u0131k, yaz davetleri, tatil kombinleri<\/p>\n<p>Kuma\u015f : \u00a0Modal Mango<\/li>\n<\/ul>\n<p class=\"selectable-text copyable-text x15bjb6t x1n2onr6\" dir=\"ltr\"><span class=\"selectable-text copyable-text xkrh14z\">\u00d6l\u00e7\u00fcler, \u00a01-2<\/span><\/p>\n<p class=\"selectable-text copyable-text x15bjb6t x1n2onr6\" dir=\"ltr\"><span class=\"selectable-text copyable-text xkrh14z\">\u00dcst geni\u015flik 106 cm<\/span><\/p>\n<p class=\"selectable-text copyable-text x15bjb6t x1n2onr6\" dir=\"ltr\"><span class=\"selectable-text copyable-text xkrh14z\">Elbise boy 137 cm<\/span><\/p>\n<p class=\"selectable-text copyable-text x15bjb6t x1n2onr6\" dir=\"ltr\"><span class=\"selectable-text copyable-text xkrh14z\">Manken boy 1.70<\/span><\/p>\n<p>Bak\u0131m Talimat\u0131<\/p>\n<p data-start=\"955\" data-end=\"1101\">30\u202f\u00b0C\u2019de hassas programda ters \u00e7evirerek y\u0131kay\u0131n\u0131z. D\u00fc\u015f\u00fck \u0131s\u0131da buharl\u0131 \u00fct\u00fcleyiniz. A\u011fart\u0131c\u0131 ve tamburlu kurutma kullanmay\u0131n\u0131z; g\u00f6lgede kurutunuz.<\/p>","protected":false},"excerpt":{"rendered":"<p>Canl\u0131 \u00e7i\u00e7ek desenleriyle bahar\u0131n enerjisini yans\u0131tan bu elbise, hareketli tasar\u0131m\u0131 ve rahat kesimiyle g\u00fcnl\u00fck kombinlerden \u00f6zel davetlere kadar her an\u0131n\u0131za uyum sa\u011flar. Lila \u015fal ve soft tonlu aksesuarlarla modern bir g\u00f6r\u00fcn\u00fcm elde edebilirsiniz. Kuma\u015f: Hafif ve ak\u0131\u015fkan dokulu Detay: \u00c7i\u00e7ek desenli maxi elbise Kullan\u0131m Alan\u0131: G\u00fcnl\u00fck \u015f\u0131kl\u0131k, yaz davetleri, tatil kombinleri Kuma\u015f : \u00a0Modal Mango [&hellip;]<\/p>","protected":false},"featured_media":17156,"comment_status":"open","ping_status":"closed","template":"","meta":[],"product_brand":[],"product_cat":[967,969],"product_tag":[],"class_list":{"0":"post-17120","1":"product","2":"type-product","3":"status-publish","4":"has-post-thumbnail","6":"product_cat-accessories","7":"product_cat-elbise","9":"first","10":"instock","11":"sale","12":"shipping-taxable","13":"purchasable","14":"product-type-variable"},"jetpack_sharing_enabled":true,"_links":{"self":[{"href":"https:\/\/www.europesstore.com\/en\/wp-json\/wp\/v2\/product\/17120","targetHints":{"allow":["GET"]}}],"collection":[{"href":"https:\/\/www.europesstore.com\/en\/wp-json\/wp\/v2\/product"}],"about":[{"href":"https:\/\/www.europesstore.com\/en\/wp-json\/wp\/v2\/types\/product"}],"replies":[{"embeddable":true,"href":"https:\/\/www.europesstore.com\/en\/wp-json\/wp\/v2\/comments?post=17120"}],"wp:featuredmedia":[{"embeddable":true,"href":"https:\/\/www.europesstore.com\/en\/wp-json\/wp\/v2\/media\/17156"}],"wp:attachment":[{"href":"https:\/\/www.europesstore.com\/en\/wp-json\/wp\/v2\/media?parent=17120"}],"wp:term":[{"taxonomy":"product_brand","embeddable":true,"href":"https:\/\/www.europesstore.com\/en\/wp-json\/wp\/v2\/product_brand?post=17120"},{"taxonomy":"product_cat","embeddable":true,"href":"https:\/\/www.europesstore.com\/en\/wp-json\/wp\/v2\/product_cat?post=17120"},{"taxonomy":"product_tag","embeddable":true,"href":"https:\/\/www.europesstore.com\/en\/wp-json\/wp\/v2\/product_tag?post=17120"}],"curies":[{"name":"wp","href":"https:\/\/api.w.org\/{rel}","templated":true}]}}