{"id":17121,"date":"2026-01-12T16:25:35","date_gmt":"2026-01-12T16:25:35","guid":{"rendered":"https:\/\/www.europesstore.com\/?post_type=product&#038;p=17121"},"modified":"2026-01-12T16:29:00","modified_gmt":"2026-01-12T16:29:00","slug":"helena-desen-elbise-l100126-antrasit","status":"publish","type":"product","link":"https:\/\/www.europesstore.com\/en\/product\/helena-desen-elbise-l100126-antrasit\/","title":{"rendered":"Helena Desen Elbise L100126 &#8211; Antrasit"},"content":{"rendered":"<p data-start=\"1799\" data-end=\"1944\">Bu elbise, modern ve zarif detaylar\u0131yla dikkat \u00e7eken oversize bir tasar\u0131ma sahip. \u00dcst k\u0131sm\u0131nda yer alan mavi \u00e7i\u00e7ek desenleri ve f\u0131r\u00e7a darbelerini and\u0131ran gri-siyah ge\u00e7i\u015fleriyle sanatsal bir g\u00f6r\u00fcn\u00fcm sunuyor. Rahat kesimi ve d\u00fc\u015f\u00fck omuzlu uzun kollar\u0131, g\u00fcnl\u00fck kullan\u0131mda konfor sa\u011flarken ayn\u0131 zamanda \u00f6zel davetlerde de \u015f\u0131k bir tercih olabiliyor. Hafif dokulu kuma\u015f\u0131 hem nefes alabilirlik hem de hareket kolayl\u0131\u011f\u0131 sunuyor. Minimal aksesuarlarla kombinlenerek zarif bir stil elde edilebilir.<\/p>\n<p>Kuma\u015f : \u00a0Modal<\/p>\n<p class=\"selectable-text copyable-text x15bjb6t x1n2onr6\" dir=\"ltr\"><span class=\"selectable-text copyable-text xkrh14z\">\u00d6l\u00e7\u00fcler, 1-2<\/span><\/p>\n<p class=\"selectable-text copyable-text x15bjb6t x1n2onr6\" dir=\"ltr\"><span class=\"selectable-text copyable-text xkrh14z\">\u00dcst geni\u015flik 106 cm<\/span><\/p>\n<p class=\"selectable-text copyable-text x15bjb6t x1n2onr6\" dir=\"ltr\"><span class=\"selectable-text copyable-text xkrh14z\">Elbise boy 137 cm<\/span><\/p>\n<p class=\"selectable-text copyable-text x15bjb6t x1n2onr6\" dir=\"ltr\"><span class=\"selectable-text copyable-text xkrh14z\">Manken boy 1.70<\/span><\/p>\n<p>Bak\u0131m Talimat\u0131<\/p>\n<p data-start=\"955\" data-end=\"1101\">30\u202f\u00b0C\u2019de hassas programda ters \u00e7evirerek y\u0131kay\u0131n\u0131z. D\u00fc\u015f\u00fck \u0131s\u0131da buharl\u0131 \u00fct\u00fcleyiniz. A\u011fart\u0131c\u0131 ve tamburlu kurutma kullanmay\u0131n\u0131z; g\u00f6lgede kurutunuz.<\/p>","protected":false},"excerpt":{"rendered":"<p>Bu elbise, modern ve zarif detaylar\u0131yla dikkat \u00e7eken oversize bir tasar\u0131ma sahip. \u00dcst k\u0131sm\u0131nda yer alan mavi \u00e7i\u00e7ek desenleri ve f\u0131r\u00e7a darbelerini and\u0131ran gri-siyah ge\u00e7i\u015fleriyle sanatsal bir g\u00f6r\u00fcn\u00fcm sunuyor. Rahat kesimi ve d\u00fc\u015f\u00fck omuzlu uzun kollar\u0131, g\u00fcnl\u00fck kullan\u0131mda konfor sa\u011flarken ayn\u0131 zamanda \u00f6zel davetlerde de \u015f\u0131k bir tercih olabiliyor. Hafif dokulu kuma\u015f\u0131 hem nefes alabilirlik [&hellip;]<\/p>","protected":false},"featured_media":17157,"comment_status":"open","ping_status":"closed","template":"","meta":[],"product_brand":[],"product_cat":[967,969],"product_tag":[],"class_list":{"0":"post-17121","1":"product","2":"type-product","3":"status-publish","4":"has-post-thumbnail","6":"product_cat-accessories","7":"product_cat-elbise","9":"first","10":"instock","11":"sale","12":"shipping-taxable","13":"purchasable","14":"product-type-variable"},"jetpack_sharing_enabled":true,"_links":{"self":[{"href":"https:\/\/www.europesstore.com\/en\/wp-json\/wp\/v2\/product\/17121","targetHints":{"allow":["GET"]}}],"collection":[{"href":"https:\/\/www.europesstore.com\/en\/wp-json\/wp\/v2\/product"}],"about":[{"href":"https:\/\/www.europesstore.com\/en\/wp-json\/wp\/v2\/types\/product"}],"replies":[{"embeddable":true,"href":"https:\/\/www.europesstore.com\/en\/wp-json\/wp\/v2\/comments?post=17121"}],"wp:featuredmedia":[{"embeddable":true,"href":"https:\/\/www.europesstore.com\/en\/wp-json\/wp\/v2\/media\/17157"}],"wp:attachment":[{"href":"https:\/\/www.europesstore.com\/en\/wp-json\/wp\/v2\/media?parent=17121"}],"wp:term":[{"taxonomy":"product_brand","embeddable":true,"href":"https:\/\/www.europesstore.com\/en\/wp-json\/wp\/v2\/product_brand?post=17121"},{"taxonomy":"product_cat","embeddable":true,"href":"https:\/\/www.europesstore.com\/en\/wp-json\/wp\/v2\/product_cat?post=17121"},{"taxonomy":"product_tag","embeddable":true,"href":"https:\/\/www.europesstore.com\/en\/wp-json\/wp\/v2\/product_tag?post=17121"}],"curies":[{"name":"wp","href":"https:\/\/api.w.org\/{rel}","templated":true}]}}