{"id":17129,"date":"2026-01-12T16:25:59","date_gmt":"2026-01-12T16:25:59","guid":{"rendered":"https:\/\/www.europesstore.com\/?post_type=product&#038;p=17129"},"modified":"2026-01-12T16:29:00","modified_gmt":"2026-01-12T16:29:00","slug":"berilla-desen-elbise-l100129-deniz-mavi","status":"publish","type":"product","link":"https:\/\/www.europesstore.com\/en\/product\/berilla-desen-elbise-l100129-deniz-mavi\/","title":{"rendered":"Berilla Desen Elbise L100129 &#8211; Deniz Mavi"},"content":{"rendered":"<p data-start=\"368\" data-end=\"436\">Modern paisley desenleriyle hareketlendirilmi\u015f mavi tonlar\u0131yla yaz ruhunu yans\u0131tan \u015f\u0131k bir tasar\u0131m sunuyor. Hafif kuma\u015f\u0131 ve rahat kesimi sayesinde g\u00fcn boyu konforlu kullan\u0131m sa\u011flarken, zarif duru\u015fuyla hem g\u00fcnl\u00fck kombinlerde hem de \u00f6zel davetlerde tercih edilebilecek bir par\u00e7a. Uzun ve d\u00f6k\u00fcml\u00fc yap\u0131s\u0131, yaz\u0131n a\u00e7\u0131k hava etkinliklerinde hem ferahl\u0131k hem de \u015f\u0131kl\u0131k sunar.<\/p>\n<p>Kuma\u015f : \u00a0Modal<\/p>\n<p class=\"selectable-text copyable-text x15bjb6t x1n2onr6\" dir=\"ltr\"><span class=\"selectable-text copyable-text xkrh14z\">\u00d6l\u00e7\u00fcler, \u00a01-2<\/span><\/p>\n<p class=\"selectable-text copyable-text x15bjb6t x1n2onr6\" dir=\"ltr\"><span class=\"selectable-text copyable-text xkrh14z\">\u00dcst geni\u015flik 106 cm<\/span><\/p>\n<p class=\"selectable-text copyable-text x15bjb6t x1n2onr6\" dir=\"ltr\"><span class=\"selectable-text copyable-text xkrh14z\">Elbise boy 137 cm<\/span><\/p>\n<p class=\"selectable-text copyable-text x15bjb6t x1n2onr6\" dir=\"ltr\"><span class=\"selectable-text copyable-text xkrh14z\">Manken boy 1.70<\/span><\/p>\n<p>Bak\u0131m Talimat\u0131<\/p>\n<p data-start=\"955\" data-end=\"1101\">30\u202f\u00b0C\u2019de hassas programda ters \u00e7evirerek y\u0131kay\u0131n\u0131z. D\u00fc\u015f\u00fck \u0131s\u0131da buharl\u0131 \u00fct\u00fcleyiniz. A\u011fart\u0131c\u0131 ve tamburlu kurutma kullanmay\u0131n\u0131z; g\u00f6lgede kurutunuz.<\/p>","protected":false},"excerpt":{"rendered":"<p>Modern paisley desenleriyle hareketlendirilmi\u015f mavi tonlar\u0131yla yaz ruhunu yans\u0131tan \u015f\u0131k bir tasar\u0131m sunuyor. Hafif kuma\u015f\u0131 ve rahat kesimi sayesinde g\u00fcn boyu konforlu kullan\u0131m sa\u011flarken, zarif duru\u015fuyla hem g\u00fcnl\u00fck kombinlerde hem de \u00f6zel davetlerde tercih edilebilecek bir par\u00e7a. Uzun ve d\u00f6k\u00fcml\u00fc yap\u0131s\u0131, yaz\u0131n a\u00e7\u0131k hava etkinliklerinde hem ferahl\u0131k hem de \u015f\u0131kl\u0131k sunar. Kuma\u015f : \u00a0Modal \u00d6l\u00e7\u00fcler, [&hellip;]<\/p>","protected":false},"featured_media":17159,"comment_status":"open","ping_status":"closed","template":"","meta":[],"product_brand":[],"product_cat":[967,969],"product_tag":[],"class_list":{"0":"post-17129","1":"product","2":"type-product","3":"status-publish","4":"has-post-thumbnail","6":"product_cat-accessories","7":"product_cat-elbise","9":"first","10":"outofstock","11":"sale","12":"shipping-taxable","13":"purchasable","14":"product-type-variable"},"jetpack_sharing_enabled":true,"_links":{"self":[{"href":"https:\/\/www.europesstore.com\/en\/wp-json\/wp\/v2\/product\/17129","targetHints":{"allow":["GET"]}}],"collection":[{"href":"https:\/\/www.europesstore.com\/en\/wp-json\/wp\/v2\/product"}],"about":[{"href":"https:\/\/www.europesstore.com\/en\/wp-json\/wp\/v2\/types\/product"}],"replies":[{"embeddable":true,"href":"https:\/\/www.europesstore.com\/en\/wp-json\/wp\/v2\/comments?post=17129"}],"wp:featuredmedia":[{"embeddable":true,"href":"https:\/\/www.europesstore.com\/en\/wp-json\/wp\/v2\/media\/17159"}],"wp:attachment":[{"href":"https:\/\/www.europesstore.com\/en\/wp-json\/wp\/v2\/media?parent=17129"}],"wp:term":[{"taxonomy":"product_brand","embeddable":true,"href":"https:\/\/www.europesstore.com\/en\/wp-json\/wp\/v2\/product_brand?post=17129"},{"taxonomy":"product_cat","embeddable":true,"href":"https:\/\/www.europesstore.com\/en\/wp-json\/wp\/v2\/product_cat?post=17129"},{"taxonomy":"product_tag","embeddable":true,"href":"https:\/\/www.europesstore.com\/en\/wp-json\/wp\/v2\/product_tag?post=17129"}],"curies":[{"name":"wp","href":"https:\/\/api.w.org\/{rel}","templated":true}]}}