{"id":17132,"date":"2026-01-12T16:25:59","date_gmt":"2026-01-12T16:25:59","guid":{"rendered":"https:\/\/www.europesstore.com\/?post_type=product&#038;p=17132"},"modified":"2026-01-12T16:29:00","modified_gmt":"2026-01-12T16:29:00","slug":"elle-lora-elbise-l100131-pastel","status":"publish","type":"product","link":"https:\/\/www.europesstore.com\/en\/product\/elle-lora-elbise-l100131-pastel\/","title":{"rendered":"Elle Lora  Elbise L100131 &#8211; Pastel"},"content":{"rendered":"<p data-start=\"1799\" data-end=\"1944\">Renkli \u00e7i\u00e7ek desenleriyle tasarlanm\u0131\u015f bu maxi elbise, hafif ve d\u00f6k\u00fcml\u00fc yap\u0131s\u0131yla yaz g\u00fcnlerinin vazge\u00e7ilmezi olmaya aday. Pastel tonlar\u0131n yumu\u015fak uyumu elbiseye romantik bir hava katarken, volanl\u0131 etek k\u0131sm\u0131 rahat bir hareket alan\u0131 sunar. G\u00fcnl\u00fck kullan\u0131mda ya da tatil kombinlerinde tercih edebilece\u011finiz bu model, \u015f\u0131kl\u0131\u011f\u0131 ve konforu bir arada sunar.<\/p>\n<p>Kuma\u015f : \u00a0Modal<\/p>\n<p class=\"selectable-text copyable-text x15bjb6t x1n2onr6\" dir=\"ltr\"><span class=\"selectable-text copyable-text xkrh14z\">\u00d6l\u00e7\u00fcler, \u00a01-2<\/span><\/p>\n<p class=\"selectable-text copyable-text x15bjb6t x1n2onr6\" dir=\"ltr\"><span class=\"selectable-text copyable-text xkrh14z\">\u00dcst geni\u015flik 106 cm<\/span><\/p>\n<p class=\"selectable-text copyable-text x15bjb6t x1n2onr6\" dir=\"ltr\"><span class=\"selectable-text copyable-text xkrh14z\">Elbise boy 137 cm<\/span><\/p>\n<p class=\"selectable-text copyable-text x15bjb6t x1n2onr6\" dir=\"ltr\"><span class=\"selectable-text copyable-text xkrh14z\">Manken boy 1.70<\/span><\/p>\n<p>Bak\u0131m Talimat\u0131<\/p>\n<p data-start=\"955\" data-end=\"1101\">30\u202f\u00b0C\u2019de hassas programda ters \u00e7evirerek y\u0131kay\u0131n\u0131z. D\u00fc\u015f\u00fck \u0131s\u0131da buharl\u0131 \u00fct\u00fcleyiniz. A\u011fart\u0131c\u0131 ve tamburlu kurutma kullanmay\u0131n\u0131z; g\u00f6lgede kurutunuz.<\/p>","protected":false},"excerpt":{"rendered":"<p>Renkli \u00e7i\u00e7ek desenleriyle tasarlanm\u0131\u015f bu maxi elbise, hafif ve d\u00f6k\u00fcml\u00fc yap\u0131s\u0131yla yaz g\u00fcnlerinin vazge\u00e7ilmezi olmaya aday. Pastel tonlar\u0131n yumu\u015fak uyumu elbiseye romantik bir hava katarken, volanl\u0131 etek k\u0131sm\u0131 rahat bir hareket alan\u0131 sunar. G\u00fcnl\u00fck kullan\u0131mda ya da tatil kombinlerinde tercih edebilece\u011finiz bu model, \u015f\u0131kl\u0131\u011f\u0131 ve konforu bir arada sunar. Kuma\u015f : \u00a0Modal \u00d6l\u00e7\u00fcler, \u00a01-2 \u00dcst [&hellip;]<\/p>","protected":false},"featured_media":17169,"comment_status":"open","ping_status":"closed","template":"","meta":[],"product_brand":[],"product_cat":[967,969],"product_tag":[],"class_list":{"0":"post-17132","1":"product","2":"type-product","3":"status-publish","4":"has-post-thumbnail","6":"product_cat-accessories","7":"product_cat-elbise","9":"first","10":"outofstock","11":"sale","12":"shipping-taxable","13":"purchasable","14":"product-type-variable"},"jetpack_sharing_enabled":true,"_links":{"self":[{"href":"https:\/\/www.europesstore.com\/en\/wp-json\/wp\/v2\/product\/17132","targetHints":{"allow":["GET"]}}],"collection":[{"href":"https:\/\/www.europesstore.com\/en\/wp-json\/wp\/v2\/product"}],"about":[{"href":"https:\/\/www.europesstore.com\/en\/wp-json\/wp\/v2\/types\/product"}],"replies":[{"embeddable":true,"href":"https:\/\/www.europesstore.com\/en\/wp-json\/wp\/v2\/comments?post=17132"}],"wp:featuredmedia":[{"embeddable":true,"href":"https:\/\/www.europesstore.com\/en\/wp-json\/wp\/v2\/media\/17169"}],"wp:attachment":[{"href":"https:\/\/www.europesstore.com\/en\/wp-json\/wp\/v2\/media?parent=17132"}],"wp:term":[{"taxonomy":"product_brand","embeddable":true,"href":"https:\/\/www.europesstore.com\/en\/wp-json\/wp\/v2\/product_brand?post=17132"},{"taxonomy":"product_cat","embeddable":true,"href":"https:\/\/www.europesstore.com\/en\/wp-json\/wp\/v2\/product_cat?post=17132"},{"taxonomy":"product_tag","embeddable":true,"href":"https:\/\/www.europesstore.com\/en\/wp-json\/wp\/v2\/product_tag?post=17132"}],"curies":[{"name":"wp","href":"https:\/\/api.w.org\/{rel}","templated":true}]}}