{"id":17135,"date":"2026-01-12T16:26:00","date_gmt":"2026-01-12T16:26:00","guid":{"rendered":"https:\/\/www.europesstore.com\/?post_type=product&#038;p=17135"},"modified":"2026-01-12T16:29:00","modified_gmt":"2026-01-12T16:29:00","slug":"palazzo-cimali-pantolon-pnt100135-pembe","status":"publish","type":"product","link":"https:\/\/www.europesstore.com\/en\/product\/palazzo-cimali-pantolon-pnt100135-pembe\/","title":{"rendered":"Palazzo \u00c7\u0131mal\u0131 Pantolon  PNT100135 &#8211; Pembe"},"content":{"rendered":"<p data-start=\"22\" data-end=\"388\">Modern ve zarif bir stile sahip bu y\u00fcksek bel, geni\u015f pa\u00e7al\u0131 pantolon; rahatl\u0131\u011f\u0131 ve \u015f\u0131kl\u0131\u011f\u0131 bir arada sunar. \u00a0Hem g\u00fcnl\u00fck kombinlerde hem de ofis \u015f\u0131kl\u0131\u011f\u0131nda kolayca tercih edilebilir. Diki\u015f detaylar\u0131yla kusursuz bir duru\u015f sa\u011flayan pantolon, hafif kuma\u015f\u0131 sayesinde g\u00fcn boyu konfor sunar. Topuklu ayakkab\u0131lar veya d\u00fcz sandaletlerle rahat\u00e7a kombinlenebilir.<\/p>\n<ul data-start=\"390\" data-end=\"559\">\n<li data-start=\"390\" data-end=\"432\">\n<p data-start=\"392\" data-end=\"432\"><strong data-start=\"392\" data-end=\"402\">Kuma\u015f:<\/strong> Yumu\u015fak dokulu dokuma kuma\u015f<\/p>\n<\/li>\n<li data-start=\"433\" data-end=\"470\">\n<p data-start=\"435\" data-end=\"470\"><strong data-start=\"435\" data-end=\"445\">Kal\u0131p:<\/strong> Geni\u015f pa\u00e7a, y\u00fcksek bel<\/p>\n<\/li>\n<li data-start=\"501\" data-end=\"559\">\n<p data-start=\"503\" data-end=\"559\"><strong data-start=\"503\" data-end=\"516\">Kullan\u0131m:<\/strong> G\u00fcnl\u00fck, ofis ve \u00f6zel davetler i\u00e7in ideal<\/p>\n<p>Beden : S-M-L<br \/>\nBoy : 95 cm<\/li>\n<\/ul>","protected":false},"excerpt":{"rendered":"<p>Modern ve zarif bir stile sahip bu y\u00fcksek bel, geni\u015f pa\u00e7al\u0131 pantolon; rahatl\u0131\u011f\u0131 ve \u015f\u0131kl\u0131\u011f\u0131 bir arada sunar. \u00a0Hem g\u00fcnl\u00fck kombinlerde hem de ofis \u015f\u0131kl\u0131\u011f\u0131nda kolayca tercih edilebilir. Diki\u015f detaylar\u0131yla kusursuz bir duru\u015f sa\u011flayan pantolon, hafif kuma\u015f\u0131 sayesinde g\u00fcn boyu konfor sunar. Topuklu ayakkab\u0131lar veya d\u00fcz sandaletlerle rahat\u00e7a kombinlenebilir. Kuma\u015f: Yumu\u015fak dokulu dokuma kuma\u015f Kal\u0131p: [&hellip;]<\/p>","protected":false},"featured_media":17173,"comment_status":"open","ping_status":"closed","template":"","meta":[],"product_brand":[],"product_cat":[967],"product_tag":[],"class_list":{"0":"post-17135","1":"product","2":"type-product","3":"status-publish","4":"has-post-thumbnail","6":"product_cat-accessories","8":"first","9":"outofstock","10":"sale","11":"shipping-taxable","12":"purchasable","13":"product-type-variable"},"jetpack_sharing_enabled":true,"_links":{"self":[{"href":"https:\/\/www.europesstore.com\/en\/wp-json\/wp\/v2\/product\/17135","targetHints":{"allow":["GET"]}}],"collection":[{"href":"https:\/\/www.europesstore.com\/en\/wp-json\/wp\/v2\/product"}],"about":[{"href":"https:\/\/www.europesstore.com\/en\/wp-json\/wp\/v2\/types\/product"}],"replies":[{"embeddable":true,"href":"https:\/\/www.europesstore.com\/en\/wp-json\/wp\/v2\/comments?post=17135"}],"wp:featuredmedia":[{"embeddable":true,"href":"https:\/\/www.europesstore.com\/en\/wp-json\/wp\/v2\/media\/17173"}],"wp:attachment":[{"href":"https:\/\/www.europesstore.com\/en\/wp-json\/wp\/v2\/media?parent=17135"}],"wp:term":[{"taxonomy":"product_brand","embeddable":true,"href":"https:\/\/www.europesstore.com\/en\/wp-json\/wp\/v2\/product_brand?post=17135"},{"taxonomy":"product_cat","embeddable":true,"href":"https:\/\/www.europesstore.com\/en\/wp-json\/wp\/v2\/product_cat?post=17135"},{"taxonomy":"product_tag","embeddable":true,"href":"https:\/\/www.europesstore.com\/en\/wp-json\/wp\/v2\/product_tag?post=17135"}],"curies":[{"name":"wp","href":"https:\/\/api.w.org\/{rel}","templated":true}]}}