{"id":17143,"date":"2026-01-12T16:26:01","date_gmt":"2026-01-12T16:26:01","guid":{"rendered":"https:\/\/www.europesstore.com\/?post_type=product&#038;p=17143"},"modified":"2026-01-12T16:29:13","modified_gmt":"2026-01-12T16:29:13","slug":"hola-motif-desen-ikili-takim-tk100145-adacayi","status":"publish","type":"product","link":"https:\/\/www.europesstore.com\/en\/product\/hola-motif-desen-ikili-takim-tk100145-adacayi\/","title":{"rendered":"Hola Motif Desen \u0130kili Tak\u0131m TK100145 &#8211; Ada\u00e7ay\u0131"},"content":{"rendered":"<p data-start=\"26\" data-end=\"637\">Do\u011fal tonlar\u0131n huzur veren \u015f\u0131kl\u0131\u011f\u0131n\u0131 yans\u0131tan bu haki-bej aras\u0131 tonlardaki tak\u0131m, \u00f6zg\u00fcn dokulu kuma\u015f\u0131yla modern bir g\u00f6r\u00fcn\u00fcm sunuyor. Sala\u015f kesimiyle rahatl\u0131k sa\u011flarken, \u00f6n\u00fcndeki ba\u011fc\u0131k detay\u0131 kombine zarif bir dokunu\u015f kat\u0131yor. Nefes alan kuma\u015f\u0131 sayesinde hem g\u00fcnl\u00fck ya\u015famda hem de \u00f6zel anlarda konforla tercih edebilece\u011finiz bir par\u00e7a.<\/p>\n<p>Keten kuma\u015ft\u0131r, pantolon beli lastiklidir.<\/p>\n<p>\u00dcr\u00fcn \u00d6l\u00e7\u00fcleri :<\/p>\n<p>\u00dcst: 75 cm<br \/>\nAlt: 100 cm<\/p>\n<p>MANKEN B\u0130LG\u0130S\u0130<\/p>\n<p>BOY : 160 CM KG : 50 KG<\/p>\n<p>Bak\u0131m ve Y\u0131kama Talimat\u0131<\/p>\n<ul>\n<li data-start=\"1047\" data-end=\"1087\">\n<p data-start=\"1049\" data-end=\"1087\">30\u202f\u00b0C\u2019de hassas programda y\u0131kay\u0131n\u0131z.<\/p>\n<\/li>\n<li data-start=\"1088\" data-end=\"1152\">\n<p data-start=\"1090\" data-end=\"1152\">Benzer renklerle birlikte y\u0131kay\u0131n\u0131z, a\u011fart\u0131c\u0131 kullanmay\u0131n\u0131z.<\/p>\n<\/li>\n<li data-start=\"1153\" data-end=\"1216\">\n<p data-start=\"1155\" data-end=\"1216\">D\u00fc\u015f\u00fck \u0131s\u0131da tersten \u00fct\u00fcleyiniz; kurutma makinesi \u00f6nerilmez.<\/p>\n<\/li>\n<li data-start=\"1217\" data-end=\"1260\">\n<p data-start=\"1219\" data-end=\"1260\">Uzun \u00f6m\u00fcrl\u00fc kullan\u0131m i\u00e7in asarak kurutun.<\/p>\n<\/li>\n<\/ul>","protected":false},"excerpt":{"rendered":"<p>Do\u011fal tonlar\u0131n huzur veren \u015f\u0131kl\u0131\u011f\u0131n\u0131 yans\u0131tan bu haki-bej aras\u0131 tonlardaki tak\u0131m, \u00f6zg\u00fcn dokulu kuma\u015f\u0131yla modern bir g\u00f6r\u00fcn\u00fcm sunuyor. Sala\u015f kesimiyle rahatl\u0131k sa\u011flarken, \u00f6n\u00fcndeki ba\u011fc\u0131k detay\u0131 kombine zarif bir dokunu\u015f kat\u0131yor. Nefes alan kuma\u015f\u0131 sayesinde hem g\u00fcnl\u00fck ya\u015famda hem de \u00f6zel anlarda konforla tercih edebilece\u011finiz bir par\u00e7a. Keten kuma\u015ft\u0131r, pantolon beli lastiklidir. \u00dcr\u00fcn \u00d6l\u00e7\u00fcleri : \u00dcst: [&hellip;]<\/p>","protected":false},"featured_media":17186,"comment_status":"open","ping_status":"closed","template":"","meta":[],"product_brand":[],"product_cat":[967,970],"product_tag":[],"class_list":{"0":"post-17143","1":"product","2":"type-product","3":"status-publish","4":"has-post-thumbnail","6":"product_cat-accessories","7":"product_cat-takim","9":"first","10":"outofstock","11":"sale","12":"shipping-taxable","13":"purchasable","14":"product-type-variable"},"jetpack_sharing_enabled":true,"_links":{"self":[{"href":"https:\/\/www.europesstore.com\/en\/wp-json\/wp\/v2\/product\/17143","targetHints":{"allow":["GET"]}}],"collection":[{"href":"https:\/\/www.europesstore.com\/en\/wp-json\/wp\/v2\/product"}],"about":[{"href":"https:\/\/www.europesstore.com\/en\/wp-json\/wp\/v2\/types\/product"}],"replies":[{"embeddable":true,"href":"https:\/\/www.europesstore.com\/en\/wp-json\/wp\/v2\/comments?post=17143"}],"wp:featuredmedia":[{"embeddable":true,"href":"https:\/\/www.europesstore.com\/en\/wp-json\/wp\/v2\/media\/17186"}],"wp:attachment":[{"href":"https:\/\/www.europesstore.com\/en\/wp-json\/wp\/v2\/media?parent=17143"}],"wp:term":[{"taxonomy":"product_brand","embeddable":true,"href":"https:\/\/www.europesstore.com\/en\/wp-json\/wp\/v2\/product_brand?post=17143"},{"taxonomy":"product_cat","embeddable":true,"href":"https:\/\/www.europesstore.com\/en\/wp-json\/wp\/v2\/product_cat?post=17143"},{"taxonomy":"product_tag","embeddable":true,"href":"https:\/\/www.europesstore.com\/en\/wp-json\/wp\/v2\/product_tag?post=17143"}],"curies":[{"name":"wp","href":"https:\/\/api.w.org\/{rel}","templated":true}]}}