{"id":17145,"date":"2026-01-12T16:26:01","date_gmt":"2026-01-12T16:26:01","guid":{"rendered":"https:\/\/www.europesstore.com\/?post_type=product&#038;p=17145"},"modified":"2026-01-12T16:29:13","modified_gmt":"2026-01-12T16:29:13","slug":"hola-motif-desen-ikili-takim-tk100147-gul-pembe","status":"publish","type":"product","link":"https:\/\/www.europesstore.com\/en\/product\/hola-motif-desen-ikili-takim-tk100147-gul-pembe\/","title":{"rendered":"Hola Motif Desen \u0130kili Tak\u0131m TK100147 &#8211; G\u00fcl Pembe"},"content":{"rendered":"<p data-start=\"26\" data-end=\"637\">Pastel pembenin zarif tonu ile tasarlanan bu tak\u0131m, dokulu kuma\u015f\u0131 ve sala\u015f kesimiyle konforlu bir \u015f\u0131kl\u0131k sunuyor. \u00d6n k\u0131sm\u0131ndaki ba\u011fc\u0131k detaylar\u0131 modern bir hava katarken, hafif yap\u0131s\u0131 sayesinde yaz ve bahar aylar\u0131nda rahatl\u0131kla kullan\u0131labilir. G\u00fcnl\u00fck stilinize romantik ve soft bir dokunu\u015f eklemek isteyenler i\u00e7in ideal bir tercih.<\/p>\n<p>Keten kuma\u015ft\u0131r, pantolon beli lastiklidir.<\/p>\n<p>\u00dcr\u00fcn \u00d6l\u00e7\u00fcleri :<\/p>\n<p>\u00dcst: 75 cm<br \/>\nAlt: 100 cm<\/p>\n<p>MANKEN B\u0130LG\u0130S\u0130<\/p>\n<p>BOY : 160 CM KG : 50 KG<\/p>\n<p>Bak\u0131m ve Y\u0131kama Talimat\u0131<\/p>\n<ul>\n<li data-start=\"1047\" data-end=\"1087\">\n<p data-start=\"1049\" data-end=\"1087\">30\u202f\u00b0C\u2019de hassas programda y\u0131kay\u0131n\u0131z.<\/p>\n<\/li>\n<li data-start=\"1088\" data-end=\"1152\">\n<p data-start=\"1090\" data-end=\"1152\">Benzer renklerle birlikte y\u0131kay\u0131n\u0131z, a\u011fart\u0131c\u0131 kullanmay\u0131n\u0131z.<\/p>\n<\/li>\n<li data-start=\"1153\" data-end=\"1216\">\n<p data-start=\"1155\" data-end=\"1216\">D\u00fc\u015f\u00fck \u0131s\u0131da tersten \u00fct\u00fcleyiniz; kurutma makinesi \u00f6nerilmez.<\/p>\n<\/li>\n<li data-start=\"1217\" data-end=\"1260\">\n<p data-start=\"1219\" data-end=\"1260\">Uzun \u00f6m\u00fcrl\u00fc kullan\u0131m i\u00e7in asarak kurutun.<\/p>\n<\/li>\n<\/ul>","protected":false},"excerpt":{"rendered":"<p>Pastel pembenin zarif tonu ile tasarlanan bu tak\u0131m, dokulu kuma\u015f\u0131 ve sala\u015f kesimiyle konforlu bir \u015f\u0131kl\u0131k sunuyor. \u00d6n k\u0131sm\u0131ndaki ba\u011fc\u0131k detaylar\u0131 modern bir hava katarken, hafif yap\u0131s\u0131 sayesinde yaz ve bahar aylar\u0131nda rahatl\u0131kla kullan\u0131labilir. G\u00fcnl\u00fck stilinize romantik ve soft bir dokunu\u015f eklemek isteyenler i\u00e7in ideal bir tercih. Keten kuma\u015ft\u0131r, pantolon beli lastiklidir. \u00dcr\u00fcn \u00d6l\u00e7\u00fcleri : [&hellip;]<\/p>","protected":false},"featured_media":17195,"comment_status":"open","ping_status":"closed","template":"","meta":[],"product_brand":[],"product_cat":[967,970],"product_tag":[],"class_list":{"0":"post-17145","1":"product","2":"type-product","3":"status-publish","4":"has-post-thumbnail","6":"product_cat-accessories","7":"product_cat-takim","9":"first","10":"outofstock","11":"sale","12":"shipping-taxable","13":"purchasable","14":"product-type-variable"},"jetpack_sharing_enabled":true,"_links":{"self":[{"href":"https:\/\/www.europesstore.com\/en\/wp-json\/wp\/v2\/product\/17145","targetHints":{"allow":["GET"]}}],"collection":[{"href":"https:\/\/www.europesstore.com\/en\/wp-json\/wp\/v2\/product"}],"about":[{"href":"https:\/\/www.europesstore.com\/en\/wp-json\/wp\/v2\/types\/product"}],"replies":[{"embeddable":true,"href":"https:\/\/www.europesstore.com\/en\/wp-json\/wp\/v2\/comments?post=17145"}],"wp:featuredmedia":[{"embeddable":true,"href":"https:\/\/www.europesstore.com\/en\/wp-json\/wp\/v2\/media\/17195"}],"wp:attachment":[{"href":"https:\/\/www.europesstore.com\/en\/wp-json\/wp\/v2\/media?parent=17145"}],"wp:term":[{"taxonomy":"product_brand","embeddable":true,"href":"https:\/\/www.europesstore.com\/en\/wp-json\/wp\/v2\/product_brand?post=17145"},{"taxonomy":"product_cat","embeddable":true,"href":"https:\/\/www.europesstore.com\/en\/wp-json\/wp\/v2\/product_cat?post=17145"},{"taxonomy":"product_tag","embeddable":true,"href":"https:\/\/www.europesstore.com\/en\/wp-json\/wp\/v2\/product_tag?post=17145"}],"curies":[{"name":"wp","href":"https:\/\/api.w.org\/{rel}","templated":true}]}}