{"id":17146,"date":"2026-01-12T16:26:01","date_gmt":"2026-01-12T16:26:01","guid":{"rendered":"https:\/\/www.europesstore.com\/?post_type=product&#038;p=17146"},"modified":"2026-01-12T16:29:13","modified_gmt":"2026-01-12T16:29:13","slug":"elvin-ikili-takim-tk100148-pembe-ruya","status":"publish","type":"product","link":"https:\/\/www.europesstore.com\/en\/product\/elvin-ikili-takim-tk100148-pembe-ruya\/","title":{"rendered":"Elvin \u0130kili Tak\u0131m TK100148 &#8211; Pembe R\u00fcya"},"content":{"rendered":"<p data-start=\"0\" data-end=\"352\">Yumu\u015fak pastel pembe tonuyla tasarlanan bu tak\u0131m, hafif ve d\u00f6k\u00fcml\u00fc yap\u0131s\u0131yla g\u00fcn boyu konfor sunar. \u00d6n k\u0131sm\u0131ndaki ba\u011fc\u0131k detaylar\u0131 hem modern hem de zarif bir g\u00f6r\u00fcn\u00fcm kazand\u0131r\u0131rken, sala\u015f kesimi sayesinde rahat bir kullan\u0131m sa\u011flar. \u0130nce dokulu kuma\u015f\u0131yla yaz ve bahar aylar\u0131nda hafif \u015f\u0131kl\u0131k arayanlar i\u00e7in m\u00fckemmel bir se\u00e7imdir.<\/p>\n<p data-start=\"354\" data-end=\"375\"><strong data-start=\"354\" data-end=\"373\">Kuma\u015f \u00d6zelli\u011fi:<\/strong><\/p>\n<ul data-start=\"376\" data-end=\"430\">\n<li data-start=\"376\" data-end=\"404\">\n<p data-start=\"378\" data-end=\"404\">\u0130nce ve nefes alan kuma\u015f<\/p>\n<\/li>\n<li data-start=\"405\" data-end=\"430\">\n<p data-start=\"407\" data-end=\"430\">Rahat ve d\u00f6k\u00fcml\u00fc yap\u0131<\/p>\n<\/li>\n<\/ul>\n<p data-start=\"578\" data-end=\"672\" data-is-last-node=\"\" data-is-only-node=\"\">G\u00fcn boyu konfor, uzun s\u00fcreli formunu koruyan kalite ve modern \u00e7izgiler\u2026 Hepsi tek bir tak\u0131mda!<\/p>\n<p>Ceket Boy: 70cm<br \/>\nPantolon Boy: 105cm<\/p>\n<p>-Kuma\u015f : \u00a0 M\u00fcslin<\/p>\n<p>Bak\u0131m ve Y\u0131kama Talimat\u0131<\/p>\n<ul>\n<li data-start=\"1047\" data-end=\"1087\">\n<p data-start=\"1049\" data-end=\"1087\">30\u202f\u00b0C\u2019de hassas programda y\u0131kay\u0131n\u0131z.<\/p>\n<\/li>\n<li data-start=\"1088\" data-end=\"1152\">\n<p data-start=\"1090\" data-end=\"1152\">Benzer renklerle birlikte y\u0131kay\u0131n\u0131z, a\u011fart\u0131c\u0131 kullanmay\u0131n\u0131z.<\/p>\n<\/li>\n<li data-start=\"1153\" data-end=\"1216\">\n<p data-start=\"1155\" data-end=\"1216\">D\u00fc\u015f\u00fck \u0131s\u0131da tersten \u00fct\u00fcleyiniz; kurutma makinesi \u00f6nerilmez.<\/p>\n<\/li>\n<li data-start=\"1217\" data-end=\"1260\">\n<p data-start=\"1219\" data-end=\"1260\">Uzun \u00f6m\u00fcrl\u00fc kullan\u0131m i\u00e7in asarak kurutun.<\/p>\n<\/li>\n<\/ul>","protected":false},"excerpt":{"rendered":"<p>Yumu\u015fak pastel pembe tonuyla tasarlanan bu tak\u0131m, hafif ve d\u00f6k\u00fcml\u00fc yap\u0131s\u0131yla g\u00fcn boyu konfor sunar. \u00d6n k\u0131sm\u0131ndaki ba\u011fc\u0131k detaylar\u0131 hem modern hem de zarif bir g\u00f6r\u00fcn\u00fcm kazand\u0131r\u0131rken, sala\u015f kesimi sayesinde rahat bir kullan\u0131m sa\u011flar. \u0130nce dokulu kuma\u015f\u0131yla yaz ve bahar aylar\u0131nda hafif \u015f\u0131kl\u0131k arayanlar i\u00e7in m\u00fckemmel bir se\u00e7imdir. Kuma\u015f \u00d6zelli\u011fi: \u0130nce ve nefes alan kuma\u015f [&hellip;]<\/p>","protected":false},"featured_media":17196,"comment_status":"open","ping_status":"closed","template":"","meta":[],"product_brand":[],"product_cat":[967,970],"product_tag":[],"class_list":{"0":"post-17146","1":"product","2":"type-product","3":"status-publish","4":"has-post-thumbnail","6":"product_cat-accessories","7":"product_cat-takim","9":"first","10":"outofstock","11":"sale","12":"shipping-taxable","13":"purchasable","14":"product-type-variable"},"jetpack_sharing_enabled":true,"_links":{"self":[{"href":"https:\/\/www.europesstore.com\/en\/wp-json\/wp\/v2\/product\/17146","targetHints":{"allow":["GET"]}}],"collection":[{"href":"https:\/\/www.europesstore.com\/en\/wp-json\/wp\/v2\/product"}],"about":[{"href":"https:\/\/www.europesstore.com\/en\/wp-json\/wp\/v2\/types\/product"}],"replies":[{"embeddable":true,"href":"https:\/\/www.europesstore.com\/en\/wp-json\/wp\/v2\/comments?post=17146"}],"wp:featuredmedia":[{"embeddable":true,"href":"https:\/\/www.europesstore.com\/en\/wp-json\/wp\/v2\/media\/17196"}],"wp:attachment":[{"href":"https:\/\/www.europesstore.com\/en\/wp-json\/wp\/v2\/media?parent=17146"}],"wp:term":[{"taxonomy":"product_brand","embeddable":true,"href":"https:\/\/www.europesstore.com\/en\/wp-json\/wp\/v2\/product_brand?post=17146"},{"taxonomy":"product_cat","embeddable":true,"href":"https:\/\/www.europesstore.com\/en\/wp-json\/wp\/v2\/product_cat?post=17146"},{"taxonomy":"product_tag","embeddable":true,"href":"https:\/\/www.europesstore.com\/en\/wp-json\/wp\/v2\/product_tag?post=17146"}],"curies":[{"name":"wp","href":"https:\/\/api.w.org\/{rel}","templated":true}]}}