{"id":17147,"date":"2026-01-12T16:26:02","date_gmt":"2026-01-12T16:26:02","guid":{"rendered":"https:\/\/www.europesstore.com\/?post_type=product&#038;p=17147"},"modified":"2026-01-12T16:29:13","modified_gmt":"2026-01-12T16:29:13","slug":"elvin-ikili-takim-tk100149-buz-mavi","status":"publish","type":"product","link":"https:\/\/www.europesstore.com\/en\/product\/elvin-ikili-takim-tk100149-buz-mavi\/","title":{"rendered":"Elvin \u0130kili Tak\u0131m TK100149 &#8211; Buz Mavi"},"content":{"rendered":"<p data-start=\"0\" data-end=\"320\">Ferahl\u0131k hissi veren a\u00e7\u0131k mavi tonuyla tasarlanan bu tak\u0131m, sala\u015f kesimi ve ba\u011fc\u0131k detaylar\u0131yla modern bir \u015f\u0131kl\u0131k sunuyor. Hafif ve nefes alan kuma\u015f\u0131 sayesinde \u00f6zellikle yaz ve bahar aylar\u0131nda rahatl\u0131kla kullan\u0131labilir. Minimal tasar\u0131m\u0131yla g\u00fcnl\u00fck \u015f\u0131kl\u0131\u011f\u0131 yans\u0131t\u0131rken, konforu da \u00f6n planda tutar.<\/p>\n<p data-start=\"322\" data-end=\"343\"><strong data-start=\"322\" data-end=\"341\">Kuma\u015f \u00d6zelli\u011fi:<\/strong><\/p>\n<ul data-start=\"344\" data-end=\"403\">\n<li data-start=\"344\" data-end=\"374\">\n<p data-start=\"346\" data-end=\"374\">\u0130nce ve hafif dokulu kuma\u015f<\/p>\n<\/li>\n<li data-start=\"375\" data-end=\"403\">\n<p data-start=\"377\" data-end=\"403\">Nefes alan, d\u00f6k\u00fcml\u00fc yap\u0131<\/p>\n<\/li>\n<\/ul>\n<p data-start=\"578\" data-end=\"672\" data-is-last-node=\"\" data-is-only-node=\"\">G\u00fcn boyu konfor, uzun s\u00fcreli formunu koruyan kalite ve modern \u00e7izgiler\u2026 Hepsi tek bir tak\u0131mda!<\/p>\n<p>Ceket Boy: 70cm<br \/>\nPantolon Boy: 105cm<\/p>\n<p>-Kuma\u015f : \u00a0 M\u00fcslin<\/p>\n<p>Bak\u0131m ve Y\u0131kama Talimat\u0131<\/p>\n<ul>\n<li data-start=\"1047\" data-end=\"1087\">\n<p data-start=\"1049\" data-end=\"1087\">30\u202f\u00b0C\u2019de hassas programda y\u0131kay\u0131n\u0131z.<\/p>\n<\/li>\n<li data-start=\"1088\" data-end=\"1152\">\n<p data-start=\"1090\" data-end=\"1152\">Benzer renklerle birlikte y\u0131kay\u0131n\u0131z, a\u011fart\u0131c\u0131 kullanmay\u0131n\u0131z.<\/p>\n<\/li>\n<li data-start=\"1153\" data-end=\"1216\">\n<p data-start=\"1155\" data-end=\"1216\">D\u00fc\u015f\u00fck \u0131s\u0131da tersten \u00fct\u00fcleyiniz; kurutma makinesi \u00f6nerilmez.<\/p>\n<\/li>\n<li data-start=\"1217\" data-end=\"1260\">\n<p data-start=\"1219\" data-end=\"1260\">Uzun \u00f6m\u00fcrl\u00fc kullan\u0131m i\u00e7in asarak kurutun.<\/p>\n<\/li>\n<\/ul>","protected":false},"excerpt":{"rendered":"<p>Ferahl\u0131k hissi veren a\u00e7\u0131k mavi tonuyla tasarlanan bu tak\u0131m, sala\u015f kesimi ve ba\u011fc\u0131k detaylar\u0131yla modern bir \u015f\u0131kl\u0131k sunuyor. Hafif ve nefes alan kuma\u015f\u0131 sayesinde \u00f6zellikle yaz ve bahar aylar\u0131nda rahatl\u0131kla kullan\u0131labilir. Minimal tasar\u0131m\u0131yla g\u00fcnl\u00fck \u015f\u0131kl\u0131\u011f\u0131 yans\u0131t\u0131rken, konforu da \u00f6n planda tutar. Kuma\u015f \u00d6zelli\u011fi: \u0130nce ve hafif dokulu kuma\u015f Nefes alan, d\u00f6k\u00fcml\u00fc yap\u0131 G\u00fcn boyu konfor, [&hellip;]<\/p>","protected":false},"featured_media":17197,"comment_status":"open","ping_status":"closed","template":"","meta":[],"product_brand":[],"product_cat":[967,970],"product_tag":[],"class_list":{"0":"post-17147","1":"product","2":"type-product","3":"status-publish","4":"has-post-thumbnail","6":"product_cat-accessories","7":"product_cat-takim","9":"first","10":"outofstock","11":"sale","12":"shipping-taxable","13":"purchasable","14":"product-type-variable"},"jetpack_sharing_enabled":true,"_links":{"self":[{"href":"https:\/\/www.europesstore.com\/en\/wp-json\/wp\/v2\/product\/17147","targetHints":{"allow":["GET"]}}],"collection":[{"href":"https:\/\/www.europesstore.com\/en\/wp-json\/wp\/v2\/product"}],"about":[{"href":"https:\/\/www.europesstore.com\/en\/wp-json\/wp\/v2\/types\/product"}],"replies":[{"embeddable":true,"href":"https:\/\/www.europesstore.com\/en\/wp-json\/wp\/v2\/comments?post=17147"}],"wp:featuredmedia":[{"embeddable":true,"href":"https:\/\/www.europesstore.com\/en\/wp-json\/wp\/v2\/media\/17197"}],"wp:attachment":[{"href":"https:\/\/www.europesstore.com\/en\/wp-json\/wp\/v2\/media?parent=17147"}],"wp:term":[{"taxonomy":"product_brand","embeddable":true,"href":"https:\/\/www.europesstore.com\/en\/wp-json\/wp\/v2\/product_brand?post=17147"},{"taxonomy":"product_cat","embeddable":true,"href":"https:\/\/www.europesstore.com\/en\/wp-json\/wp\/v2\/product_cat?post=17147"},{"taxonomy":"product_tag","embeddable":true,"href":"https:\/\/www.europesstore.com\/en\/wp-json\/wp\/v2\/product_tag?post=17147"}],"curies":[{"name":"wp","href":"https:\/\/api.w.org\/{rel}","templated":true}]}}