{"id":17166,"date":"2026-01-12T16:26:27","date_gmt":"2026-01-12T16:26:27","guid":{"rendered":"https:\/\/www.europesstore.com\/?post_type=product&#038;p=17166"},"modified":"2026-01-12T16:29:37","modified_gmt":"2026-01-12T16:29:37","slug":"perla-miss-elbise-buyuk-beden-l100169-pastel-limon","status":"publish","type":"product","link":"https:\/\/www.europesstore.com\/en\/product\/perla-miss-elbise-buyuk-beden-l100169-pastel-limon\/","title":{"rendered":"Perla Miss Elbise B\u00dcY\u00dcK BEDEN  L100169 &#8211; Pastel Limon"},"content":{"rendered":"<p data-start=\"1799\" data-end=\"1944\">Pastel Limon, yumu\u015fak sar\u0131 alt tonu ve k\u0131r\u0131k beyaz\u0131n dinginli\u011fiyle birle\u015ferek ferah bir yaz enerjisi sunar. Ne \u00e7ok parlak ne de soluk olan bu ton, g\u00f6z yormadan s\u0131cakl\u0131k katar. \u00d6zellikle keten ve pamuklu dokularda, do\u011fall\u0131\u011f\u0131 ve hafifli\u011fi \u00f6n plana \u00e7\u0131karan zarif bir yaz rengi olarak \u00f6ne \u00e7\u0131kar.<\/p>\n<p>Kuma\u015f : \u00a0Modal<\/p>\n<p class=\"selectable-text copyable-text x15bjb6t x1n2onr6\" dir=\"ltr\"><span class=\"selectable-text copyable-text xkrh14z\">\u00d6l\u00e7\u00fcler, 42-44-46-48-50<\/span><\/p>\n<p class=\"selectable-text copyable-text x15bjb6t x1n2onr6\" dir=\"ltr\"><span class=\"selectable-text copyable-text xkrh14z\">\u00dcst geni\u015flik 106 cm<\/span><\/p>\n<p class=\"selectable-text copyable-text x15bjb6t x1n2onr6\" dir=\"ltr\"><span class=\"selectable-text copyable-text xkrh14z\">Elbise boy 137 cm<\/span><\/p>\n<p class=\"selectable-text copyable-text x15bjb6t x1n2onr6\" dir=\"ltr\"><span class=\"selectable-text copyable-text xkrh14z\">Manken boy 1.70<\/span><\/p>\n<p>Bak\u0131m Talimat\u0131<\/p>\n<p data-start=\"955\" data-end=\"1101\">30\u202f\u00b0C\u2019de hassas programda ters \u00e7evirerek y\u0131kay\u0131n\u0131z. D\u00fc\u015f\u00fck \u0131s\u0131da buharl\u0131 \u00fct\u00fcleyiniz. A\u011fart\u0131c\u0131 ve tamburlu kurutma kullanmay\u0131n\u0131z; g\u00f6lgede kurutunuz.<\/p>","protected":false},"excerpt":{"rendered":"<p>Pastel Limon, yumu\u015fak sar\u0131 alt tonu ve k\u0131r\u0131k beyaz\u0131n dinginli\u011fiyle birle\u015ferek ferah bir yaz enerjisi sunar. Ne \u00e7ok parlak ne de soluk olan bu ton, g\u00f6z yormadan s\u0131cakl\u0131k katar. \u00d6zellikle keten ve pamuklu dokularda, do\u011fall\u0131\u011f\u0131 ve hafifli\u011fi \u00f6n plana \u00e7\u0131karan zarif bir yaz rengi olarak \u00f6ne \u00e7\u0131kar. Kuma\u015f : \u00a0Modal \u00d6l\u00e7\u00fcler, 42-44-46-48-50 \u00dcst geni\u015flik 106 [&hellip;]<\/p>","protected":false},"featured_media":17222,"comment_status":"open","ping_status":"closed","template":"","meta":[],"product_brand":[],"product_cat":[967,969],"product_tag":[],"class_list":{"0":"post-17166","1":"product","2":"type-product","3":"status-publish","4":"has-post-thumbnail","6":"product_cat-accessories","7":"product_cat-elbise","9":"first","10":"instock","11":"sale","12":"shipping-taxable","13":"purchasable","14":"product-type-variable"},"jetpack_sharing_enabled":true,"_links":{"self":[{"href":"https:\/\/www.europesstore.com\/en\/wp-json\/wp\/v2\/product\/17166","targetHints":{"allow":["GET"]}}],"collection":[{"href":"https:\/\/www.europesstore.com\/en\/wp-json\/wp\/v2\/product"}],"about":[{"href":"https:\/\/www.europesstore.com\/en\/wp-json\/wp\/v2\/types\/product"}],"replies":[{"embeddable":true,"href":"https:\/\/www.europesstore.com\/en\/wp-json\/wp\/v2\/comments?post=17166"}],"wp:featuredmedia":[{"embeddable":true,"href":"https:\/\/www.europesstore.com\/en\/wp-json\/wp\/v2\/media\/17222"}],"wp:attachment":[{"href":"https:\/\/www.europesstore.com\/en\/wp-json\/wp\/v2\/media?parent=17166"}],"wp:term":[{"taxonomy":"product_brand","embeddable":true,"href":"https:\/\/www.europesstore.com\/en\/wp-json\/wp\/v2\/product_brand?post=17166"},{"taxonomy":"product_cat","embeddable":true,"href":"https:\/\/www.europesstore.com\/en\/wp-json\/wp\/v2\/product_cat?post=17166"},{"taxonomy":"product_tag","embeddable":true,"href":"https:\/\/www.europesstore.com\/en\/wp-json\/wp\/v2\/product_tag?post=17166"}],"curies":[{"name":"wp","href":"https:\/\/api.w.org\/{rel}","templated":true}]}}