{"id":17178,"date":"2026-01-12T16:26:50","date_gmt":"2026-01-12T16:26:50","guid":{"rendered":"https:\/\/www.europesstore.com\/?post_type=product&#038;p=17178"},"modified":"2026-01-12T16:29:38","modified_gmt":"2026-01-12T16:29:38","slug":"elena-mira-elbise-l100166-lacivert","status":"publish","type":"product","link":"https:\/\/www.europesstore.com\/en\/product\/elena-mira-elbise-l100166-lacivert\/","title":{"rendered":"Elena Mira Elbise  L100166 &#8211; Lacivert"},"content":{"rendered":"<p data-start=\"154\" data-end=\"425\">Pamuklu m\u00fcslinin nefes alan hafifli\u011fi ile ketenin do\u011fal dokusunu bir araya getiren \u00a0 \u00a0, yaz g\u00fcnlerine lay\u0131k tatl\u0131 bir serinlik sunar. Hareket ettik\u00e7e dalgalanarak g\u00fcne\u015f \u0131\u015f\u0131\u011f\u0131n\u0131 elbisenizin her k\u0131vr\u0131m\u0131nda yakalar.<\/p>\n<p>%100 pamuktan \u00fcretilen \u00e7ift katl\u0131 m\u00fcslin, hafif dalgal\u0131 dokusu ve yumu\u015fak tutu\u015fuyla \u00f6zellikle yaz mevsiminin vazge\u00e7ilmez kuma\u015f\u0131d\u0131r. Nefes alan yap\u0131s\u0131 sayesinde teri h\u0131zla buharla\u015ft\u0131r\u0131r; hassas ciltlerde dahi tahri\u015f yapmaz. Do\u011fal lifleri, her y\u0131kamada biraz daha yumu\u015fayarak konfor seviyesini art\u0131r\u0131r.<\/p>\n<p>30\u202f\u00b0C\u2019de hassas programda y\u0131kay\u0131n\u0131z. D\u00fc\u015f\u00fck \u0131s\u0131da \u00fct\u00fcleyiniz veya \u00fct\u00fcs\u00fcz do\u011fal dalgal\u0131 dokusuyla kullan\u0131n\u0131z. \u0130lk y\u0131kamada do\u011fal liflerin \u00e7ekme pay\u0131n\u0131 (\u2248\u202f%3\u20115) g\u00f6z \u00f6n\u00fcnde bulundurunuz. A\u011fart\u0131c\u0131 kullanmay\u0131n\u0131z; g\u00f6lgede kurutunuz.<\/p>\n<p data-start=\"1025\" data-end=\"1098\" data-is-last-node=\"\" data-is-only-node=\"\">M\u00fcslin kuma\u015f ile tasar\u0131mlar\u0131n\u0131za zamans\u0131z bir do\u011fall\u0131k ve hafiflik kat\u0131n!<\/p>\n<p>Kuma\u015f : M\u00fcslin<\/p>\n<p class=\"selectable-text copyable-text x15bjb6t x1n2onr6\" dir=\"ltr\"><span class=\"selectable-text copyable-text xkrh14z\">\u00d6l\u00e7\u00fcler, S-M \/ L-XL<\/span><\/p>\n<p class=\"selectable-text copyable-text x15bjb6t x1n2onr6\" dir=\"ltr\"><span class=\"selectable-text copyable-text xkrh14z\">\u00dcst geni\u015flik 106 cm<\/span><\/p>\n<p class=\"selectable-text copyable-text x15bjb6t x1n2onr6\" dir=\"ltr\"><span class=\"selectable-text copyable-text xkrh14z\">Elbise boy 137 cm<\/span><\/p>\n<p class=\"selectable-text copyable-text x15bjb6t x1n2onr6\" dir=\"ltr\"><span class=\"selectable-text copyable-text xkrh14z\">Manken boy 1.70<\/span><\/p>","protected":false},"excerpt":{"rendered":"<p>Pamuklu m\u00fcslinin nefes alan hafifli\u011fi ile ketenin do\u011fal dokusunu bir araya getiren \u00a0 \u00a0, yaz g\u00fcnlerine lay\u0131k tatl\u0131 bir serinlik sunar. Hareket ettik\u00e7e dalgalanarak g\u00fcne\u015f \u0131\u015f\u0131\u011f\u0131n\u0131 elbisenizin her k\u0131vr\u0131m\u0131nda yakalar. %100 pamuktan \u00fcretilen \u00e7ift katl\u0131 m\u00fcslin, hafif dalgal\u0131 dokusu ve yumu\u015fak tutu\u015fuyla \u00f6zellikle yaz mevsiminin vazge\u00e7ilmez kuma\u015f\u0131d\u0131r. Nefes alan yap\u0131s\u0131 sayesinde teri h\u0131zla buharla\u015ft\u0131r\u0131r; hassas [&hellip;]<\/p>","protected":false},"featured_media":17234,"comment_status":"open","ping_status":"closed","template":"","meta":[],"product_brand":[],"product_cat":[967,969],"product_tag":[],"class_list":{"0":"post-17178","1":"product","2":"type-product","3":"status-publish","4":"has-post-thumbnail","6":"product_cat-accessories","7":"product_cat-elbise","9":"first","10":"outofstock","11":"sale","12":"shipping-taxable","13":"purchasable","14":"product-type-variable"},"jetpack_sharing_enabled":true,"_links":{"self":[{"href":"https:\/\/www.europesstore.com\/en\/wp-json\/wp\/v2\/product\/17178","targetHints":{"allow":["GET"]}}],"collection":[{"href":"https:\/\/www.europesstore.com\/en\/wp-json\/wp\/v2\/product"}],"about":[{"href":"https:\/\/www.europesstore.com\/en\/wp-json\/wp\/v2\/types\/product"}],"replies":[{"embeddable":true,"href":"https:\/\/www.europesstore.com\/en\/wp-json\/wp\/v2\/comments?post=17178"}],"wp:featuredmedia":[{"embeddable":true,"href":"https:\/\/www.europesstore.com\/en\/wp-json\/wp\/v2\/media\/17234"}],"wp:attachment":[{"href":"https:\/\/www.europesstore.com\/en\/wp-json\/wp\/v2\/media?parent=17178"}],"wp:term":[{"taxonomy":"product_brand","embeddable":true,"href":"https:\/\/www.europesstore.com\/en\/wp-json\/wp\/v2\/product_brand?post=17178"},{"taxonomy":"product_cat","embeddable":true,"href":"https:\/\/www.europesstore.com\/en\/wp-json\/wp\/v2\/product_cat?post=17178"},{"taxonomy":"product_tag","embeddable":true,"href":"https:\/\/www.europesstore.com\/en\/wp-json\/wp\/v2\/product_tag?post=17178"}],"curies":[{"name":"wp","href":"https:\/\/api.w.org\/{rel}","templated":true}]}}