{"id":17337,"date":"2026-01-12T16:29:41","date_gmt":"2026-01-12T16:29:41","guid":{"rendered":"https:\/\/www.europesstore.com\/?post_type=product&#038;p=17337"},"modified":"2026-01-12T16:33:12","modified_gmt":"2026-01-12T16:33:12","slug":"nora-dugmeli-keten-takim-tk10046-lacivert","status":"publish","type":"product","link":"https:\/\/www.europesstore.com\/en\/product\/nora-dugmeli-keten-takim-tk10046-lacivert\/","title":{"rendered":"Nora D\u00fc\u011fmeli Keten Tak\u0131m TK10046 \u2013 Lacivert"},"content":{"rendered":"<p data-start=\"578\" data-end=\"672\" data-is-last-node=\"\" data-is-only-node=\"\">G\u00fcn boyu konfor, uzun s\u00fcreli formunu koruyan kalite ve modern \u00e7izgiler\u2026 Hepsi tek bir tak\u0131mda!<\/p>\n<p><b style=\"border-width: 0px; , sans-serif;font-size: 14px; font-style: normal; font-weight: bold !important; letter-spacing: normal; margin: 0px; padding: 0px; text-align: start; text-indent: 0px; text-transform: none; vertical-align: top;\"><strong>\u00dcr\u00fcn \u00d6zellikleri<\/strong><\/b><br \/>\nKeten Kuma\u015f<\/p>\n<p>Yazl\u0131k Kuma\u015ft\u0131r. Terletmez S\u0131cak Havalarda Kullan\u0131labilmektedir.<\/p>\n<ul style=\"border-width: 0px; , sans-serif;font-size: 14px; font-style: normal; font-weight: 400; letter-spacing: normal; margin-bottom: 0px; margin-right: 0px; margin-top: 0px; padding: 0px; text-align: start; text-indent: 0px; text-transform: none; vertical-align: top;\">\n<li style=\"background-color: transparent; border-width: 0px; font-weight: inherit; margin-bottom: 0px; margin-right: 0px; margin-top: 0px; padding: 0px; vertical-align: top;\">\n<p style=\"margin-left: 0px;\">Yumu\u015fak Doku<\/p>\n<\/li>\n<li style=\"background-color: transparent; border-width: 0px; font-weight: inherit; margin-bottom: 0px; margin-right: 0px; margin-top: 0px; padding: 0px; vertical-align: top;\">\n<p style=\"margin-left: 0px;\">\n<\/li>\n<li style=\"background-color: transparent; border-width: 0px; font-weight: inherit; margin-bottom: 0px; margin-right: 0px; margin-top: 0px; padding: 0px; vertical-align: top;\">\n<p style=\"margin-left: 0px;\">S-M-L Beden Aral\u0131\u011f\u0131<\/p>\n<\/li>\n<\/ul>\n<p><b style=\"border-width: 0px; , sans-serif;font-size: 14px; font-style: normal; font-weight: bold !important; letter-spacing: normal; margin: 0px; padding: 0px; text-align: start; text-indent: 0px; text-transform: none; vertical-align: top;\"><i style=\"background-color: transparent; border-width: 0px; font-weight: inherit; margin: 0px; padding: 0px; vertical-align: top;\"><strong>Model \u00d6l\u00e7\u00fcleri<\/strong><\/i><\/b><br \/>\n<b style=\"border-width: 0px; , sans-serif;font-size: 14px; font-style: normal; font-weight: bold !important; letter-spacing: normal; margin: 0px; padding: 0px; text-align: start; text-indent: 0px; text-transform: none; vertical-align: top;\"><strong>Boy:<\/strong><\/b><span style=\", sans-serif;font-size: 14px;\"><span style=\"display: inline !important; float: none; font-style: normal; font-weight: 400; letter-spacing: normal; text-align: start; text-indent: 0px; text-transform: none;\">\u00a01.70<\/span><\/span><br \/>\n<b style=\"border-width: 0px; , sans-serif;font-size: 14px; font-style: normal; font-weight: bold !important; letter-spacing: normal; margin: 0px; padding: 0px; text-align: start; text-indent: 0px; text-transform: none; vertical-align: top;\"><strong>Kilo:<\/strong><\/b><span style=\", sans-serif;font-size: 14px;\"><span style=\"display: inline !important; float: none; font-style: normal; font-weight: 400; letter-spacing: normal; text-align: start; text-indent: 0px; text-transform: none;\">\u00a060<\/span><\/span><\/p>\n<p>Bak\u0131m ve Y\u0131kama Talimat\u0131<\/p>\n<ul>\n<li data-start=\"1047\" data-end=\"1087\">\n<p data-start=\"1049\" data-end=\"1087\">30\u202f\u00b0C\u2019de hassas programda y\u0131kay\u0131n\u0131z.<\/p>\n<\/li>\n<li data-start=\"1088\" data-end=\"1152\">\n<p data-start=\"1090\" data-end=\"1152\">Benzer renklerle birlikte y\u0131kay\u0131n\u0131z, a\u011fart\u0131c\u0131 kullanmay\u0131n\u0131z.<\/p>\n<\/li>\n<li data-start=\"1153\" data-end=\"1216\">\n<p data-start=\"1155\" data-end=\"1216\">D\u00fc\u015f\u00fck \u0131s\u0131da tersten \u00fct\u00fcleyiniz; kurutma makinesi \u00f6nerilmez.<\/p>\n<\/li>\n<li data-start=\"1217\" data-end=\"1260\">\n<p data-start=\"1219\" data-end=\"1260\">Uzun \u00f6m\u00fcrl\u00fc kullan\u0131m i\u00e7in asarak kurutun.<\/p>\n<\/li>\n<\/ul>","protected":false},"excerpt":{"rendered":"<p>G\u00fcn boyu konfor, uzun s\u00fcreli formunu koruyan kalite ve modern \u00e7izgiler\u2026 Hepsi tek bir tak\u0131mda! \u00dcr\u00fcn \u00d6zellikleri Keten Kuma\u015f Yazl\u0131k Kuma\u015ft\u0131r. Terletmez S\u0131cak Havalarda Kullan\u0131labilmektedir. Yumu\u015fak Doku S-M-L Beden Aral\u0131\u011f\u0131 Model \u00d6l\u00e7\u00fcleri Boy:\u00a01.70 Kilo:\u00a060 Bak\u0131m ve Y\u0131kama Talimat\u0131 30\u202f\u00b0C\u2019de hassas programda y\u0131kay\u0131n\u0131z. Benzer renklerle birlikte y\u0131kay\u0131n\u0131z, a\u011fart\u0131c\u0131 kullanmay\u0131n\u0131z. D\u00fc\u015f\u00fck \u0131s\u0131da tersten \u00fct\u00fcleyiniz; kurutma makinesi \u00f6nerilmez. [&hellip;]<\/p>","protected":false},"featured_media":17367,"comment_status":"open","ping_status":"closed","template":"","meta":[],"product_brand":[],"product_cat":[967,970],"product_tag":[],"class_list":{"0":"post-17337","1":"product","2":"type-product","3":"status-publish","4":"has-post-thumbnail","6":"product_cat-accessories","7":"product_cat-takim","9":"first","10":"outofstock","11":"sale","12":"shipping-taxable","13":"purchasable","14":"product-type-variable"},"jetpack_sharing_enabled":true,"_links":{"self":[{"href":"https:\/\/www.europesstore.com\/en\/wp-json\/wp\/v2\/product\/17337","targetHints":{"allow":["GET"]}}],"collection":[{"href":"https:\/\/www.europesstore.com\/en\/wp-json\/wp\/v2\/product"}],"about":[{"href":"https:\/\/www.europesstore.com\/en\/wp-json\/wp\/v2\/types\/product"}],"replies":[{"embeddable":true,"href":"https:\/\/www.europesstore.com\/en\/wp-json\/wp\/v2\/comments?post=17337"}],"wp:featuredmedia":[{"embeddable":true,"href":"https:\/\/www.europesstore.com\/en\/wp-json\/wp\/v2\/media\/17367"}],"wp:attachment":[{"href":"https:\/\/www.europesstore.com\/en\/wp-json\/wp\/v2\/media?parent=17337"}],"wp:term":[{"taxonomy":"product_brand","embeddable":true,"href":"https:\/\/www.europesstore.com\/en\/wp-json\/wp\/v2\/product_brand?post=17337"},{"taxonomy":"product_cat","embeddable":true,"href":"https:\/\/www.europesstore.com\/en\/wp-json\/wp\/v2\/product_cat?post=17337"},{"taxonomy":"product_tag","embeddable":true,"href":"https:\/\/www.europesstore.com\/en\/wp-json\/wp\/v2\/product_tag?post=17337"}],"curies":[{"name":"wp","href":"https:\/\/api.w.org\/{rel}","templated":true}]}}