{"id":17342,"date":"2026-01-12T16:29:42","date_gmt":"2026-01-12T16:29:42","guid":{"rendered":"https:\/\/www.europesstore.com\/?post_type=product&#038;p=17342"},"modified":"2026-01-12T16:33:30","modified_gmt":"2026-01-12T16:33:30","slug":"seren-batik-cicek-elbise-l100202-pastel","status":"publish","type":"product","link":"https:\/\/www.europesstore.com\/en\/product\/seren-batik-cicek-elbise-l100202-pastel\/","title":{"rendered":"Seren Batik \u00c7i\u00e7ek Elbise L100202 &#8211; Pastel"},"content":{"rendered":"<p data-start=\"1799\" data-end=\"1944\">Yaz mevsimi i\u00e7in \u00f6zel \u00fcretilmi\u015f do\u011fal pamuk kuma\u015ftan tasarlanan bu elbise, hafifli\u011fi ve nefes alabilir yap\u0131s\u0131yla g\u00fcn boyu konfor sunar.<br \/>\nSade ve zarif g\u00f6r\u00fcn\u00fcm\u00fcn\u00fc, robal\u0131 kesimi ve d\u00fc\u011fme detaylar\u0131 tamaml\u0131yor. Modern tesett\u00fcr giyimi tercih edenler i\u00e7in hem \u015f\u0131k hem de pratik bir alternatif.<\/p>\n<p>Kuma\u015f : \u00a0Modal \u0130pek<\/p>\n<p class=\"selectable-text copyable-text x15bjb6t x1n2onr6\" dir=\"ltr\"><span class=\"selectable-text copyable-text xkrh14z\">\u00d6l\u00e7\u00fcler, S-M-L-XL\u00a0<\/span><\/p>\n<p><strong style=\"font-family: Muli, sans-serif !important;\">\u00a0Kullan\u0131m: G\u00fcnl\u00fck giyim, \u015fehir \u015f\u0131kl\u0131\u011f\u0131, tatil kombinleri<\/strong><\/p>\n<p><span class=\"selectable-text copyable-text xkrh14z\">\u00dcst geni\u015flik 106 cm<\/span><\/p>\n<p class=\"selectable-text copyable-text x15bjb6t x1n2onr6\" dir=\"ltr\"><span class=\"selectable-text copyable-text xkrh14z\">Elbise boy 137 cm<\/span><\/p>\n<p class=\"selectable-text copyable-text x15bjb6t x1n2onr6\" dir=\"ltr\"><span class=\"selectable-text copyable-text xkrh14z\">Manken boy 1.68<\/span><\/p>\n<p>Bak\u0131m Talimat\u0131<\/p>\n<p data-start=\"955\" data-end=\"1101\">30\u202f\u00b0C\u2019de hassas programda ters \u00e7evirerek y\u0131kay\u0131n\u0131z. D\u00fc\u015f\u00fck \u0131s\u0131da buharl\u0131 \u00fct\u00fcleyiniz. A\u011fart\u0131c\u0131 ve tamburlu kurutma kullanmay\u0131n\u0131z; g\u00f6lgede kurutunuz.<\/p>","protected":false},"excerpt":{"rendered":"<p>Yaz mevsimi i\u00e7in \u00f6zel \u00fcretilmi\u015f do\u011fal pamuk kuma\u015ftan tasarlanan bu elbise, hafifli\u011fi ve nefes alabilir yap\u0131s\u0131yla g\u00fcn boyu konfor sunar. Sade ve zarif g\u00f6r\u00fcn\u00fcm\u00fcn\u00fc, robal\u0131 kesimi ve d\u00fc\u011fme detaylar\u0131 tamaml\u0131yor. Modern tesett\u00fcr giyimi tercih edenler i\u00e7in hem \u015f\u0131k hem de pratik bir alternatif. Kuma\u015f : \u00a0Modal \u0130pek \u00d6l\u00e7\u00fcler, S-M-L-XL\u00a0 \u00a0Kullan\u0131m: G\u00fcnl\u00fck giyim, \u015fehir \u015f\u0131kl\u0131\u011f\u0131, tatil [&hellip;]<\/p>","protected":false},"featured_media":17378,"comment_status":"open","ping_status":"closed","template":"","meta":[],"product_brand":[],"product_cat":[967,969],"product_tag":[],"class_list":{"0":"post-17342","1":"product","2":"type-product","3":"status-publish","4":"has-post-thumbnail","6":"product_cat-accessories","7":"product_cat-elbise","9":"first","10":"outofstock","11":"sale","12":"shipping-taxable","13":"purchasable","14":"product-type-variable"},"jetpack_sharing_enabled":true,"_links":{"self":[{"href":"https:\/\/www.europesstore.com\/en\/wp-json\/wp\/v2\/product\/17342","targetHints":{"allow":["GET"]}}],"collection":[{"href":"https:\/\/www.europesstore.com\/en\/wp-json\/wp\/v2\/product"}],"about":[{"href":"https:\/\/www.europesstore.com\/en\/wp-json\/wp\/v2\/types\/product"}],"replies":[{"embeddable":true,"href":"https:\/\/www.europesstore.com\/en\/wp-json\/wp\/v2\/comments?post=17342"}],"wp:featuredmedia":[{"embeddable":true,"href":"https:\/\/www.europesstore.com\/en\/wp-json\/wp\/v2\/media\/17378"}],"wp:attachment":[{"href":"https:\/\/www.europesstore.com\/en\/wp-json\/wp\/v2\/media?parent=17342"}],"wp:term":[{"taxonomy":"product_brand","embeddable":true,"href":"https:\/\/www.europesstore.com\/en\/wp-json\/wp\/v2\/product_brand?post=17342"},{"taxonomy":"product_cat","embeddable":true,"href":"https:\/\/www.europesstore.com\/en\/wp-json\/wp\/v2\/product_cat?post=17342"},{"taxonomy":"product_tag","embeddable":true,"href":"https:\/\/www.europesstore.com\/en\/wp-json\/wp\/v2\/product_tag?post=17342"}],"curies":[{"name":"wp","href":"https:\/\/api.w.org\/{rel}","templated":true}]}}