{"id":17352,"date":"2026-01-12T16:29:43","date_gmt":"2026-01-12T16:29:43","guid":{"rendered":"https:\/\/www.europesstore.com\/?post_type=product&#038;p=17352"},"modified":"2026-01-12T16:33:31","modified_gmt":"2026-01-12T16:33:31","slug":"solinda-elbise-l100204-saks-mavi","status":"publish","type":"product","link":"https:\/\/www.europesstore.com\/en\/product\/solinda-elbise-l100204-saks-mavi\/","title":{"rendered":"Solinda  Elbise  L100204  &#8211; Saks Mavi"},"content":{"rendered":"<p data-start=\"154\" data-end=\"425\">Ak\u0131\u015fkan formu ve zarif desenleriyle \u00f6ne \u00e7\u0131kan bu uzun elbise, rahat kal\u0131b\u0131 ve d\u00fc\u011fme detaylar\u0131yla g\u00fcnl\u00fck \u015f\u0131kl\u0131\u011f\u0131 destekler. Hafif kuma\u015f\u0131 sayesinde konforlu bir kullan\u0131m sunarken, desenli alt k\u0131sm\u0131 elbiseye zarif bir hareket kat\u0131yor. Hem g\u00fcnl\u00fck kombinlerde hem de \u00f6zel g\u00fcnlerde tercih edilebilir \u015f\u0131k bir par\u00e7a.<\/p>\n<p>30\u202f\u00b0C\u2019de hassas programda y\u0131kay\u0131n\u0131z. D\u00fc\u015f\u00fck \u0131s\u0131da \u00fct\u00fcleyiniz veya \u00fct\u00fcs\u00fcz do\u011fal dalgal\u0131 dokusuyla kullan\u0131n\u0131z. \u0130lk y\u0131kamada do\u011fal liflerin \u00e7ekme pay\u0131n\u0131 (\u2248\u202f%3\u20115) g\u00f6z \u00f6n\u00fcnde bulundurunuz. A\u011fart\u0131c\u0131 kullanmay\u0131n\u0131z; g\u00f6lgede kurutunuz.<\/p>\n<p data-start=\"1025\" data-end=\"1098\" data-is-last-node=\"\" data-is-only-node=\"\">M\u00fcslin kuma\u015f ile tasar\u0131mlar\u0131n\u0131za zamans\u0131z bir do\u011fall\u0131k ve hafiflik kat\u0131n!<\/p>\n<p>Kuma\u015f : Modal<\/p>\n<p class=\"selectable-text copyable-text x15bjb6t x1n2onr6\" dir=\"ltr\"><span class=\"selectable-text copyable-text xkrh14z\">\u00d6l\u00e7\u00fcler 1-2\u00a0<\/span><\/p>\n<p>1 beden :36\/38\/40 ,<br \/>\n2 beden :42\/44\/46 \u00a0uyumludur<\/p>\n<p class=\"selectable-text copyable-text x15bjb6t x1n2onr6\" dir=\"ltr\"><span class=\"selectable-text copyable-text xkrh14z\">\u00dcst geni\u015flik 106 cm<\/span><\/p>\n<p class=\"selectable-text copyable-text x15bjb6t x1n2onr6\" dir=\"ltr\"><span class=\"selectable-text copyable-text xkrh14z\">Elbise boy 137 cm<\/span><\/p>\n<p class=\"selectable-text copyable-text x15bjb6t x1n2onr6\" dir=\"ltr\"><span class=\"selectable-text copyable-text xkrh14z\">Manken boy 1.70<\/span><\/p>","protected":false},"excerpt":{"rendered":"<p>Ak\u0131\u015fkan formu ve zarif desenleriyle \u00f6ne \u00e7\u0131kan bu uzun elbise, rahat kal\u0131b\u0131 ve d\u00fc\u011fme detaylar\u0131yla g\u00fcnl\u00fck \u015f\u0131kl\u0131\u011f\u0131 destekler. Hafif kuma\u015f\u0131 sayesinde konforlu bir kullan\u0131m sunarken, desenli alt k\u0131sm\u0131 elbiseye zarif bir hareket kat\u0131yor. Hem g\u00fcnl\u00fck kombinlerde hem de \u00f6zel g\u00fcnlerde tercih edilebilir \u015f\u0131k bir par\u00e7a. 30\u202f\u00b0C\u2019de hassas programda y\u0131kay\u0131n\u0131z. D\u00fc\u015f\u00fck \u0131s\u0131da \u00fct\u00fcleyiniz veya \u00fct\u00fcs\u00fcz do\u011fal [&hellip;]<\/p>","protected":false},"featured_media":17395,"comment_status":"open","ping_status":"closed","template":"","meta":[],"product_brand":[],"product_cat":[967,969],"product_tag":[],"class_list":{"0":"post-17352","1":"product","2":"type-product","3":"status-publish","4":"has-post-thumbnail","6":"product_cat-accessories","7":"product_cat-elbise","9":"first","10":"outofstock","11":"sale","12":"shipping-taxable","13":"purchasable","14":"product-type-variable"},"jetpack_sharing_enabled":true,"_links":{"self":[{"href":"https:\/\/www.europesstore.com\/en\/wp-json\/wp\/v2\/product\/17352","targetHints":{"allow":["GET"]}}],"collection":[{"href":"https:\/\/www.europesstore.com\/en\/wp-json\/wp\/v2\/product"}],"about":[{"href":"https:\/\/www.europesstore.com\/en\/wp-json\/wp\/v2\/types\/product"}],"replies":[{"embeddable":true,"href":"https:\/\/www.europesstore.com\/en\/wp-json\/wp\/v2\/comments?post=17352"}],"wp:featuredmedia":[{"embeddable":true,"href":"https:\/\/www.europesstore.com\/en\/wp-json\/wp\/v2\/media\/17395"}],"wp:attachment":[{"href":"https:\/\/www.europesstore.com\/en\/wp-json\/wp\/v2\/media?parent=17352"}],"wp:term":[{"taxonomy":"product_brand","embeddable":true,"href":"https:\/\/www.europesstore.com\/en\/wp-json\/wp\/v2\/product_brand?post=17352"},{"taxonomy":"product_cat","embeddable":true,"href":"https:\/\/www.europesstore.com\/en\/wp-json\/wp\/v2\/product_cat?post=17352"},{"taxonomy":"product_tag","embeddable":true,"href":"https:\/\/www.europesstore.com\/en\/wp-json\/wp\/v2\/product_tag?post=17352"}],"curies":[{"name":"wp","href":"https:\/\/api.w.org\/{rel}","templated":true}]}}