{"id":17361,"date":"2026-01-12T16:29:45","date_gmt":"2026-01-12T16:29:45","guid":{"rendered":"https:\/\/www.europesstore.com\/?post_type=product&#038;p=17361"},"modified":"2026-01-12T16:31:40","modified_gmt":"2026-01-12T16:31:40","slug":"sifir-kol-elbise-l100207-kum-beji","status":"publish","type":"product","link":"https:\/\/www.europesstore.com\/en\/product\/sifir-kol-elbise-l100207-kum-beji\/","title":{"rendered":"S\u0131f\u0131r Kol Elbise  L100207  &#8211; Kum Beji"},"content":{"rendered":"<p data-start=\"154\" data-end=\"425\">Modern \u015f\u0131kl\u0131\u011f\u0131 zarafetle \u00a0birle\u015ftiriyor. Konforu ve zarafeti \u00f6n planda tutarak, her an\u0131n\u0131z\u0131 \u00f6zel k\u0131lacak par\u00e7alar sunuyor. Sade \u00a0tasarlanan i\u00e7liklerimiz, elbise alt\u0131na rahatl\u0131kla giyilebilecek \u015fekilde tasarland\u0131, b\u00f6ylece stilinizi tamamlayarak her zaman rahat ve \u015f\u0131k hissetmenizi sa\u011flar.<\/p>\n<p>30\u202f\u00b0C\u2019de hassas programda y\u0131kay\u0131n\u0131z. D\u00fc\u015f\u00fck \u0131s\u0131da \u00fct\u00fcleyiniz veya \u00fct\u00fcs\u00fcz do\u011fal dalgal\u0131 dokusuyla kullan\u0131n\u0131z. \u0130lk y\u0131kamada do\u011fal liflerin \u00e7ekme pay\u0131n\u0131 (\u2248\u202f%3\u20115) g\u00f6z \u00f6n\u00fcnde bulundurunuz. A\u011fart\u0131c\u0131 kullanmay\u0131n\u0131z; g\u00f6lgede kurutunuz.<\/p>\n<p data-start=\"1025\" data-end=\"1098\" data-is-last-node=\"\" data-is-only-node=\"\">\u00a0Kuma\u015f : Penye<\/p>\n<p class=\"selectable-text copyable-text x15bjb6t x1n2onr6\" dir=\"ltr\"><span class=\"selectable-text copyable-text xkrh14z\" style=\"white-space-collapse: preserve;\">\u00d6l\u00e7\u00fcler : Standart Beden ( 36-48 beden aras\u0131 uyumludur \u00a0<\/span><br \/>\n<span class=\"selectable-text copyable-text xkrh14z\" style=\"white-space-collapse: preserve;\">Boy : \u00a0130 cm\u00a0<\/span><\/p>\n<p class=\"selectable-text copyable-text x15bjb6t x1n2onr6\" dir=\"ltr\">","protected":false},"excerpt":{"rendered":"<p>Modern \u015f\u0131kl\u0131\u011f\u0131 zarafetle \u00a0birle\u015ftiriyor. Konforu ve zarafeti \u00f6n planda tutarak, her an\u0131n\u0131z\u0131 \u00f6zel k\u0131lacak par\u00e7alar sunuyor. Sade \u00a0tasarlanan i\u00e7liklerimiz, elbise alt\u0131na rahatl\u0131kla giyilebilecek \u015fekilde tasarland\u0131, b\u00f6ylece stilinizi tamamlayarak her zaman rahat ve \u015f\u0131k hissetmenizi sa\u011flar. 30\u202f\u00b0C\u2019de hassas programda y\u0131kay\u0131n\u0131z. D\u00fc\u015f\u00fck \u0131s\u0131da \u00fct\u00fcleyiniz veya \u00fct\u00fcs\u00fcz do\u011fal dalgal\u0131 dokusuyla kullan\u0131n\u0131z. \u0130lk y\u0131kamada do\u011fal liflerin \u00e7ekme pay\u0131n\u0131 (\u2248\u202f%3\u20115) [&hellip;]<\/p>","protected":false},"featured_media":17413,"comment_status":"open","ping_status":"closed","template":"","meta":[],"product_brand":[],"product_cat":[967,969],"product_tag":[],"class_list":{"0":"post-17361","1":"product","2":"type-product","3":"status-publish","4":"has-post-thumbnail","6":"product_cat-accessories","7":"product_cat-elbise","9":"first","10":"outofstock","11":"sale","12":"shipping-taxable","13":"purchasable","14":"product-type-simple"},"jetpack_sharing_enabled":true,"_links":{"self":[{"href":"https:\/\/www.europesstore.com\/en\/wp-json\/wp\/v2\/product\/17361","targetHints":{"allow":["GET"]}}],"collection":[{"href":"https:\/\/www.europesstore.com\/en\/wp-json\/wp\/v2\/product"}],"about":[{"href":"https:\/\/www.europesstore.com\/en\/wp-json\/wp\/v2\/types\/product"}],"replies":[{"embeddable":true,"href":"https:\/\/www.europesstore.com\/en\/wp-json\/wp\/v2\/comments?post=17361"}],"wp:featuredmedia":[{"embeddable":true,"href":"https:\/\/www.europesstore.com\/en\/wp-json\/wp\/v2\/media\/17413"}],"wp:attachment":[{"href":"https:\/\/www.europesstore.com\/en\/wp-json\/wp\/v2\/media?parent=17361"}],"wp:term":[{"taxonomy":"product_brand","embeddable":true,"href":"https:\/\/www.europesstore.com\/en\/wp-json\/wp\/v2\/product_brand?post=17361"},{"taxonomy":"product_cat","embeddable":true,"href":"https:\/\/www.europesstore.com\/en\/wp-json\/wp\/v2\/product_cat?post=17361"},{"taxonomy":"product_tag","embeddable":true,"href":"https:\/\/www.europesstore.com\/en\/wp-json\/wp\/v2\/product_tag?post=17361"}],"curies":[{"name":"wp","href":"https:\/\/api.w.org\/{rel}","templated":true}]}}