{"id":17373,"date":"2026-01-12T16:30:09","date_gmt":"2026-01-12T16:30:09","guid":{"rendered":"https:\/\/www.europesstore.com\/?post_type=product&#038;p=17373"},"modified":"2026-01-12T16:32:01","modified_gmt":"2026-01-12T16:32:01","slug":"alice-ikili-etekli-takim-tk100212-ekru","status":"publish","type":"product","link":"https:\/\/www.europesstore.com\/en\/product\/alice-ikili-etekli-takim-tk100212-ekru\/","title":{"rendered":"Alice \u0130kili Etekli Tak\u0131m TK100212  &#8211; Ekru"},"content":{"rendered":"<p style=\"font-family: Raleway, sans-serif; font-size: 13px; font-style: normal; font-weight: 400; letter-spacing: normal; margin: 0px; padding: 0px; text-align: start; text-indent: 0px; text-transform: none;\"><i><strong>\u015eIK VE ZAR\u0130F\u00a0<\/strong><\/i><\/p>\n<p><strong style=\"font-family: Gotham, sans-serif; font-size: 13px; font-style: normal; font-weight: bolder; letter-spacing: normal; text-align: left; text-indent: 0px; text-transform: none;\">\u00dcr\u00fcn beden :\u00a0<\/strong><span style=\"font-family: Gotham, sans-serif; font-size: 13px;\"><span style=\"display: inline !important; float: none; font-style: normal; font-weight: 400; letter-spacing: normal; text-align: left; text-indent: 0px; text-transform: none;\">Standart beden\u00a0<\/span><\/span><br \/>\n<strong style=\"font-family: Gotham, sans-serif; font-size: 13px; font-style: normal; font-weight: bolder; letter-spacing: normal; text-align: left; text-indent: 0px; text-transform: none;\">\u00dcr\u00fcn \u00f6l\u00e7\u00fcleri:\u00a0<\/strong><span style=\"font-family: Gotham, sans-serif; font-size: 13px;\"><span style=\"display: inline !important; float: none; font-style: normal; font-weight: 400; letter-spacing: normal; text-align: left; text-indent: 0px; text-transform: none;\">\u00dcr\u00fcn \u00fcst boyu: 50 cm Alt boyu: 95 cm \u00a0<\/span><\/span><br \/>\n<strong style=\"font-family: Gotham, sans-serif; font-size: 13px; font-style: normal; font-weight: bolder; letter-spacing: normal; text-align: left; text-indent: 0px; text-transform: none;\">\u00dcr\u00fcn kuma\u015f\u0131:\u00a0<\/strong><span style=\"font-family: Gotham, sans-serif; font-size: 13px;\"><span style=\"display: inline !important; float: none; font-style: normal; font-weight: 400; letter-spacing: normal; text-align: left; text-indent: 0px; text-transform: none;\">\u0130pek cros\u00a0<\/span><\/span><\/p>\n<p><strong style=\"font-family: Gotham, sans-serif; font-size: 13px; font-style: normal; font-weight: bolder; letter-spacing: normal; text-align: left; text-indent: 0px; text-transform: none;\">\u00dcr\u00fcn \u00f6zellikleri:<\/strong><\/p>\n<p style=\"font-size: 12px; font-style: normal; font-weight: 400; letter-spacing: normal; line-height: normal; margin: 0px 0px 12px; min-height: 13.8px; text-align: left; text-indent: 0px; text-transform: none;\">. Kuma\u015f T\u00fcr\u00fc: Y\u00fcksek kaliteli ipek cros kuma\u015f ile \u00fcretilmi\u015ftir. Hafif dokusu ve d\u00f6k\u00fcml\u00fc yap\u0131s\u0131 sayesinde g\u00fcn boyu konfor sunar.<\/p>\n<p style=\"font-size: 12px; font-style: normal; font-weight: 400; letter-spacing: normal; line-height: normal; margin: 0px 0px 12px; min-height: 13.8px; text-align: left; text-indent: 0px; text-transform: none;\">\u2022Tak\u0131m \u0130\u00e7eri\u011fi: \u00dcst ve etek olmak \u00fczere 2 par\u00e7adan olu\u015fur.<\/p>\n<p style=\"font-size: 12px; font-style: normal; font-weight: 400; letter-spacing: normal; line-height: normal; margin: 0px 0px 12px; min-height: 13.8px; text-align: left; text-indent: 0px; text-transform: none;\">\u2022Beden: Standart bedendir; 36-42 aras\u0131 bedenlere uygundur.<\/p>\n<p style=\"font-size: 12px; font-style: normal; font-weight: 400; letter-spacing: normal; line-height: normal; margin: 0px 0px 12px; min-height: 13.8px; text-align: left; text-indent: 0px; text-transform: none;\">\u2022Kesim: Modern ve zarif kesimiyle hem g\u00fcnl\u00fck kullan\u0131m hem \u00f6zel davetler i\u00e7in idealdir.<\/p>\n<p style=\"font-size: 12px; font-style: normal; font-weight: 400; letter-spacing: normal; line-height: normal; margin: 0px 0px 12px; min-height: 13.8px; text-align: left; text-indent: 0px; text-transform: none;\">\u2022Astar: \u0130\u00e7 g\u00f6stermez, tam astarl\u0131d\u0131r.<\/p>\n<p style=\"font-size: 12px; font-style: normal; font-weight: 400; letter-spacing: normal; line-height: normal; margin: 0px 0px 12px; min-height: 13.8px; text-align: left; text-indent: 0px; text-transform: none;\">\u2022Kullan\u0131m Alan\u0131: Ofis \u015f\u0131kl\u0131\u011f\u0131ndan \u00f6zel davetlere, g\u00fcnl\u00fck zarafete kadar geni\u015f kullan\u0131m alan\u0131 sunar.<\/p>\n<p style=\"font-size: 12px; font-style: normal; font-weight: 400; letter-spacing: normal; line-height: normal; margin: 0px 0px 12px; min-height: 13.8px; text-align: left; text-indent: 0px; text-transform: none;\">\u2022Mevsim: \u0130lkbahar, yaz ve sonbahar aylar\u0131nda rahatl\u0131kla tercih edebilirsiniz.<\/p>\n<p style=\"font-size: 12px; font-style: normal; font-weight: 400; letter-spacing: normal; line-height: normal; margin: 0px 0px 12px; min-height: 13.8px; text-align: left; text-indent: 0px; text-transform: none;\">\u2022Bak\u0131m: Hassas y\u0131kama \u00f6nerilir.<\/p>\n<p style=\"font-family: Raleway, sans-serif; font-size: 13px; font-style: normal; font-weight: 400; letter-spacing: normal; margin: 0px; padding: 0px; text-align: start; text-indent: 0px; text-transform: none;\">","protected":false},"excerpt":{"rendered":"<p>\u015eIK VE ZAR\u0130F\u00a0 \u00dcr\u00fcn beden :\u00a0Standart beden\u00a0 \u00dcr\u00fcn \u00f6l\u00e7\u00fcleri:\u00a0\u00dcr\u00fcn \u00fcst boyu: 50 cm Alt boyu: 95 cm \u00a0 \u00dcr\u00fcn kuma\u015f\u0131:\u00a0\u0130pek cros\u00a0 \u00dcr\u00fcn \u00f6zellikleri: . Kuma\u015f T\u00fcr\u00fc: Y\u00fcksek kaliteli ipek cros kuma\u015f ile \u00fcretilmi\u015ftir. Hafif dokusu ve d\u00f6k\u00fcml\u00fc yap\u0131s\u0131 sayesinde g\u00fcn boyu konfor sunar. \u2022Tak\u0131m \u0130\u00e7eri\u011fi: \u00dcst ve etek olmak \u00fczere 2 par\u00e7adan olu\u015fur. \u2022Beden: Standart [&hellip;]<\/p>","protected":false},"featured_media":17425,"comment_status":"open","ping_status":"closed","template":"","meta":[],"product_brand":[],"product_cat":[967,970],"product_tag":[],"class_list":{"0":"post-17373","1":"product","2":"type-product","3":"status-publish","4":"has-post-thumbnail","6":"product_cat-accessories","7":"product_cat-takim","9":"first","10":"outofstock","11":"sale","12":"shipping-taxable","13":"purchasable","14":"product-type-simple"},"jetpack_sharing_enabled":true,"_links":{"self":[{"href":"https:\/\/www.europesstore.com\/en\/wp-json\/wp\/v2\/product\/17373","targetHints":{"allow":["GET"]}}],"collection":[{"href":"https:\/\/www.europesstore.com\/en\/wp-json\/wp\/v2\/product"}],"about":[{"href":"https:\/\/www.europesstore.com\/en\/wp-json\/wp\/v2\/types\/product"}],"replies":[{"embeddable":true,"href":"https:\/\/www.europesstore.com\/en\/wp-json\/wp\/v2\/comments?post=17373"}],"wp:featuredmedia":[{"embeddable":true,"href":"https:\/\/www.europesstore.com\/en\/wp-json\/wp\/v2\/media\/17425"}],"wp:attachment":[{"href":"https:\/\/www.europesstore.com\/en\/wp-json\/wp\/v2\/media?parent=17373"}],"wp:term":[{"taxonomy":"product_brand","embeddable":true,"href":"https:\/\/www.europesstore.com\/en\/wp-json\/wp\/v2\/product_brand?post=17373"},{"taxonomy":"product_cat","embeddable":true,"href":"https:\/\/www.europesstore.com\/en\/wp-json\/wp\/v2\/product_cat?post=17373"},{"taxonomy":"product_tag","embeddable":true,"href":"https:\/\/www.europesstore.com\/en\/wp-json\/wp\/v2\/product_tag?post=17373"}],"curies":[{"name":"wp","href":"https:\/\/api.w.org\/{rel}","templated":true}]}}