{"id":17396,"date":"2026-01-12T16:30:56","date_gmt":"2026-01-12T16:30:56","guid":{"rendered":"https:\/\/www.europesstore.com\/?post_type=product&#038;p=17396"},"modified":"2026-01-12T16:34:11","modified_gmt":"2026-01-12T16:34:11","slug":"side-etek-etk100213-kahve","status":"publish","type":"product","link":"https:\/\/www.europesstore.com\/en\/product\/side-etek-etk100213-kahve\/","title":{"rendered":"Side Etek  ETK100213 &#8211; Kahve"},"content":{"rendered":"<p>Desenli tasar\u0131m\u0131 ve d\u00f6k\u00fcml\u00fc yap\u0131s\u0131yla hem g\u00fcnl\u00fck hem de \u00f6zel g\u00fcn kombinlerine uyum sa\u011flayan uzun etek modeli. Hafif ve rahat kuma\u015f\u0131 sayesinde g\u00fcn boyu konfor sunar. Y\u00fcksek bel kesimi ve ak\u0131\u015fkan formu ile \u015f\u0131k bir siluet olu\u015fturur, farkl\u0131 \u00fcstlerle kolayca kombinlenebilir.<\/p>\n<p>\u00dcr\u00fcn Tan\u0131m\u0131 :<\/p>\n<p>Saten kuma\u015ft\u0131r &#8211; Yandan fermuarl\u0131d\u0131r<\/p>\n<p>\u00dcr\u00fcn \u00d6l\u00e7\u00fcleri<\/p>\n<p>1 beden (36-38) &#8211; 2 beden (40-42) uyumludur &#8211; boy 93cm<\/p>\n<p>Model 1.66 cm 60 kg 1 Beden tercih edilmi\u015ftir<\/p>\n<p class=\"selectable-text copyable-text x15bjb6t x1n2onr6\" dir=\"ltr\"><span class=\"selectable-text copyable-text xkrh14z\">\u00d6l\u00e7\u00fcler, 1-2<\/span><\/p>\n<p class=\"selectable-text copyable-text x15bjb6t x1n2onr6\" dir=\"ltr\"><span class=\"selectable-text copyable-text xkrh14z\">\u00a0<\/span><\/p>","protected":false},"excerpt":{"rendered":"<p>Desenli tasar\u0131m\u0131 ve d\u00f6k\u00fcml\u00fc yap\u0131s\u0131yla hem g\u00fcnl\u00fck hem de \u00f6zel g\u00fcn kombinlerine uyum sa\u011flayan uzun etek modeli. Hafif ve rahat kuma\u015f\u0131 sayesinde g\u00fcn boyu konfor sunar. Y\u00fcksek bel kesimi ve ak\u0131\u015fkan formu ile \u015f\u0131k bir siluet olu\u015fturur, farkl\u0131 \u00fcstlerle kolayca kombinlenebilir. \u00dcr\u00fcn Tan\u0131m\u0131 : Saten kuma\u015ft\u0131r &#8211; Yandan fermuarl\u0131d\u0131r \u00dcr\u00fcn \u00d6l\u00e7\u00fcleri 1 beden (36-38) &#8211; [&hellip;]<\/p>","protected":false},"featured_media":17449,"comment_status":"open","ping_status":"closed","template":"","meta":[],"product_brand":[],"product_cat":[967],"product_tag":[],"class_list":{"0":"post-17396","1":"product","2":"type-product","3":"status-publish","4":"has-post-thumbnail","6":"product_cat-accessories","8":"first","9":"outofstock","10":"sale","11":"shipping-taxable","12":"purchasable","13":"product-type-variable"},"jetpack_sharing_enabled":true,"_links":{"self":[{"href":"https:\/\/www.europesstore.com\/en\/wp-json\/wp\/v2\/product\/17396","targetHints":{"allow":["GET"]}}],"collection":[{"href":"https:\/\/www.europesstore.com\/en\/wp-json\/wp\/v2\/product"}],"about":[{"href":"https:\/\/www.europesstore.com\/en\/wp-json\/wp\/v2\/types\/product"}],"replies":[{"embeddable":true,"href":"https:\/\/www.europesstore.com\/en\/wp-json\/wp\/v2\/comments?post=17396"}],"wp:featuredmedia":[{"embeddable":true,"href":"https:\/\/www.europesstore.com\/en\/wp-json\/wp\/v2\/media\/17449"}],"wp:attachment":[{"href":"https:\/\/www.europesstore.com\/en\/wp-json\/wp\/v2\/media?parent=17396"}],"wp:term":[{"taxonomy":"product_brand","embeddable":true,"href":"https:\/\/www.europesstore.com\/en\/wp-json\/wp\/v2\/product_brand?post=17396"},{"taxonomy":"product_cat","embeddable":true,"href":"https:\/\/www.europesstore.com\/en\/wp-json\/wp\/v2\/product_cat?post=17396"},{"taxonomy":"product_tag","embeddable":true,"href":"https:\/\/www.europesstore.com\/en\/wp-json\/wp\/v2\/product_tag?post=17396"}],"curies":[{"name":"wp","href":"https:\/\/api.w.org\/{rel}","templated":true}]}}