{"id":17400,"date":"2026-01-12T16:30:57","date_gmt":"2026-01-12T16:30:57","guid":{"rendered":"https:\/\/www.europesstore.com\/?post_type=product&#038;p=17400"},"modified":"2026-01-12T16:34:11","modified_gmt":"2026-01-12T16:34:11","slug":"jolie-etekli-ikili-takim-tk100215-kahve","status":"publish","type":"product","link":"https:\/\/www.europesstore.com\/en\/product\/jolie-etekli-ikili-takim-tk100215-kahve\/","title":{"rendered":"Jolie Etekli \u0130kili Tak\u0131m TK100215 &#8211; Kahve"},"content":{"rendered":"<p>Zarafetin ve konforun bulu\u015ftu\u011fu \u00a0TAKIM JOL\u0130E \u00a0&#x1f4ab;<br \/>\nHem g\u00fcnl\u00fck \u015f\u0131kl\u0131kta hem \u00f6zel davetlerde rahatl\u0131kla tercih edilebilecek bu tak\u0131m, modern zarafeti geleneksel dokunu\u015flarla bulu\u015fturuyor.<\/p>\n<p><strong>\u00dcr\u00fcn \u00d6zellikleri :\u00a0<\/strong><\/p>\n<p>\u00dcr\u00fcn Tan\u0131m\u0131<br \/>\nViskon kuma\u015ft\u0131r &#8211; Etek astarl\u0131d\u0131r &#8211; Etek beli yar\u0131 lastiklidir yandan fermuarl\u0131d\u0131r<\/p>\n<p>\u00dcr\u00fcn \u00d6l\u00e7\u00fcleri<\/p>\n<p>1(36\/38) &#8211; 2(40\/42) beden uyumludur<\/p>\n<p>\u00fcst boyu 65 cm &#8211; etek 100 cm<\/p>\n<p>Model 1.66 cm 60 kg 1 beden tercih edildi<\/p>","protected":false},"excerpt":{"rendered":"<p>Zarafetin ve konforun bulu\u015ftu\u011fu \u00a0TAKIM JOL\u0130E \u00a0&#x1f4ab; Hem g\u00fcnl\u00fck \u015f\u0131kl\u0131kta hem \u00f6zel davetlerde rahatl\u0131kla tercih edilebilecek bu tak\u0131m, modern zarafeti geleneksel dokunu\u015flarla bulu\u015fturuyor. \u00dcr\u00fcn \u00d6zellikleri :\u00a0 \u00dcr\u00fcn Tan\u0131m\u0131 Viskon kuma\u015ft\u0131r &#8211; Etek astarl\u0131d\u0131r &#8211; Etek beli yar\u0131 lastiklidir yandan fermuarl\u0131d\u0131r \u00dcr\u00fcn \u00d6l\u00e7\u00fcleri 1(36\/38) &#8211; 2(40\/42) beden uyumludur \u00fcst boyu 65 cm &#8211; etek 100 cm [&hellip;]<\/p>","protected":false},"featured_media":17453,"comment_status":"open","ping_status":"closed","template":"","meta":[],"product_brand":[],"product_cat":[967,970],"product_tag":[],"class_list":{"0":"post-17400","1":"product","2":"type-product","3":"status-publish","4":"has-post-thumbnail","6":"product_cat-accessories","7":"product_cat-takim","9":"first","10":"instock","11":"sale","12":"shipping-taxable","13":"purchasable","14":"product-type-variable"},"jetpack_sharing_enabled":true,"_links":{"self":[{"href":"https:\/\/www.europesstore.com\/en\/wp-json\/wp\/v2\/product\/17400","targetHints":{"allow":["GET"]}}],"collection":[{"href":"https:\/\/www.europesstore.com\/en\/wp-json\/wp\/v2\/product"}],"about":[{"href":"https:\/\/www.europesstore.com\/en\/wp-json\/wp\/v2\/types\/product"}],"replies":[{"embeddable":true,"href":"https:\/\/www.europesstore.com\/en\/wp-json\/wp\/v2\/comments?post=17400"}],"wp:featuredmedia":[{"embeddable":true,"href":"https:\/\/www.europesstore.com\/en\/wp-json\/wp\/v2\/media\/17453"}],"wp:attachment":[{"href":"https:\/\/www.europesstore.com\/en\/wp-json\/wp\/v2\/media?parent=17400"}],"wp:term":[{"taxonomy":"product_brand","embeddable":true,"href":"https:\/\/www.europesstore.com\/en\/wp-json\/wp\/v2\/product_brand?post=17400"},{"taxonomy":"product_cat","embeddable":true,"href":"https:\/\/www.europesstore.com\/en\/wp-json\/wp\/v2\/product_cat?post=17400"},{"taxonomy":"product_tag","embeddable":true,"href":"https:\/\/www.europesstore.com\/en\/wp-json\/wp\/v2\/product_tag?post=17400"}],"curies":[{"name":"wp","href":"https:\/\/api.w.org\/{rel}","templated":true}]}}