{"id":17551,"date":"2026-01-12T16:33:51","date_gmt":"2026-01-12T16:33:51","guid":{"rendered":"https:\/\/www.europesstore.com\/?post_type=product&#038;p=17551"},"modified":"2026-01-12T16:39:57","modified_gmt":"2026-01-12T16:39:57","slug":"roma-cicek-desen-ikili-takim-tk100218-deniz-kopugu","status":"publish","type":"product","link":"https:\/\/www.europesstore.com\/en\/product\/roma-cicek-desen-ikili-takim-tk100218-deniz-kopugu\/","title":{"rendered":"Roma \u00c7i\u00e7ek Desen \u0130kili Tak\u0131m TK100218 &#8211; Deniz K\u00f6p\u00fc\u011f\u00fc"},"content":{"rendered":"<p data-start=\"26\" data-end=\"637\">Modern \u015f\u0131kl\u0131k ve rahatl\u0131\u011f\u0131n birle\u015fti\u011fi standart beden tak\u0131m, zarif \u00a0desenleri ve soft ge\u00e7i\u015fli renk tonlar\u0131yla \u00f6ne \u00e7\u0131k\u0131yor. G\u00fcnl\u00fck kullan\u0131mda ve \u00f6zel anlarda konforu \u015f\u0131kl\u0131kla bulu\u015fturmak isteyenler i\u00e7in ideal bir tercih. Standart kal\u0131b\u0131 ile her bedene rahatl\u0131kla uyum sa\u011flayan bu tak\u0131m, kaliteli kuma\u015f\u0131 sayesinde g\u00fcn boyu konforlu kullan\u0131m sunuyor. Hem \u015fehir hayat\u0131n\u0131n temposuna hem de tatil atmosferine uyum sa\u011flayacak tasar\u0131m\u0131yla gard\u0131robunuzun kurtar\u0131c\u0131 par\u00e7alar\u0131ndan biri olmaya aday.<\/p>\n<p data-start=\"639\" data-end=\"902\" data-is-last-node=\"\" data-is-only-node=\"\">Kuma\u015f Bilgisi: Nefes alan, hafif dokulu, yumu\u015fak tu\u015feli.<\/p>\n<p>Kullan\u0131m Alan\u0131: G\u00fcnl\u00fck kullan\u0131m, tatil ve \u00f6zel davetler i\u00e7in uygundur.<br \/>\nBak\u0131m Talimat\u0131: 30 derecede hassas y\u0131kama \u00f6nerilir, a\u011fart\u0131c\u0131 kullan\u0131lmaz, d\u00fc\u015f\u00fck \u0131s\u0131da \u00fct\u00fclenir.<\/p>\n<p data-start=\"578\" data-end=\"672\" data-is-last-node=\"\" data-is-only-node=\"\">G\u00fcn boyu konfor, uzun s\u00fcreli formunu koruyan kalite ve modern \u00e7izgiler\u2026 Hepsi tek bir tak\u0131mda!<\/p>\n<p>&#8211; Beden : Standart Beden<br \/>\n-Kuma\u015f : \u00a0 jessica<\/p>\n<p>Bak\u0131m ve Y\u0131kama Talimat\u0131<\/p>\n<ul>\n<li data-start=\"1047\" data-end=\"1087\">\n<p data-start=\"1049\" data-end=\"1087\">30\u202f\u00b0C\u2019de hassas programda y\u0131kay\u0131n\u0131z.<\/p>\n<\/li>\n<li data-start=\"1088\" data-end=\"1152\">\n<p data-start=\"1090\" data-end=\"1152\">Benzer renklerle birlikte y\u0131kay\u0131n\u0131z, a\u011fart\u0131c\u0131 kullanmay\u0131n\u0131z.<\/p>\n<\/li>\n<li data-start=\"1153\" data-end=\"1216\">\n<p data-start=\"1155\" data-end=\"1216\">D\u00fc\u015f\u00fck \u0131s\u0131da tersten \u00fct\u00fcleyiniz; kurutma makinesi \u00f6nerilmez.<\/p>\n<\/li>\n<li data-start=\"1217\" data-end=\"1260\">\n<p data-start=\"1219\" data-end=\"1260\">Uzun \u00f6m\u00fcrl\u00fc kullan\u0131m i\u00e7in asarak kurutun.<\/p>\n<\/li>\n<\/ul>","protected":false},"excerpt":{"rendered":"<p>Modern \u015f\u0131kl\u0131k ve rahatl\u0131\u011f\u0131n birle\u015fti\u011fi standart beden tak\u0131m, zarif \u00a0desenleri ve soft ge\u00e7i\u015fli renk tonlar\u0131yla \u00f6ne \u00e7\u0131k\u0131yor. G\u00fcnl\u00fck kullan\u0131mda ve \u00f6zel anlarda konforu \u015f\u0131kl\u0131kla bulu\u015fturmak isteyenler i\u00e7in ideal bir tercih. Standart kal\u0131b\u0131 ile her bedene rahatl\u0131kla uyum sa\u011flayan bu tak\u0131m, kaliteli kuma\u015f\u0131 sayesinde g\u00fcn boyu konforlu kullan\u0131m sunuyor. Hem \u015fehir hayat\u0131n\u0131n temposuna hem de tatil [&hellip;]<\/p>","protected":false},"featured_media":17588,"comment_status":"open","ping_status":"closed","template":"","meta":[],"product_brand":[],"product_cat":[967,970],"product_tag":[],"class_list":{"0":"post-17551","1":"product","2":"type-product","3":"status-publish","4":"has-post-thumbnail","6":"product_cat-accessories","7":"product_cat-takim","9":"first","10":"instock","11":"sale","12":"shipping-taxable","13":"purchasable","14":"product-type-variable"},"jetpack_sharing_enabled":true,"_links":{"self":[{"href":"https:\/\/www.europesstore.com\/en\/wp-json\/wp\/v2\/product\/17551","targetHints":{"allow":["GET"]}}],"collection":[{"href":"https:\/\/www.europesstore.com\/en\/wp-json\/wp\/v2\/product"}],"about":[{"href":"https:\/\/www.europesstore.com\/en\/wp-json\/wp\/v2\/types\/product"}],"replies":[{"embeddable":true,"href":"https:\/\/www.europesstore.com\/en\/wp-json\/wp\/v2\/comments?post=17551"}],"wp:featuredmedia":[{"embeddable":true,"href":"https:\/\/www.europesstore.com\/en\/wp-json\/wp\/v2\/media\/17588"}],"wp:attachment":[{"href":"https:\/\/www.europesstore.com\/en\/wp-json\/wp\/v2\/media?parent=17551"}],"wp:term":[{"taxonomy":"product_brand","embeddable":true,"href":"https:\/\/www.europesstore.com\/en\/wp-json\/wp\/v2\/product_brand?post=17551"},{"taxonomy":"product_cat","embeddable":true,"href":"https:\/\/www.europesstore.com\/en\/wp-json\/wp\/v2\/product_cat?post=17551"},{"taxonomy":"product_tag","embeddable":true,"href":"https:\/\/www.europesstore.com\/en\/wp-json\/wp\/v2\/product_tag?post=17551"}],"curies":[{"name":"wp","href":"https:\/\/api.w.org\/{rel}","templated":true}]}}