{"id":17563,"date":"2026-01-12T16:34:16","date_gmt":"2026-01-12T16:34:16","guid":{"rendered":"https:\/\/www.europesstore.com\/?post_type=product&#038;p=17563"},"modified":"2026-01-12T16:40:21","modified_gmt":"2026-01-12T16:40:21","slug":"oysho-elbise-l100221-bordo","status":"publish","type":"product","link":"https:\/\/www.europesstore.com\/en\/product\/oysho-elbise-l100221-bordo\/","title":{"rendered":"Oysho Elbise L100221 &#8211; Bordo"},"content":{"rendered":"<p data-start=\"99\" data-end=\"402\"><strong>2\u00a0 KASIM KARGO \u00c7IKI\u015eLARI YAPILACAKTIR.<\/strong><\/p>\n<p>\u00dcr\u00fcn\u00fcm\u00fcz yurt d\u0131\u015f\u0131ndan gelmekte olup, \u00f6n sipari\u015f sipari\u015fi al\u0131nmaktad\u0131r!<br \/>\nStil sahibi kad\u0131nlar\u0131n dolab\u0131nda mutlaka bulunmas\u0131 gereken, Zarafetin ve konforun bulu\u015ftu\u011fu \u00a0Premium Oysho\u00a0 \u00a0\u0130kili Tak\u0131m\u00a0<img decoding=\"async\" class=\"emoji\" role=\"img\" draggable=\"false\" src=\"https:\/\/s.w.org\/images\/core\/emoji\/16.0.1\/svg\/1f4ab.svg\" alt=\"&#x1f4ab;\" \/><br \/>\nHem g\u00fcnl\u00fck \u015f\u0131kl\u0131kta hem \u00f6zel davetlerde rahatl\u0131kla tercih edilebilecek bu tak\u0131m, modern zarafeti geleneksel dokunu\u015flarla bulu\u015fturuyor.<\/p>\n<p>Modern \u015f\u0131kl\u0131\u011f\u0131n ve zarif sadeli\u011fin m\u00fckemmel bulu\u015fmas\u0131: Bu elbise, stilinizi zamans\u0131z bir zarafetle ta\u00e7land\u0131r\u0131yor. Ak\u0131c\u0131 ve d\u00f6k\u00fcml\u00fc kuma\u015f\u0131yla her ad\u0131mda zarafetinizi yans\u0131t\u0131rken, tam boy tasar\u0131m\u0131yla hem g\u00fcnl\u00fck kullan\u0131mda hem de \u00f6zel davetlerde \u015f\u0131kl\u0131\u011f\u0131n\u0131zdan \u00f6d\u00fcn vermemenizi sa\u011fl\u0131yor.<\/p>\n<p data-start=\"404\" data-end=\"693\">Bel k\u0131sm\u0131ndaki ba\u011fc\u0131kl\u0131 lastik detay, v\u00fccudu nazik\u00e7e sararak feminen bir siluet olu\u015fturuyor; konforu ise g\u00fcn boyu sizinle. Uzun kollu ve rahat kesimi sayesinde d\u00f6rt mevsim gard\u0131robunuzun vazge\u00e7ilmezi olmaya aday bu par\u00e7a, minimal ama etkileyici tarz\u0131 benimseyen kad\u0131nlar i\u00e7in tasarland\u0131.<\/p>\n<p>30\u202f\u00b0C\u2019de hassas programda y\u0131kay\u0131n\u0131z. D\u00fc\u015f\u00fck \u0131s\u0131da \u00fct\u00fcleyiniz veya \u00fct\u00fcs\u00fcz do\u011fal dalgal\u0131 dokusuyla kullan\u0131n\u0131z. \u0130lk y\u0131kamada do\u011fal liflerin \u00e7ekme pay\u0131n\u0131 (\u2248\u202f%3\u20115) g\u00f6z \u00f6n\u00fcnde bulundurunuz. A\u011fart\u0131c\u0131 kullanmay\u0131n\u0131z; g\u00f6lgede kurutunuz.<\/p>\n<p data-start=\"1025\" data-end=\"1098\" data-is-last-node=\"\" data-is-only-node=\"\">\u00a0Kuma\u015f : Oysho<\/p>\n<p class=\"selectable-text copyable-text x15bjb6t x1n2onr6\" dir=\"ltr\"><span class=\"selectable-text copyable-text xkrh14z\">\u00d6l\u00e7\u00fcler : \u00a01 beden :36\/38\/40<\/span><br \/>\n<span class=\"selectable-text copyable-text xkrh14z\">2 beden :42\/44\/46 uyumlu<\/span><\/p>\n<p>\u00a0 \u00a0<span class=\"selectable-text copyable-text xkrh14z\">Boy : \u00a0122 cm<br \/>\nManken Boy : 160<\/span><\/p>\n<p class=\"selectable-text copyable-text x15bjb6t x1n2onr6\" dir=\"ltr\"><span class=\"selectable-text copyable-text xkrh14z\">\u00a0<\/span><\/p>","protected":false},"excerpt":{"rendered":"<p>2\u00a0 KASIM KARGO \u00c7IKI\u015eLARI YAPILACAKTIR. \u00dcr\u00fcn\u00fcm\u00fcz yurt d\u0131\u015f\u0131ndan gelmekte olup, \u00f6n sipari\u015f sipari\u015fi al\u0131nmaktad\u0131r! Stil sahibi kad\u0131nlar\u0131n dolab\u0131nda mutlaka bulunmas\u0131 gereken, Zarafetin ve konforun bulu\u015ftu\u011fu \u00a0Premium Oysho\u00a0 \u00a0\u0130kili Tak\u0131m\u00a0 Hem g\u00fcnl\u00fck \u015f\u0131kl\u0131kta hem \u00f6zel davetlerde rahatl\u0131kla tercih edilebilecek bu tak\u0131m, modern zarafeti geleneksel dokunu\u015flarla bulu\u015fturuyor. Modern \u015f\u0131kl\u0131\u011f\u0131n ve zarif sadeli\u011fin m\u00fckemmel bulu\u015fmas\u0131: Bu elbise, stilinizi [&hellip;]<\/p>","protected":false},"featured_media":17609,"comment_status":"open","ping_status":"closed","template":"","meta":[],"product_brand":[],"product_cat":[967,969],"product_tag":[],"class_list":{"0":"post-17563","1":"product","2":"type-product","3":"status-publish","4":"has-post-thumbnail","6":"product_cat-accessories","7":"product_cat-elbise","9":"first","10":"instock","11":"sale","12":"shipping-taxable","13":"purchasable","14":"product-type-variable"},"jetpack_sharing_enabled":true,"_links":{"self":[{"href":"https:\/\/www.europesstore.com\/en\/wp-json\/wp\/v2\/product\/17563","targetHints":{"allow":["GET"]}}],"collection":[{"href":"https:\/\/www.europesstore.com\/en\/wp-json\/wp\/v2\/product"}],"about":[{"href":"https:\/\/www.europesstore.com\/en\/wp-json\/wp\/v2\/types\/product"}],"replies":[{"embeddable":true,"href":"https:\/\/www.europesstore.com\/en\/wp-json\/wp\/v2\/comments?post=17563"}],"wp:featuredmedia":[{"embeddable":true,"href":"https:\/\/www.europesstore.com\/en\/wp-json\/wp\/v2\/media\/17609"}],"wp:attachment":[{"href":"https:\/\/www.europesstore.com\/en\/wp-json\/wp\/v2\/media?parent=17563"}],"wp:term":[{"taxonomy":"product_brand","embeddable":true,"href":"https:\/\/www.europesstore.com\/en\/wp-json\/wp\/v2\/product_brand?post=17563"},{"taxonomy":"product_cat","embeddable":true,"href":"https:\/\/www.europesstore.com\/en\/wp-json\/wp\/v2\/product_cat?post=17563"},{"taxonomy":"product_tag","embeddable":true,"href":"https:\/\/www.europesstore.com\/en\/wp-json\/wp\/v2\/product_tag?post=17563"}],"curies":[{"name":"wp","href":"https:\/\/api.w.org\/{rel}","templated":true}]}}