{"id":17566,"date":"2026-01-12T16:34:16","date_gmt":"2026-01-12T16:34:16","guid":{"rendered":"https:\/\/www.europesstore.com\/?post_type=product&#038;p=17566"},"modified":"2026-01-12T16:35:59","modified_gmt":"2026-01-12T16:35:59","slug":"keten-sal-desen-bol-paca-ikili-takim-tk100222-lacivert","status":"publish","type":"product","link":"https:\/\/www.europesstore.com\/en\/product\/keten-sal-desen-bol-paca-ikili-takim-tk100222-lacivert\/","title":{"rendered":"Keten \u015eal Desen Bol Pa\u00e7a \u0130kili Tak\u0131m TK100222 &#8211; Lacivert"},"content":{"rendered":"<p>Bohem dokunu\u015flarla harmanlanm\u0131\u015f modern bir duru\u015f: Bu oversize tak\u0131m, rahatl\u0131\u011f\u0131n ve tarz\u0131n iddial\u0131 bir bulu\u015fmas\u0131! Yumu\u015fak ve hafif kuma\u015f\u0131 sayesinde konforu g\u00fcn boyu hissettirirken, geni\u015f pa\u00e7al\u0131 pantolonu ve d\u00f6k\u00fcml\u00fc \u00fcst\u00fcyle \u00f6zg\u00fcr ve \u015f\u0131k bir siluet sunuyor.<\/p>\n<p style=\"font-size: medium; font-style: normal; font-weight: 400; letter-spacing: normal; margin: 0px 0px 1em; text-align: start; text-indent: 0px; text-transform: none;\">\u00dcr\u00fcn Tan\u0131m\u0131<\/p>\n<p style=\"font-size: medium; font-style: normal; font-weight: 400; letter-spacing: normal; margin: 0px 0px 1em; text-align: start; text-indent: 0px; text-transform: none;\">\u00dcr\u00fcn \u00d6l\u00e7\u00fcleri<\/p>\n<p style=\"font-size: medium; font-style: normal; font-weight: 400; letter-spacing: normal; margin: 0px 0px 1em; text-align: start; text-indent: 0px; text-transform: none;\">\u00a0Standart Beden ( 36- 46 beden aras\u0131 uyumludur )<\/p>\n<p style=\"font-size: medium; font-style: normal; font-weight: 400; letter-spacing: normal; margin: 0px 0px 1em; text-align: start; text-indent: 0px; text-transform: none;\">Model 1.70 cm 60 kg<\/p>","protected":false},"excerpt":{"rendered":"<p>Bohem dokunu\u015flarla harmanlanm\u0131\u015f modern bir duru\u015f: Bu oversize tak\u0131m, rahatl\u0131\u011f\u0131n ve tarz\u0131n iddial\u0131 bir bulu\u015fmas\u0131! Yumu\u015fak ve hafif kuma\u015f\u0131 sayesinde konforu g\u00fcn boyu hissettirirken, geni\u015f pa\u00e7al\u0131 pantolonu ve d\u00f6k\u00fcml\u00fc \u00fcst\u00fcyle \u00f6zg\u00fcr ve \u015f\u0131k bir siluet sunuyor. \u00dcr\u00fcn Tan\u0131m\u0131 \u00dcr\u00fcn \u00d6l\u00e7\u00fcleri \u00a0Standart Beden ( 36- 46 beden aras\u0131 uyumludur ) Model 1.70 cm 60 kg<\/p>","protected":false},"featured_media":17614,"comment_status":"open","ping_status":"closed","template":"","meta":[],"product_brand":[],"product_cat":[967,970],"product_tag":[],"class_list":{"0":"post-17566","1":"product","2":"type-product","3":"status-publish","4":"has-post-thumbnail","6":"product_cat-accessories","7":"product_cat-takim","9":"first","10":"outofstock","11":"sale","12":"shipping-taxable","13":"purchasable","14":"product-type-simple"},"jetpack_sharing_enabled":true,"_links":{"self":[{"href":"https:\/\/www.europesstore.com\/en\/wp-json\/wp\/v2\/product\/17566","targetHints":{"allow":["GET"]}}],"collection":[{"href":"https:\/\/www.europesstore.com\/en\/wp-json\/wp\/v2\/product"}],"about":[{"href":"https:\/\/www.europesstore.com\/en\/wp-json\/wp\/v2\/types\/product"}],"replies":[{"embeddable":true,"href":"https:\/\/www.europesstore.com\/en\/wp-json\/wp\/v2\/comments?post=17566"}],"wp:featuredmedia":[{"embeddable":true,"href":"https:\/\/www.europesstore.com\/en\/wp-json\/wp\/v2\/media\/17614"}],"wp:attachment":[{"href":"https:\/\/www.europesstore.com\/en\/wp-json\/wp\/v2\/media?parent=17566"}],"wp:term":[{"taxonomy":"product_brand","embeddable":true,"href":"https:\/\/www.europesstore.com\/en\/wp-json\/wp\/v2\/product_brand?post=17566"},{"taxonomy":"product_cat","embeddable":true,"href":"https:\/\/www.europesstore.com\/en\/wp-json\/wp\/v2\/product_cat?post=17566"},{"taxonomy":"product_tag","embeddable":true,"href":"https:\/\/www.europesstore.com\/en\/wp-json\/wp\/v2\/product_tag?post=17566"}],"curies":[{"name":"wp","href":"https:\/\/api.w.org\/{rel}","templated":true}]}}