{"id":17572,"date":"2026-01-12T16:34:17","date_gmt":"2026-01-12T16:34:17","guid":{"rendered":"https:\/\/www.europesstore.com\/?post_type=product&#038;p=17572"},"modified":"2026-01-12T16:40:33","modified_gmt":"2026-01-12T16:40:33","slug":"viyana-elbise-1209-buyuk-beden-kiremit","status":"publish","type":"product","link":"https:\/\/www.europesstore.com\/en\/product\/viyana-elbise-1209-buyuk-beden-kiremit\/","title":{"rendered":"Viyana Elbise-1209 B\u00dcY\u00dcK BEDEN -Kiremit"},"content":{"rendered":"<p>Mango Modal kuma\u015ftan \u00fcretilmi\u015ftir s\u0131cak yaz aylar\u0131 i\u00e7in uygundur yakmaz terletmez ,efil efil bir kuma\u015fa sahiptir \u00fct\u00fc gerektirmez<br \/>\n\u00d6l\u00e7\u00fcler, Standart Beden<br \/>\n\u00dcst geni\u015flik 106 cm<br \/>\nElbise boy 137 cm<br \/>\nManken boy 1.70<\/p>","protected":false},"excerpt":{"rendered":"<p>Mango Modal kuma\u015ftan \u00fcretilmi\u015ftir s\u0131cak yaz aylar\u0131 i\u00e7in uygundur yakmaz terletmez ,efil efil bir kuma\u015fa sahiptir \u00fct\u00fc gerektirmez \u00d6l\u00e7\u00fcler, Standart Beden \u00dcst geni\u015flik 106 cm Elbise boy 137 cm Manken boy 1.70<\/p>","protected":false},"featured_media":17637,"comment_status":"open","ping_status":"closed","template":"","meta":[],"product_brand":[],"product_cat":[967,969],"product_tag":[],"class_list":{"0":"post-17572","1":"product","2":"type-product","3":"status-publish","4":"has-post-thumbnail","6":"product_cat-accessories","7":"product_cat-elbise","9":"first","10":"outofstock","11":"sale","12":"shipping-taxable","13":"purchasable","14":"product-type-variable"},"jetpack_sharing_enabled":true,"_links":{"self":[{"href":"https:\/\/www.europesstore.com\/en\/wp-json\/wp\/v2\/product\/17572","targetHints":{"allow":["GET"]}}],"collection":[{"href":"https:\/\/www.europesstore.com\/en\/wp-json\/wp\/v2\/product"}],"about":[{"href":"https:\/\/www.europesstore.com\/en\/wp-json\/wp\/v2\/types\/product"}],"replies":[{"embeddable":true,"href":"https:\/\/www.europesstore.com\/en\/wp-json\/wp\/v2\/comments?post=17572"}],"wp:featuredmedia":[{"embeddable":true,"href":"https:\/\/www.europesstore.com\/en\/wp-json\/wp\/v2\/media\/17637"}],"wp:attachment":[{"href":"https:\/\/www.europesstore.com\/en\/wp-json\/wp\/v2\/media?parent=17572"}],"wp:term":[{"taxonomy":"product_brand","embeddable":true,"href":"https:\/\/www.europesstore.com\/en\/wp-json\/wp\/v2\/product_brand?post=17572"},{"taxonomy":"product_cat","embeddable":true,"href":"https:\/\/www.europesstore.com\/en\/wp-json\/wp\/v2\/product_cat?post=17572"},{"taxonomy":"product_tag","embeddable":true,"href":"https:\/\/www.europesstore.com\/en\/wp-json\/wp\/v2\/product_tag?post=17572"}],"curies":[{"name":"wp","href":"https:\/\/api.w.org\/{rel}","templated":true}]}}