{"id":17573,"date":"2026-01-12T16:34:18","date_gmt":"2026-01-12T16:34:18","guid":{"rendered":"https:\/\/www.europesstore.com\/?post_type=product&#038;p=17573"},"modified":"2026-01-12T16:40:33","modified_gmt":"2026-01-12T16:40:33","slug":"tropik-ruya-katli-maxi-elbise-buyuk-beden-sari","status":"publish","type":"product","link":"https:\/\/www.europesstore.com\/en\/product\/tropik-ruya-katli-maxi-elbise-buyuk-beden-sari\/","title":{"rendered":"Tropik R\u00fcya Katl\u0131 Maxi Elbise B\u00dcY\u00dcK BEDEN &#8211; Sar\u0131"},"content":{"rendered":"<p data-start=\"71\" data-end=\"563\"><strong data-start=\"74\" data-end=\"116\">Tropik R\u00fcya Katl\u0131 Maxi Elbise &#8211; Sar\u0131 \u00a0<\/strong><\/p>\n<p><strong data-start=\"74\" data-end=\"116\">Canl\u0131 sar\u0131 ve derin mavi tonlar\u0131n\u0131n tropik ormanlardan ilham ald\u0131\u011f\u0131 bu elbise, do\u011fan\u0131n t\u00fcm enerjisini \u00fczerinize ta\u015f\u0131yor. Ak\u0131\u015fkan dokusu ve hareketli formuyla adeta bir yaz esintisi gibi. Rahat kesimi sayesinde g\u00fcn boyu konfor sunarken, \u00e7arp\u0131c\u0131 deseniyle t\u00fcm bak\u0131\u015flar\u0131 \u00fczerine \u00e7eker. Cesur, ne\u015feli ve \u00f6zg\u00fcn bir stil arayanlar\u0131n gard\u0131robunda mutlaka yer almal\u0131.<\/strong><\/p>\n<p class=\"selectable-text copyable-text x15bjb6t x1n2onr6\" dir=\"ltr\"><span class=\"selectable-text copyable-text xkrh14z\">\u00d6l\u00e7\u00fcler, 1\/2<\/span><\/p>\n<p class=\"selectable-text copyable-text x15bjb6t x1n2onr6\" dir=\"ltr\"><span class=\"selectable-text copyable-text xkrh14z\">\u00dcst geni\u015flik 106 cm<\/span><\/p>\n<p class=\"selectable-text copyable-text x15bjb6t x1n2onr6\" dir=\"ltr\"><span class=\"selectable-text copyable-text xkrh14z\">Elbise boy 137 cm<\/span><\/p>\n<p class=\"selectable-text copyable-text x15bjb6t x1n2onr6\" dir=\"ltr\"><span class=\"selectable-text copyable-text xkrh14z\">Manken boy 1.70<\/span><\/p>","protected":false},"excerpt":{"rendered":"<p>Tropik R\u00fcya Katl\u0131 Maxi Elbise &#8211; Sar\u0131 \u00a0 Canl\u0131 sar\u0131 ve derin mavi tonlar\u0131n\u0131n tropik ormanlardan ilham ald\u0131\u011f\u0131 bu elbise, do\u011fan\u0131n t\u00fcm enerjisini \u00fczerinize ta\u015f\u0131yor. Ak\u0131\u015fkan dokusu ve hareketli formuyla adeta bir yaz esintisi gibi. Rahat kesimi sayesinde g\u00fcn boyu konfor sunarken, \u00e7arp\u0131c\u0131 deseniyle t\u00fcm bak\u0131\u015flar\u0131 \u00fczerine \u00e7eker. Cesur, ne\u015feli ve \u00f6zg\u00fcn bir stil arayanlar\u0131n [&hellip;]<\/p>","protected":false},"featured_media":17638,"comment_status":"open","ping_status":"closed","template":"","meta":[],"product_brand":[],"product_cat":[967,969],"product_tag":[],"class_list":{"0":"post-17573","1":"product","2":"type-product","3":"status-publish","4":"has-post-thumbnail","6":"product_cat-accessories","7":"product_cat-elbise","9":"first","10":"outofstock","11":"sale","12":"shipping-taxable","13":"purchasable","14":"product-type-variable"},"jetpack_sharing_enabled":true,"_links":{"self":[{"href":"https:\/\/www.europesstore.com\/en\/wp-json\/wp\/v2\/product\/17573","targetHints":{"allow":["GET"]}}],"collection":[{"href":"https:\/\/www.europesstore.com\/en\/wp-json\/wp\/v2\/product"}],"about":[{"href":"https:\/\/www.europesstore.com\/en\/wp-json\/wp\/v2\/types\/product"}],"replies":[{"embeddable":true,"href":"https:\/\/www.europesstore.com\/en\/wp-json\/wp\/v2\/comments?post=17573"}],"wp:featuredmedia":[{"embeddable":true,"href":"https:\/\/www.europesstore.com\/en\/wp-json\/wp\/v2\/media\/17638"}],"wp:attachment":[{"href":"https:\/\/www.europesstore.com\/en\/wp-json\/wp\/v2\/media?parent=17573"}],"wp:term":[{"taxonomy":"product_brand","embeddable":true,"href":"https:\/\/www.europesstore.com\/en\/wp-json\/wp\/v2\/product_brand?post=17573"},{"taxonomy":"product_cat","embeddable":true,"href":"https:\/\/www.europesstore.com\/en\/wp-json\/wp\/v2\/product_cat?post=17573"},{"taxonomy":"product_tag","embeddable":true,"href":"https:\/\/www.europesstore.com\/en\/wp-json\/wp\/v2\/product_tag?post=17573"}],"curies":[{"name":"wp","href":"https:\/\/api.w.org\/{rel}","templated":true}]}}