{"id":17576,"date":"2026-01-12T16:34:18","date_gmt":"2026-01-12T16:34:18","guid":{"rendered":"https:\/\/www.europesstore.com\/?post_type=product&#038;p=17576"},"modified":"2026-01-12T16:40:33","modified_gmt":"2026-01-12T16:40:33","slug":"eleya-cicek-harmani-elbise-elb100233-cagla","status":"publish","type":"product","link":"https:\/\/www.europesstore.com\/en\/product\/eleya-cicek-harmani-elbise-elb100233-cagla\/","title":{"rendered":"Eleya \u00c7i\u00e7ek Harman\u0131 Elbise ELB100233 &#8211; \u00c7a\u011fla"},"content":{"rendered":"<p data-start=\"181\" data-end=\"518\">Zarif detaylar\u0131 ve yumu\u015fak tonlar\u0131yla g\u00f6z al\u0131c\u0131 bir g\u00f6r\u00fcn\u00fcm sunan <strong data-start=\"247\" data-end=\"269\">Pudra \u00c7i\u00e7ek Elbise<\/strong>, romantik stilin en g\u00fczel yans\u0131mas\u0131. Pudra, somon ve pastel tonlarda floral desenleriyle feminen bir hava katarken, tam boy d\u00fc\u011fmeli yap\u0131s\u0131 elbiseye nostaljik bir dokunu\u015f ekliyor. Rahat kesimi, hafif kuma\u015f\u0131 ve cepli yap\u0131s\u0131yla g\u00fcn boyu konfor sa\u011flar.<\/p>\n<p data-start=\"520\" data-end=\"633\">Dilersen beyaz veya krem tonlar\u0131nda \u015fal ve \u00e7anta ile kombinleyerek sade ama etkileyici bir tarz olu\u015fturabilirsin.<\/p>\n<p class=\"selectable-text copyable-text x15bjb6t x1n2onr6\" dir=\"ltr\"><span class=\"selectable-text copyable-text xkrh14z\">\u00d6l\u00e7\u00fcler, S-M \/ L-XL<\/span><\/p>\n<p class=\"selectable-text copyable-text x15bjb6t x1n2onr6\" dir=\"ltr\"><span class=\"selectable-text copyable-text xkrh14z\">\u00dcst geni\u015flik 106 cm<\/span><\/p>\n<p class=\"selectable-text copyable-text x15bjb6t x1n2onr6\" dir=\"ltr\"><span class=\"selectable-text copyable-text xkrh14z\">Elbise boy 137 cm<\/span><\/p>\n<p class=\"selectable-text copyable-text x15bjb6t x1n2onr6\" dir=\"ltr\"><span class=\"selectable-text copyable-text xkrh14z\">Manken boy 1.70<\/span><\/p>","protected":false},"excerpt":{"rendered":"<p>Zarif detaylar\u0131 ve yumu\u015fak tonlar\u0131yla g\u00f6z al\u0131c\u0131 bir g\u00f6r\u00fcn\u00fcm sunan Pudra \u00c7i\u00e7ek Elbise, romantik stilin en g\u00fczel yans\u0131mas\u0131. Pudra, somon ve pastel tonlarda floral desenleriyle feminen bir hava katarken, tam boy d\u00fc\u011fmeli yap\u0131s\u0131 elbiseye nostaljik bir dokunu\u015f ekliyor. Rahat kesimi, hafif kuma\u015f\u0131 ve cepli yap\u0131s\u0131yla g\u00fcn boyu konfor sa\u011flar. Dilersen beyaz veya krem tonlar\u0131nda \u015fal [&hellip;]<\/p>","protected":false},"featured_media":17649,"comment_status":"open","ping_status":"closed","template":"","meta":[],"product_brand":[],"product_cat":[967,969],"product_tag":[],"class_list":{"0":"post-17576","1":"product","2":"type-product","3":"status-publish","4":"has-post-thumbnail","6":"product_cat-accessories","7":"product_cat-elbise","9":"first","10":"instock","11":"sale","12":"shipping-taxable","13":"purchasable","14":"product-type-variable"},"jetpack_sharing_enabled":true,"_links":{"self":[{"href":"https:\/\/www.europesstore.com\/en\/wp-json\/wp\/v2\/product\/17576","targetHints":{"allow":["GET"]}}],"collection":[{"href":"https:\/\/www.europesstore.com\/en\/wp-json\/wp\/v2\/product"}],"about":[{"href":"https:\/\/www.europesstore.com\/en\/wp-json\/wp\/v2\/types\/product"}],"replies":[{"embeddable":true,"href":"https:\/\/www.europesstore.com\/en\/wp-json\/wp\/v2\/comments?post=17576"}],"wp:featuredmedia":[{"embeddable":true,"href":"https:\/\/www.europesstore.com\/en\/wp-json\/wp\/v2\/media\/17649"}],"wp:attachment":[{"href":"https:\/\/www.europesstore.com\/en\/wp-json\/wp\/v2\/media?parent=17576"}],"wp:term":[{"taxonomy":"product_brand","embeddable":true,"href":"https:\/\/www.europesstore.com\/en\/wp-json\/wp\/v2\/product_brand?post=17576"},{"taxonomy":"product_cat","embeddable":true,"href":"https:\/\/www.europesstore.com\/en\/wp-json\/wp\/v2\/product_cat?post=17576"},{"taxonomy":"product_tag","embeddable":true,"href":"https:\/\/www.europesstore.com\/en\/wp-json\/wp\/v2\/product_tag?post=17576"}],"curies":[{"name":"wp","href":"https:\/\/api.w.org\/{rel}","templated":true}]}}