{"id":17813,"date":"2026-01-12T16:40:52","date_gmt":"2026-01-12T16:40:52","guid":{"rendered":"https:\/\/www.europesstore.com\/?post_type=product&#038;p=17813"},"modified":"2026-01-12T16:45:47","modified_gmt":"2026-01-12T16:45:47","slug":"jade-elbise-l10063-visne","status":"publish","type":"product","link":"https:\/\/www.europesstore.com\/en\/product\/jade-elbise-l10063-visne\/","title":{"rendered":"Jade Elbise L10063 &#8211; Vi\u015fne"},"content":{"rendered":"<p data-start=\"1799\" data-end=\"1944\">Ak\u0131\u015fkan dokusu ve d\u00f6k\u00fcml\u00fc formuyla \u015f\u0131kl\u0131\u011f\u0131 zahmetsizce ta\u015f\u0131yan bu elbise, \u00a0tonunun sofistike sadeli\u011fini yans\u0131t\u0131yor. Geni\u015f kesimli kollar ve bele oturan ince ba\u011fc\u0131k, rahat silueti zarif\u00e7e \u015fekillendiriyor. Kristal ta\u015fl\u0131 bir kolye veya siyah k\u00fc\u00e7\u00fck bir \u00e7anta ile davetlerde \u0131\u015f\u0131ldarken; nude tonlu aksesuarlarla g\u00fcnd\u00fcz \u015f\u0131kl\u0131\u011f\u0131na uyarlanabilir. Minimal \u00e7izgisi sayesinde her stile kolayca uyum sa\u011flayan, zamans\u0131z bir par\u00e7a<\/p>\n<p>Kuma\u015f : \u00a0\u00a0<span style=\"font-family: Poppins, sans-serif; font-size: 12.8px;\"><span style=\"display: inline !important; float: none; font-style: normal; font-weight: 400; letter-spacing: normal; text-align: start; text-indent: 0px; text-transform: none;\">% 100 Tensel Kuma\u015f\u00a0<\/span><\/span><br \/>\n<span style=\"font-family: Poppins, sans-serif; font-size: 12.8px;\"><span style=\"display: inline !important; float: none; font-style: normal; font-weight: 400; letter-spacing: normal; text-align: start; text-indent: 0px; text-transform: none;\">\u201c 4 g\u00fcn i\u00e7inde kargoya verilecektir \u201c<\/span><\/span><br \/>\n<span style=\"font-family: Poppins, sans-serif; font-size: 12.8px;\"><span style=\"display: inline !important; float: none; font-style: normal; font-weight: 400; letter-spacing: normal; text-align: start; text-indent: 0px; text-transform: none;\">Pazartesi g\u00fcn\u00fc kargo \u00e7\u0131k\u0131\u015f\u0131 sa\u011flanacakt\u0131r<\/span><\/span><\/p>\n<p class=\"selectable-text copyable-text x15bjb6t x1n2onr6\" dir=\"ltr\"><span class=\"selectable-text copyable-text xkrh14z\">\u00d6l\u00e7\u00fcler, S-M-L<\/span><\/p>\n<p><strong style=\"font-family: Muli, sans-serif !important;\">\u00a0Kullan\u0131m: G\u00fcnl\u00fck giyim, \u015fehir \u015f\u0131kl\u0131\u011f\u0131, tatil kombinleri<\/strong><\/p>\n<p><span class=\"selectable-text copyable-text xkrh14z\">\u00dcst geni\u015flik 106 cm<\/span><\/p>\n<p class=\"selectable-text copyable-text x15bjb6t x1n2onr6\" dir=\"ltr\"><span class=\"selectable-text copyable-text xkrh14z\">Elbise boy 137 cm<\/span><\/p>\n<p class=\"selectable-text copyable-text x15bjb6t x1n2onr6\" dir=\"ltr\"><span class=\"selectable-text copyable-text xkrh14z\">Manken boy 1.70<\/span><\/p>\n<p>Bak\u0131m Talimat\u0131<\/p>\n<p data-start=\"955\" data-end=\"1101\">30\u202f\u00b0C\u2019de hassas programda ters \u00e7evirerek y\u0131kay\u0131n\u0131z. D\u00fc\u015f\u00fck \u0131s\u0131da buharl\u0131 \u00fct\u00fcleyiniz. A\u011fart\u0131c\u0131 ve tamburlu kurutma kullanmay\u0131n\u0131z; g\u00f6lgede kurutunuz.<\/p>","protected":false},"excerpt":{"rendered":"<p>Ak\u0131\u015fkan dokusu ve d\u00f6k\u00fcml\u00fc formuyla \u015f\u0131kl\u0131\u011f\u0131 zahmetsizce ta\u015f\u0131yan bu elbise, \u00a0tonunun sofistike sadeli\u011fini yans\u0131t\u0131yor. Geni\u015f kesimli kollar ve bele oturan ince ba\u011fc\u0131k, rahat silueti zarif\u00e7e \u015fekillendiriyor. Kristal ta\u015fl\u0131 bir kolye veya siyah k\u00fc\u00e7\u00fck bir \u00e7anta ile davetlerde \u0131\u015f\u0131ldarken; nude tonlu aksesuarlarla g\u00fcnd\u00fcz \u015f\u0131kl\u0131\u011f\u0131na uyarlanabilir. Minimal \u00e7izgisi sayesinde her stile kolayca uyum sa\u011flayan, zamans\u0131z bir par\u00e7a [&hellip;]<\/p>","protected":false},"featured_media":17842,"comment_status":"open","ping_status":"closed","template":"","meta":[],"product_brand":[],"product_cat":[967,969],"product_tag":[],"class_list":{"0":"post-17813","1":"product","2":"type-product","3":"status-publish","4":"has-post-thumbnail","6":"product_cat-accessories","7":"product_cat-elbise","9":"first","10":"outofstock","11":"sale","12":"shipping-taxable","13":"purchasable","14":"product-type-variable"},"jetpack_sharing_enabled":true,"_links":{"self":[{"href":"https:\/\/www.europesstore.com\/en\/wp-json\/wp\/v2\/product\/17813","targetHints":{"allow":["GET"]}}],"collection":[{"href":"https:\/\/www.europesstore.com\/en\/wp-json\/wp\/v2\/product"}],"about":[{"href":"https:\/\/www.europesstore.com\/en\/wp-json\/wp\/v2\/types\/product"}],"replies":[{"embeddable":true,"href":"https:\/\/www.europesstore.com\/en\/wp-json\/wp\/v2\/comments?post=17813"}],"wp:featuredmedia":[{"embeddable":true,"href":"https:\/\/www.europesstore.com\/en\/wp-json\/wp\/v2\/media\/17842"}],"wp:attachment":[{"href":"https:\/\/www.europesstore.com\/en\/wp-json\/wp\/v2\/media?parent=17813"}],"wp:term":[{"taxonomy":"product_brand","embeddable":true,"href":"https:\/\/www.europesstore.com\/en\/wp-json\/wp\/v2\/product_brand?post=17813"},{"taxonomy":"product_cat","embeddable":true,"href":"https:\/\/www.europesstore.com\/en\/wp-json\/wp\/v2\/product_cat?post=17813"},{"taxonomy":"product_tag","embeddable":true,"href":"https:\/\/www.europesstore.com\/en\/wp-json\/wp\/v2\/product_tag?post=17813"}],"curies":[{"name":"wp","href":"https:\/\/api.w.org\/{rel}","templated":true}]}}