{"id":17814,"date":"2026-01-12T16:40:52","date_gmt":"2026-01-12T16:40:52","guid":{"rendered":"https:\/\/www.europesstore.com\/?post_type=product&#038;p=17814"},"modified":"2026-01-12T16:41:09","modified_gmt":"2026-01-12T16:41:09","slug":"oversize-omuz-detay-trenckot-ds100235-fume","status":"publish","type":"product","link":"https:\/\/www.europesstore.com\/en\/product\/oversize-omuz-detay-trenckot-ds100235-fume\/","title":{"rendered":"Oversize Omuz Detay  Tren\u00e7kot D\u015e100235 &#8211; F\u00fcme"},"content":{"rendered":"<div style=\";--tw-border-opacity: 1; ;--tw-ring-offset-shadow: 0 0 #0000; --tw-ring-shadow: 0 0 #0000; --tw-rotate: 0; ;--tw-scale-x: 1; --tw-scale-y: 1; ;--tw-shadow: 0 0 #0000; --tw-skew-x: 0; --tw-skew-y: 0; --tw-translate-x: 0; --tw-translate-y: 0; , arial, sans-serif;font-size: 13px; font-style: normal; font-weight: 400; letter-spacing: normal; margin: 0px; padding: 0px; text-align: start; text-indent: 0px; text-transform: none;\">Modern ve \u015fehirli bir \u015f\u0131kl\u0131k sunan oversize tren\u00e7kot, d\u00fc\u015f\u00fck omuz kesimi ve geni\u015f yaka detay\u0131yla g\u00fc\u00e7l\u00fc bir sil\u00fcet olu\u015fturur. Rahat kesimi sayesinde g\u00fcnl\u00fck kombinlerden ofis stiline kadar her ortama uyum sa\u011flar.<\/div>\n<div style=\";--tw-border-opacity: 1; ;--tw-ring-offset-shadow: 0 0 #0000; --tw-ring-shadow: 0 0 #0000; --tw-rotate: 0; ;--tw-scale-x: 1; --tw-scale-y: 1; ;--tw-shadow: 0 0 #0000; --tw-skew-x: 0; --tw-skew-y: 0; --tw-translate-x: 0; --tw-translate-y: 0; , arial, sans-serif;font-size: 13px; font-style: normal; font-weight: 400; letter-spacing: normal; margin: 0px; padding: 0px; text-align: start; text-indent: 0px; text-transform: none;\"><\/div>\n<div style=\";--tw-border-opacity: 1; ;--tw-ring-offset-shadow: 0 0 #0000; --tw-ring-shadow: 0 0 #0000; --tw-rotate: 0; ;--tw-scale-x: 1; --tw-scale-y: 1; ;--tw-shadow: 0 0 #0000; --tw-skew-x: 0; --tw-skew-y: 0; --tw-translate-x: 0; --tw-translate-y: 0; , arial, sans-serif;font-size: 13px; font-style: normal; font-weight: 400; letter-spacing: normal; margin: 0px; padding: 0px; text-align: start; text-indent: 0px; text-transform: none;\">\u2022 Oversize kal\u0131p<\/div>\n<div style=\";--tw-border-opacity: 1; ;--tw-ring-offset-shadow: 0 0 #0000; --tw-ring-shadow: 0 0 #0000; --tw-rotate: 0; ;--tw-scale-x: 1; --tw-scale-y: 1; ;--tw-shadow: 0 0 #0000; --tw-skew-x: 0; --tw-skew-y: 0; --tw-translate-x: 0; --tw-translate-y: 0; , arial, sans-serif;font-size: 13px; font-style: normal; font-weight: 400; letter-spacing: normal; margin: 0px; padding: 0px; text-align: start; text-indent: 0px; text-transform: none;\">\u2022 D\u00fc\u015f\u00fck omuz detay\u0131<\/div>\n<div style=\";--tw-border-opacity: 1; ;--tw-ring-offset-shadow: 0 0 #0000; --tw-ring-shadow: 0 0 #0000; --tw-rotate: 0; ;--tw-scale-x: 1; --tw-scale-y: 1; ;--tw-shadow: 0 0 #0000; --tw-skew-x: 0; --tw-skew-y: 0; --tw-translate-x: 0; --tw-translate-y: 0; , arial, sans-serif;font-size: 13px; font-style: normal; font-weight: 400; letter-spacing: normal; margin: 0px; padding: 0px; text-align: start; text-indent: 0px; text-transform: none;\">\u2022 Geni\u015f yaka ve d\u00fc\u011fme detayl\u0131 tasar\u0131m<\/div>\n<div style=\";--tw-border-opacity: 1; ;--tw-ring-offset-shadow: 0 0 #0000; --tw-ring-shadow: 0 0 #0000; --tw-rotate: 0; ;--tw-scale-x: 1; --tw-scale-y: 1; ;--tw-shadow: 0 0 #0000; --tw-skew-x: 0; --tw-skew-y: 0; --tw-translate-x: 0; --tw-translate-y: 0; , arial, sans-serif;font-size: 13px; font-style: normal; font-weight: 400; letter-spacing: normal; margin: 0px; padding: 0px; text-align: start; text-indent: 0px; text-transform: none;\">\u2022 Hem spor hem \u015f\u0131k kombinlerle kullan\u0131labilir.<\/div>\n<div style=\";--tw-border-opacity: 1; ;--tw-ring-offset-shadow: 0 0 #0000; --tw-ring-shadow: 0 0 #0000; --tw-rotate: 0; ;--tw-scale-x: 1; --tw-scale-y: 1; ;--tw-shadow: 0 0 #0000; --tw-skew-x: 0; --tw-skew-y: 0; --tw-translate-x: 0; --tw-translate-y: 0; , arial, sans-serif;font-size: 13px; font-style: normal; font-weight: 400; letter-spacing: normal; margin: 0px; padding: 0px; text-align: start; text-indent: 0px; text-transform: none;\">Standart bedendir.<\/div>\n<div style=\";--tw-border-opacity: 1; ;--tw-ring-offset-shadow: 0 0 #0000; --tw-ring-shadow: 0 0 #0000; --tw-rotate: 0; ;--tw-scale-x: 1; --tw-scale-y: 1; ;--tw-shadow: 0 0 #0000; --tw-skew-x: 0; --tw-skew-y: 0; --tw-translate-x: 0; --tw-translate-y: 0; , arial, sans-serif;font-size: 13px; font-style: normal; font-weight: 400; letter-spacing: normal; margin: 0px; padding: 0px; text-align: start; text-indent: 0px; text-transform: none;\">Astarl\u0131d\u0131r.<\/div>\n<div style=\";--tw-border-opacity: 1; ;--tw-ring-offset-shadow: 0 0 #0000; --tw-ring-shadow: 0 0 #0000; --tw-rotate: 0; ;--tw-scale-x: 1; --tw-scale-y: 1; ;--tw-shadow: 0 0 #0000; --tw-skew-x: 0; --tw-skew-y: 0; --tw-translate-x: 0; --tw-translate-y: 0; , arial, sans-serif;font-size: 13px; font-style: normal; font-weight: 400; letter-spacing: normal; margin: 0px; padding: 0px; text-align: start; text-indent: 0px; text-transform: none;\">Boyu 74cm&#8217;dir.<\/div>","protected":false},"excerpt":{"rendered":"<p>Modern ve \u015fehirli bir \u015f\u0131kl\u0131k sunan oversize tren\u00e7kot, d\u00fc\u015f\u00fck omuz kesimi ve geni\u015f yaka detay\u0131yla g\u00fc\u00e7l\u00fc bir sil\u00fcet olu\u015fturur. Rahat kesimi sayesinde g\u00fcnl\u00fck kombinlerden ofis stiline kadar her ortama uyum sa\u011flar. \u2022 Oversize kal\u0131p \u2022 D\u00fc\u015f\u00fck omuz detay\u0131 \u2022 Geni\u015f yaka ve d\u00fc\u011fme detayl\u0131 tasar\u0131m \u2022 Hem spor hem \u015f\u0131k kombinlerle kullan\u0131labilir. Standart bedendir. Astarl\u0131d\u0131r. [&hellip;]<\/p>","protected":false},"featured_media":17843,"comment_status":"open","ping_status":"closed","template":"","meta":[],"product_brand":[],"product_cat":[967,995],"product_tag":[],"class_list":{"0":"post-17814","1":"product","2":"type-product","3":"status-publish","4":"has-post-thumbnail","6":"product_cat-accessories","7":"product_cat-trenckot","9":"first","10":"instock","11":"sale","12":"shipping-taxable","13":"purchasable","14":"product-type-simple"},"jetpack_sharing_enabled":true,"_links":{"self":[{"href":"https:\/\/www.europesstore.com\/en\/wp-json\/wp\/v2\/product\/17814","targetHints":{"allow":["GET"]}}],"collection":[{"href":"https:\/\/www.europesstore.com\/en\/wp-json\/wp\/v2\/product"}],"about":[{"href":"https:\/\/www.europesstore.com\/en\/wp-json\/wp\/v2\/types\/product"}],"replies":[{"embeddable":true,"href":"https:\/\/www.europesstore.com\/en\/wp-json\/wp\/v2\/comments?post=17814"}],"wp:featuredmedia":[{"embeddable":true,"href":"https:\/\/www.europesstore.com\/en\/wp-json\/wp\/v2\/media\/17843"}],"wp:attachment":[{"href":"https:\/\/www.europesstore.com\/en\/wp-json\/wp\/v2\/media?parent=17814"}],"wp:term":[{"taxonomy":"product_brand","embeddable":true,"href":"https:\/\/www.europesstore.com\/en\/wp-json\/wp\/v2\/product_brand?post=17814"},{"taxonomy":"product_cat","embeddable":true,"href":"https:\/\/www.europesstore.com\/en\/wp-json\/wp\/v2\/product_cat?post=17814"},{"taxonomy":"product_tag","embeddable":true,"href":"https:\/\/www.europesstore.com\/en\/wp-json\/wp\/v2\/product_tag?post=17814"}],"curies":[{"name":"wp","href":"https:\/\/api.w.org\/{rel}","templated":true}]}}