{"id":17824,"date":"2026-01-12T16:40:54","date_gmt":"2026-01-12T16:40:54","guid":{"rendered":"https:\/\/www.europesstore.com\/?post_type=product&#038;p=17824"},"modified":"2026-01-12T16:45:47","modified_gmt":"2026-01-12T16:45:47","slug":"zara-bomber-trenckot-ds100237-siyah","status":"publish","type":"product","link":"https:\/\/www.europesstore.com\/en\/product\/zara-bomber-trenckot-ds100237-siyah\/","title":{"rendered":"Zara Bomber Tren\u00e7kot  D\u015e100237 &#8211; Siyah"},"content":{"rendered":"<div style=\";--tw-border-opacity: 1; ;--tw-ring-offset-shadow: 0 0 #0000; --tw-ring-shadow: 0 0 #0000; --tw-rotate: 0; ;--tw-scale-x: 1; --tw-scale-y: 1; ;--tw-shadow: 0 0 #0000; --tw-skew-x: 0; --tw-skew-y: 0; --tw-translate-x: 0; --tw-translate-y: 0; , arial, sans-serif;font-size: 13px; font-style: normal; font-weight: 400; letter-spacing: normal; margin: 0px; padding: 0px; text-align: start; text-indent: 0px; text-transform: none;\"><b style=\";--tw-border-opacity: 1; ;--tw-ring-offset-shadow: 0 0 #0000; --tw-ring-shadow: 0 0 #0000; --tw-rotate: 0; ;--tw-scale-x: 1; --tw-scale-y: 1; ;--tw-shadow: 0 0 #0000; --tw-skew-x: 0; --tw-skew-y: 0; --tw-translate-x: 0; --tw-translate-y: 0; font-weight: bolder; margin: 0px; padding: 0px;\"><strong>Mevsim ge\u00e7i\u015flerinin vazge\u00e7ilmezi: hafif dokusu, sade kesimi ve zamans\u0131z bej tonuyla bu ceket tam bir stil kurtar\u0131c\u0131s\u0131.<\/strong><\/b><\/div>\n<div style=\";--tw-border-opacity: 1; ;--tw-ring-offset-shadow: 0 0 #0000; --tw-ring-shadow: 0 0 #0000; --tw-rotate: 0; ;--tw-scale-x: 1; --tw-scale-y: 1; ;--tw-shadow: 0 0 #0000; --tw-skew-x: 0; --tw-skew-y: 0; --tw-translate-x: 0; --tw-translate-y: 0; , arial, sans-serif;font-size: 13px; font-style: normal; font-weight: 400; letter-spacing: normal; margin: 0px; padding: 0px; text-align: start; text-indent: 0px; text-transform: none;\">Hem g\u00fcnl\u00fck kombinlerinizde hem de \u00f6zel davetlerde rahatl\u0131kla kullanabilece\u011finiz \u015f\u0131k ve fonksiyonel bir par\u00e7a. &#x1f33f;<\/div>\n<div style=\";--tw-border-opacity: 1; ;--tw-ring-offset-shadow: 0 0 #0000; --tw-ring-shadow: 0 0 #0000; --tw-rotate: 0; ;--tw-scale-x: 1; --tw-scale-y: 1; ;--tw-shadow: 0 0 #0000; --tw-skew-x: 0; --tw-skew-y: 0; --tw-translate-x: 0; --tw-translate-y: 0; , arial, sans-serif;font-size: 13px; font-style: normal; font-weight: 400; letter-spacing: normal; margin: 0px; padding: 0px; text-align: start; text-indent: 0px; text-transform: none;\"><\/div>\n<div style=\";--tw-border-opacity: 1; ;--tw-ring-offset-shadow: 0 0 #0000; --tw-ring-shadow: 0 0 #0000; --tw-rotate: 0; ;--tw-scale-x: 1; --tw-scale-y: 1; ;--tw-shadow: 0 0 #0000; --tw-skew-x: 0; --tw-skew-y: 0; --tw-translate-x: 0; --tw-translate-y: 0; , arial, sans-serif;font-size: 13px; font-style: normal; font-weight: 400; letter-spacing: normal; margin: 0px; padding: 0px; text-align: start; text-indent: 0px; text-transform: none;\">&#x2714; \u015e\u0131k duru\u015f<\/div>\n<div style=\";--tw-border-opacity: 1; ;--tw-ring-offset-shadow: 0 0 #0000; --tw-ring-shadow: 0 0 #0000; --tw-rotate: 0; ;--tw-scale-x: 1; --tw-scale-y: 1; ;--tw-shadow: 0 0 #0000; --tw-skew-x: 0; --tw-skew-y: 0; --tw-translate-x: 0; --tw-translate-y: 0; , arial, sans-serif;font-size: 13px; font-style: normal; font-weight: 400; letter-spacing: normal; margin: 0px; padding: 0px; text-align: start; text-indent: 0px; text-transform: none;\">&#x2714; Rahat kal\u0131p<\/div>\n<div style=\";--tw-border-opacity: 1; ;--tw-ring-offset-shadow: 0 0 #0000; --tw-ring-shadow: 0 0 #0000; --tw-rotate: 0; ;--tw-scale-x: 1; --tw-scale-y: 1; ;--tw-shadow: 0 0 #0000; --tw-skew-x: 0; --tw-skew-y: 0; --tw-translate-x: 0; --tw-translate-y: 0; , arial, sans-serif;font-size: 13px; font-style: normal; font-weight: 400; letter-spacing: normal; margin: 0px; padding: 0px; text-align: start; text-indent: 0px; text-transform: none;\">&#x2714; Her kombine uyumlu<\/div>\n<div style=\";--tw-border-opacity: 1; ;--tw-ring-offset-shadow: 0 0 #0000; --tw-ring-shadow: 0 0 #0000; --tw-rotate: 0; ;--tw-scale-x: 1; --tw-scale-y: 1; ;--tw-shadow: 0 0 #0000; --tw-skew-x: 0; --tw-skew-y: 0; --tw-translate-x: 0; --tw-translate-y: 0; , arial, sans-serif;font-size: 13px; font-style: normal; font-weight: 400; letter-spacing: normal; margin: 0px; padding: 0px; text-align: start; text-indent: 0px; text-transform: none;\">1 beden :36\/38<br \/>\n2 beden :40\/42 uyumlu<\/div>\n<div style=\";--tw-border-opacity: 1; ;--tw-ring-offset-shadow: 0 0 #0000; --tw-ring-shadow: 0 0 #0000; --tw-rotate: 0; ;--tw-scale-x: 1; --tw-scale-y: 1; ;--tw-shadow: 0 0 #0000; --tw-skew-x: 0; --tw-skew-y: 0; --tw-translate-x: 0; --tw-translate-y: 0; , arial, sans-serif;font-size: 13px; font-style: normal; font-weight: 400; letter-spacing: normal; margin: 0px; padding: 0px; text-align: start; text-indent: 0px; text-transform: none;\">Boyu 65 cm&#8217;dir.<\/div>","protected":false},"excerpt":{"rendered":"<p>Mevsim ge\u00e7i\u015flerinin vazge\u00e7ilmezi: hafif dokusu, sade kesimi ve zamans\u0131z bej tonuyla bu ceket tam bir stil kurtar\u0131c\u0131s\u0131. Hem g\u00fcnl\u00fck kombinlerinizde hem de \u00f6zel davetlerde rahatl\u0131kla kullanabilece\u011finiz \u015f\u0131k ve fonksiyonel bir par\u00e7a. &#x1f33f; &#x2714; \u015e\u0131k duru\u015f &#x2714; Rahat kal\u0131p &#x2714; Her kombine uyumlu 1 beden :36\/38 2 beden :40\/42 uyumlu Boyu 65 cm&#8217;dir.<\/p>","protected":false},"featured_media":17871,"comment_status":"open","ping_status":"closed","template":"","meta":[],"product_brand":[],"product_cat":[967,995],"product_tag":[],"class_list":{"0":"post-17824","1":"product","2":"type-product","3":"status-publish","4":"has-post-thumbnail","6":"product_cat-accessories","7":"product_cat-trenckot","9":"first","10":"outofstock","11":"sale","12":"shipping-taxable","13":"purchasable","14":"product-type-variable"},"jetpack_sharing_enabled":true,"_links":{"self":[{"href":"https:\/\/www.europesstore.com\/en\/wp-json\/wp\/v2\/product\/17824","targetHints":{"allow":["GET"]}}],"collection":[{"href":"https:\/\/www.europesstore.com\/en\/wp-json\/wp\/v2\/product"}],"about":[{"href":"https:\/\/www.europesstore.com\/en\/wp-json\/wp\/v2\/types\/product"}],"replies":[{"embeddable":true,"href":"https:\/\/www.europesstore.com\/en\/wp-json\/wp\/v2\/comments?post=17824"}],"wp:featuredmedia":[{"embeddable":true,"href":"https:\/\/www.europesstore.com\/en\/wp-json\/wp\/v2\/media\/17871"}],"wp:attachment":[{"href":"https:\/\/www.europesstore.com\/en\/wp-json\/wp\/v2\/media?parent=17824"}],"wp:term":[{"taxonomy":"product_brand","embeddable":true,"href":"https:\/\/www.europesstore.com\/en\/wp-json\/wp\/v2\/product_brand?post=17824"},{"taxonomy":"product_cat","embeddable":true,"href":"https:\/\/www.europesstore.com\/en\/wp-json\/wp\/v2\/product_cat?post=17824"},{"taxonomy":"product_tag","embeddable":true,"href":"https:\/\/www.europesstore.com\/en\/wp-json\/wp\/v2\/product_tag?post=17824"}],"curies":[{"name":"wp","href":"https:\/\/api.w.org\/{rel}","templated":true}]}}