{"id":17826,"date":"2026-01-12T16:40:54","date_gmt":"2026-01-12T16:40:54","guid":{"rendered":"https:\/\/www.europesstore.com\/?post_type=product&#038;p=17826"},"modified":"2026-01-12T16:45:47","modified_gmt":"2026-01-12T16:45:47","slug":"saten-bomber-ceket-pantolon-ikili-takim-tk100238-vizon","status":"publish","type":"product","link":"https:\/\/www.europesstore.com\/en\/product\/saten-bomber-ceket-pantolon-ikili-takim-tk100238-vizon\/","title":{"rendered":"Saten Bomber Ceket Pantolon \u0130kili Tak\u0131m TK100238  &#8211; Vizon"},"content":{"rendered":"<p>Saten kuma\u015ft\u0131r &#8211; Pantolon beli lastiklidir ayarlanabilir &#8211; Astars\u0131zd\u0131r &#8211;<\/p>\n<p>\u00dcr\u00fcn \u00d6l\u00e7\u00fcleri<\/p>\n<p>S-M-L beden uyumludur &#8211; \u00fcst \u00f6n boyu 57 cm &#8211; \u00fcst arka boy 68 cm &#8211; pantolon boy 100 cm<\/p>\n<p>Model 1.66 cm 60 kg S beden tercih edildi<\/p>\n<p>&nbsp;<\/p>\n<p>\u00dcst Boy : 80 cm<br \/>\nAlt Boy : 105 cm<\/p>","protected":false},"excerpt":{"rendered":"<p>Saten kuma\u015ft\u0131r &#8211; Pantolon beli lastiklidir ayarlanabilir &#8211; Astars\u0131zd\u0131r &#8211; \u00dcr\u00fcn \u00d6l\u00e7\u00fcleri S-M-L beden uyumludur &#8211; \u00fcst \u00f6n boyu 57 cm &#8211; \u00fcst arka boy 68 cm &#8211; pantolon boy 100 cm Model 1.66 cm 60 kg S beden tercih edildi &nbsp; \u00dcst Boy : 80 cm Alt Boy : 105 cm<\/p>","protected":false},"featured_media":17879,"comment_status":"open","ping_status":"closed","template":"","meta":[],"product_brand":[],"product_cat":[967,970],"product_tag":[],"class_list":{"0":"post-17826","1":"product","2":"type-product","3":"status-publish","4":"has-post-thumbnail","6":"product_cat-accessories","7":"product_cat-takim","9":"first","10":"outofstock","11":"sale","12":"shipping-taxable","13":"purchasable","14":"product-type-variable"},"jetpack_sharing_enabled":true,"_links":{"self":[{"href":"https:\/\/www.europesstore.com\/en\/wp-json\/wp\/v2\/product\/17826","targetHints":{"allow":["GET"]}}],"collection":[{"href":"https:\/\/www.europesstore.com\/en\/wp-json\/wp\/v2\/product"}],"about":[{"href":"https:\/\/www.europesstore.com\/en\/wp-json\/wp\/v2\/types\/product"}],"replies":[{"embeddable":true,"href":"https:\/\/www.europesstore.com\/en\/wp-json\/wp\/v2\/comments?post=17826"}],"wp:featuredmedia":[{"embeddable":true,"href":"https:\/\/www.europesstore.com\/en\/wp-json\/wp\/v2\/media\/17879"}],"wp:attachment":[{"href":"https:\/\/www.europesstore.com\/en\/wp-json\/wp\/v2\/media?parent=17826"}],"wp:term":[{"taxonomy":"product_brand","embeddable":true,"href":"https:\/\/www.europesstore.com\/en\/wp-json\/wp\/v2\/product_brand?post=17826"},{"taxonomy":"product_cat","embeddable":true,"href":"https:\/\/www.europesstore.com\/en\/wp-json\/wp\/v2\/product_cat?post=17826"},{"taxonomy":"product_tag","embeddable":true,"href":"https:\/\/www.europesstore.com\/en\/wp-json\/wp\/v2\/product_tag?post=17826"}],"curies":[{"name":"wp","href":"https:\/\/api.w.org\/{rel}","templated":true}]}}